{"id":419325,"date":"2023-05-09T17:25:02","date_gmt":"2023-05-09T15:25:02","guid":{"rendered":"https:\/\/www.claret.cat\/llibre\/londres-de-cerca-7-9788408258513\/"},"modified":"2024-08-27T13:55:09","modified_gmt":"2024-08-27T11:55:09","slug":"londres-de-cerca-7-9788408258513","status":"publish","type":"product","link":"https:\/\/www.claret.cat\/es\/libro\/londres-de-cerca-7-9788408258513\/","title":{"rendered":"LONDRES DE CERCA 7"},"content":{"rendered":"<p>Preparada para recibir a todos, Londres es la ciudad ideal para perderse. Con sus imponentes arquitecturas convertidas en museos y las fascinantes colecciones que albergan en su interior, el viajero podr\u00e1 hacer un viaje a trav\u00e9s de la historia del arte o conocer algunos de los majestuosos lugares pertenecientes a la realeza desde hace siglos. Conjugando a la perfecci\u00f3n su esencia brit\u00e1nica y su car\u00e1cter tremendamente cosmopolita, Londres atrae a personas de todo el mundo dispuestas a disfrutar de su atm\u00f3sfera despreocupada y \u00fanica.<\/p>\n","protected":false},"excerpt":{"rendered":"<p>FILOU, EMILIE \/ WABY, TASMIN<\/p>\n","protected":false},"featured_media":419326,"template":"","meta":{"_acf_changed":false,"om_disable_all_campaigns":false,"rs_blank_template":"","rs_page_bg_color":"","slide_template_v7":"","inline_featured_image":false,"_monsterinsights_skip_tracking":false,"_monsterinsights_sitenote_active":false,"_monsterinsights_sitenote_note":"","_monsterinsights_sitenote_category":0},"product_brand":[],"product_cat":[557,107],"product_tag":[],"class_list":{"0":"post-419325","1":"product","2":"type-product","3":"status-publish","4":"has-post-thumbnail","6":"product_cat-guias-de-viaje","7":"product_cat-guies-de-viatge","9":"first","10":"instock","11":"taxable","12":"shipping-taxable","13":"purchasable","14":"product-type-simple"},"acf":{"autor":"FILOU, EMILIE \/ WABY, TASMIN","codart":"840825851","libros-coleccion":"GEO PLANETA LONELY PLANET","ediciones":"1","encuadernacion":"R\u00fastica","fecha_de_publicacion":"01\/05\/2023","novedad":"1","paginas":"224","subtitulo":"","orden":"0","portada":"0","idioma":"spa","editorial":[{"ID":6233,"post_author":"3","post_date":"2022-07-28 17:47:48","post_date_gmt":"2022-07-28 15:47:48","post_content":"","post_title":"EDITORIAL PLANETA","post_excerpt":"","post_status":"publish","comment_status":"closed","ping_status":"closed","post_password":"","post_name":"editorial-planeta","to_ping":"","pinged":"","post_modified":"2022-07-28 17:47:48","post_modified_gmt":"2022-07-28 15:47:48","post_content_filtered":"","post_parent":0,"guid":"http:\/\/dev.claret.cat\/editorial\/editorial-planeta\/","menu_order":0,"post_type":"editorial","post_mime_type":"","comment_count":"0","filter":"raw"}],"autores-libros":[{"ID":154973,"post_author":"3","post_date":"2022-10-14 15:09:09","post_date_gmt":"2022-10-14 13:09:09","post_content":"","post_title":"EMILIE FILOU","post_excerpt":"","post_status":"publish","comment_status":"closed","ping_status":"closed","post_password":"","post_name":"emilie-filou","to_ping":"","pinged":"","post_modified":"2022-10-14 15:09:09","post_modified_gmt":"2022-10-14 13:09:09","post_content_filtered":"","post_parent":0,"guid":"http:\/\/dev.claret.cat\/autor\/emilie-filou\/","menu_order":0,"post_type":"autor","post_mime_type":"","comment_count":"0","filter":"raw"},{"ID":419458,"post_author":"3","post_date":"2023-05-09 19:30:14","post_date_gmt":"2023-05-09 17:30:14","post_content":"","post_title":"TASMIN WABY","post_excerpt":"","post_status":"publish","comment_status":"closed","ping_status":"closed","post_password":"","post_name":"tasmin-waby","to_ping":"","pinged":"","post_modified":"2023-05-09 19:30:14","post_modified_gmt":"2023-05-09 17:30:14","post_content_filtered":"","post_parent":0,"guid":"https:\/\/www.claret.cat\/autor\/tasmin-waby\/","menu_order":0,"post_type":"autor","post_mime_type":"","comment_count":"0","filter":"raw"}]},"aioseo_notices":[],"_links":{"self":[{"href":"https:\/\/www.claret.cat\/es\/wp-json\/wp\/v2\/product\/419325","targetHints":{"allow":["GET"]}}],"collection":[{"href":"https:\/\/www.claret.cat\/es\/wp-json\/wp\/v2\/product"}],"about":[{"href":"https:\/\/www.claret.cat\/es\/wp-json\/wp\/v2\/types\/product"}],"wp:featuredmedia":[{"embeddable":true,"href":"https:\/\/www.claret.cat\/es\/wp-json\/wp\/v2\/media\/419326"}],"wp:attachment":[{"href":"https:\/\/www.claret.cat\/es\/wp-json\/wp\/v2\/media?parent=419325"}],"wp:term":[{"taxonomy":"product_brand","embeddable":true,"href":"https:\/\/www.claret.cat\/es\/wp-json\/wp\/v2\/product_brand?post=419325"},{"taxonomy":"product_cat","embeddable":true,"href":"https:\/\/www.claret.cat\/es\/wp-json\/wp\/v2\/product_cat?post=419325"},{"taxonomy":"product_tag","embeddable":true,"href":"https:\/\/www.claret.cat\/es\/wp-json\/wp\/v2\/product_tag?post=419325"}],"curies":[{"name":"wp","href":"https:\/\/api.w.org\/{rel}","templated":true}]}}