{"id":419341,"date":"2023-05-09T17:35:13","date_gmt":"2023-05-09T15:35:13","guid":{"rendered":"https:\/\/www.claret.cat\/llibre\/las-dos-vidas-de-mina-indigo-9788408271734\/"},"modified":"2023-10-11T02:51:45","modified_gmt":"2023-10-11T00:51:45","slug":"las-dos-vidas-de-mina-indigo-9788408271734","status":"publish","type":"product","link":"https:\/\/www.claret.cat\/es\/libro\/las-dos-vidas-de-mina-indigo-9788408271734\/","title":{"rendered":"LAS DOS VIDAS DE MINA \u00cdNDIGO"},"content":{"rendered":"<p>Mina \u00cdndigo es la m\u00e9dium m\u00e1s solicitada de Barcelona. En su palacete del c\u00e9ntrico pasaje de Permanyer organiza sesiones espiritistas para ricas damas de la alta sociedad, pero, en realidad, es una experta investigadora que usa sus contactos para obtener informaci\u00f3n comprometedora de sus clientes.<br \/> En la Barcelona de 1888, a las puertas de la celebraci\u00f3n de la Exposici\u00f3n Universal, Mina y y el nuevo pat\u00f3logo forense, el brit\u00e1nico doctor Ellis, se ver\u00e1n implicados en un asesinato que conmocionar\u00e1 a la ciudad.<br \/> Tendr\u00e1n que resolver el crimen, movi\u00e9ndose entre lujosas fiestas en el Liceo y las calles m\u00e1s tortuosas del Raval, antes de que el esc\u00e1ndalo y la sangre salpiquen las calles, mientras entre ellos surge una pasi\u00f3n inesperada.<br \/> De la mano de unos personajes fascinantes y con la prosa magn\u00e9tica que la caracteriza, Alaitz Leceaga nos adentra en un lugar y momento hist\u00f3rico apasionantes, germen de lo que llegar\u00e1 a ser el siglo xx.<br \/> \u00abS\u00e9 por experiencia propia, Ellis, que los fantasmas nos siguen all\u00e1 adonde vamos. Si quieres, puedo ayudarte con los tuyos\u00bb.<\/p>\n","protected":false},"excerpt":{"rendered":"<p>LECEAGA, ALAITZ<\/p>\n","protected":false},"featured_media":419342,"template":"","meta":{"_acf_changed":false,"om_disable_all_campaigns":false,"rs_blank_template":"","rs_page_bg_color":"","slide_template_v7":"","inline_featured_image":false,"_monsterinsights_skip_tracking":false,"_monsterinsights_sitenote_active":false,"_monsterinsights_sitenote_note":"","_monsterinsights_sitenote_category":0},"product_brand":[],"product_cat":[127,357],"product_tag":[],"class_list":{"0":"post-419341","1":"product","2":"type-product","3":"status-publish","4":"has-post-thumbnail","6":"product_cat-novella-contemporania","7":"product_cat-novela-contemporanea","9":"first","10":"instock","11":"taxable","12":"shipping-taxable","13":"purchasable","14":"product-type-simple"},"acf":{"autor":"LECEAGA, ALAITZ","codart":"840827173","libros-coleccion":"Autores Espa\u00f1oles e Iberoamericanos","ediciones":"1","encuadernacion":"Carton\u00e9","fecha_de_publicacion":"01\/05\/2023","novedad":"1","paginas":"672","subtitulo":"","orden":"0","portada":"0","idioma":"spa","editorial":[{"ID":6233,"post_author":"3","post_date":"2022-07-28 17:47:48","post_date_gmt":"2022-07-28 15:47:48","post_content":"","post_title":"EDITORIAL PLANETA","post_excerpt":"","post_status":"publish","comment_status":"closed","ping_status":"closed","post_password":"","post_name":"editorial-planeta","to_ping":"","pinged":"","post_modified":"2022-07-28 17:47:48","post_modified_gmt":"2022-07-28 15:47:48","post_content_filtered":"","post_parent":0,"guid":"http:\/\/dev.claret.cat\/editorial\/editorial-planeta\/","menu_order":0,"post_type":"editorial","post_mime_type":"","comment_count":"0","filter":"raw"}],"autores-libros":[{"ID":149349,"post_author":"3","post_date":"2022-10-14 14:24:09","post_date_gmt":"2022-10-14 12:24:09","post_content":"","post_title":"ALAITZ LECEAGA","post_excerpt":"","post_status":"publish","comment_status":"closed","ping_status":"closed","post_password":"","post_name":"alaitz-leceaga","to_ping":"","pinged":"","post_modified":"2022-10-14 14:24:09","post_modified_gmt":"2022-10-14 12:24:09","post_content_filtered":"","post_parent":0,"guid":"http:\/\/dev.claret.cat\/autor\/alaitz-leceaga\/","menu_order":0,"post_type":"autor","post_mime_type":"","comment_count":"0","filter":"raw"}]},"aioseo_notices":[],"_links":{"self":[{"href":"https:\/\/www.claret.cat\/es\/wp-json\/wp\/v2\/product\/419341","targetHints":{"allow":["GET"]}}],"collection":[{"href":"https:\/\/www.claret.cat\/es\/wp-json\/wp\/v2\/product"}],"about":[{"href":"https:\/\/www.claret.cat\/es\/wp-json\/wp\/v2\/types\/product"}],"wp:featuredmedia":[{"embeddable":true,"href":"https:\/\/www.claret.cat\/es\/wp-json\/wp\/v2\/media\/419342"}],"wp:attachment":[{"href":"https:\/\/www.claret.cat\/es\/wp-json\/wp\/v2\/media?parent=419341"}],"wp:term":[{"taxonomy":"product_brand","embeddable":true,"href":"https:\/\/www.claret.cat\/es\/wp-json\/wp\/v2\/product_brand?post=419341"},{"taxonomy":"product_cat","embeddable":true,"href":"https:\/\/www.claret.cat\/es\/wp-json\/wp\/v2\/product_cat?post=419341"},{"taxonomy":"product_tag","embeddable":true,"href":"https:\/\/www.claret.cat\/es\/wp-json\/wp\/v2\/product_tag?post=419341"}],"curies":[{"name":"wp","href":"https:\/\/api.w.org\/{rel}","templated":true}]}}