{"id":419455,"date":"2023-05-09T19:25:11","date_gmt":"2023-05-09T17:25:11","guid":{"rendered":"https:\/\/www.claret.cat\/llibre\/el-camino-del-fuego-9788423363308\/"},"modified":"2023-10-11T02:50:28","modified_gmt":"2023-10-11T00:50:28","slug":"el-camino-del-fuego-9788423363308","status":"publish","type":"product","link":"https:\/\/www.claret.cat\/es\/libro\/el-camino-del-fuego-9788423363308\/","title":{"rendered":"EL CAMINO DEL FUEGO"},"content":{"rendered":"<p>Mar\u00eda Oru\u00f1a, el nuevo fen\u00f3meno de la novela negra.<br \/> M\u00e1s de 800.000 lectores<br \/> La teniente Valentina Redondo y su compa\u00f1ero Oliver deciden viajar a Escocia para visitar a la familia de este. Su padre, Arthur Gordon, est\u00e1 empe\u00f1ado en recuperar parte del patrimonio y de la historia de sus antepasados y ha adquirido el castillo de Huntly, en las Highlands, que hab\u00eda pertenecido a su familia hasta el siglo XVII. Durante la rehabilitaci\u00f3n del edificio encuentra un despacho que llevaba oculto doscientos a\u00f1os y en \u00e9l, documentos que revelan que las memorias de Lord Byron \u2014supuestamente quemadas a comienzos del siglo XIX\u2014 pueden hallarse all\u00ed. Pronto correr\u00e1 la voz del hallazgo y tanto la prensa como varias personas allegadas a la familia se acercar\u00e1n a ellos. Sin embargo, la aparici\u00f3n de un hombre muerto en el castillo har\u00e1 que Oliver y Valentina se sumerjan en una investigaci\u00f3n que los llevar\u00e1 a adentrarse en la Escocia del pasado y que cambiar\u00e1 el destino de los Gordon e incluso la propia historia.<br \/> Al tiempo, viajaremos al siglo XIX y descubriremos c\u00f3mo Jule Berlioz \u2014un modesto librero\u2014 y Mary Macleod \u2014una joven de familia acomodada\u2014 entrecruzan sus pasos en un camino literario y prohibido en el que el crimen lo salpicar\u00e1 todo de dudas y silencio hasta nuestros d\u00edas.<\/p>\n","protected":false},"excerpt":{"rendered":"<p>ORU\u00d1A, MAR\u00cdA<\/p>\n","protected":false},"featured_media":419456,"template":"","meta":{"_acf_changed":false,"om_disable_all_campaigns":false,"rs_blank_template":"","rs_page_bg_color":"","slide_template_v7":"","inline_featured_image":false,"_monsterinsights_skip_tracking":false,"_monsterinsights_sitenote_active":false,"_monsterinsights_sitenote_note":"","_monsterinsights_sitenote_category":0},"product_brand":[],"product_cat":[127,357],"product_tag":[],"class_list":{"0":"post-419455","1":"product","2":"type-product","3":"status-publish","4":"has-post-thumbnail","6":"product_cat-novella-contemporania","7":"product_cat-novela-contemporanea","9":"first","10":"instock","11":"taxable","12":"shipping-taxable","13":"purchasable","14":"product-type-simple"},"acf":{"autor":"ORU\u00d1A, MAR\u00cdA","codart":"842336330","libros-coleccion":"Crimen y Misterio","ediciones":"1","encuadernacion":"R\u00fastica","fecha_de_publicacion":"01\/05\/2023","novedad":"1","paginas":"400","subtitulo":"LOS LIBROS DEL PUERTO ESCONDIDO 5","orden":"0","portada":"0","idioma":"spa","editorial":[{"ID":6182,"post_author":"3","post_date":"2022-07-28 17:46:40","post_date_gmt":"2022-07-28 15:46:40","post_content":"","post_title":"DESTINO, S.L.","post_excerpt":"","post_status":"publish","comment_status":"closed","ping_status":"closed","post_password":"","post_name":"destino-s-l","to_ping":"","pinged":"","post_modified":"2022-07-28 17:46:40","post_modified_gmt":"2022-07-28 15:46:40","post_content_filtered":"","post_parent":0,"guid":"http:\/\/dev.claret.cat\/editorial\/destino-s-l\/","menu_order":0,"post_type":"editorial","post_mime_type":"","comment_count":"0","filter":"raw"}],"autores-libros":[{"ID":163733,"post_author":"3","post_date":"2022-10-14 17:41:24","post_date_gmt":"2022-10-14 15:41:24","post_content":"","post_title":"MAR\u00cdA ORU\u00d1A","post_excerpt":"","post_status":"publish","comment_status":"closed","ping_status":"closed","post_password":"","post_name":"maria-oruna","to_ping":"","pinged":"","post_modified":"2022-10-14 17:41:24","post_modified_gmt":"2022-10-14 15:41:24","post_content_filtered":"","post_parent":0,"guid":"http:\/\/dev.claret.cat\/autor\/maria-oruna\/","menu_order":0,"post_type":"autor","post_mime_type":"","comment_count":"0","filter":"raw"}]},"aioseo_notices":[],"_links":{"self":[{"href":"https:\/\/www.claret.cat\/es\/wp-json\/wp\/v2\/product\/419455","targetHints":{"allow":["GET"]}}],"collection":[{"href":"https:\/\/www.claret.cat\/es\/wp-json\/wp\/v2\/product"}],"about":[{"href":"https:\/\/www.claret.cat\/es\/wp-json\/wp\/v2\/types\/product"}],"wp:featuredmedia":[{"embeddable":true,"href":"https:\/\/www.claret.cat\/es\/wp-json\/wp\/v2\/media\/419456"}],"wp:attachment":[{"href":"https:\/\/www.claret.cat\/es\/wp-json\/wp\/v2\/media?parent=419455"}],"wp:term":[{"taxonomy":"product_brand","embeddable":true,"href":"https:\/\/www.claret.cat\/es\/wp-json\/wp\/v2\/product_brand?post=419455"},{"taxonomy":"product_cat","embeddable":true,"href":"https:\/\/www.claret.cat\/es\/wp-json\/wp\/v2\/product_cat?post=419455"},{"taxonomy":"product_tag","embeddable":true,"href":"https:\/\/www.claret.cat\/es\/wp-json\/wp\/v2\/product_tag?post=419455"}],"curies":[{"name":"wp","href":"https:\/\/api.w.org\/{rel}","templated":true}]}}