{"id":419468,"date":"2023-05-09T20:16:30","date_gmt":"2023-05-09T18:16:30","guid":{"rendered":"https:\/\/www.claret.cat\/llibre\/el-club-arc-de-sant-marti-1-la-missio-de-liris-9788413895512\/"},"modified":"2025-12-24T14:10:37","modified_gmt":"2025-12-24T13:10:37","slug":"el-club-arc-de-sant-marti-1-la-missio-de-liris-9788413895512","status":"publish","type":"product","link":"https:\/\/www.claret.cat\/es\/libro\/el-club-arc-de-sant-marti-1-la-missio-de-liris-9788413895512\/","title":{"rendered":"EL CLUB ARC DE SANT MART\u00cd 1. LA MISSI\u00d3 DE L&#8217;IRIS"},"content":{"rendered":"<p>L&#8217;Iris, la nimfa de l&#8217;arc de Sant Mart\u00ed, viatja al m\u00f3n dels humans. All\u00e0 coneix la Marina, a qui ajudar\u00e0 a buscar la seva gata perduda. Per\u00f2 tot \u00e9s gegantesc! Aconseguir\u00e0 l&#8217;Iris completar la seva missi\u00f3 juntament amb la seva amiga humana?<br \/> Uneix-te a les nimfes del Club de l&#8217;Arc de Sant Mart\u00ed i apr\u00e8n a llegir tot sol amb les seves aventures!<br \/> &#8211; Adaptaci\u00f3 de la s\u00e8rie original en lletra maj\u00fascula per a lectors i lectores que ja llegeixen sols Les Fantasticotes per\u00f2 que encara no estan preparats per llegir\u00a0Anna Kadabra.<br \/> &#8211; Reducci\u00f3 de text per incentivar la lectura \u00e0gil.<br \/> &#8211; Hist\u00f2ries amb principi i final que presenten cada nimfa del Club.<br \/> &#8211; Ideal per a nens i nenes entre 6 i 7 anys.<\/p>\n","protected":false},"excerpt":{"rendered":"<p>GAL\u00c1N, ANA<\/p>\n","protected":false},"featured_media":451096,"template":"","meta":{"_acf_changed":false,"om_disable_all_campaigns":false,"rs_blank_template":"","rs_page_bg_color":"","slide_template_v7":"","inline_featured_image":false,"_monsterinsights_skip_tracking":false,"_monsterinsights_sitenote_active":false,"_monsterinsights_sitenote_note":"","_monsterinsights_sitenote_category":0},"product_brand":[],"product_cat":[132,362],"product_tag":[],"class_list":{"0":"post-419468","1":"product","2":"type-product","3":"status-publish","4":"has-post-thumbnail","6":"product_cat-lectures-per-preadolescents-6-12-anys","7":"product_cat-libros-preadolescentes-6-12-anos","9":"first","10":"instock","11":"taxable","12":"shipping-taxable","13":"purchasable","14":"product-type-simple"},"acf":{"autor":"GAL\u00c1N, ANA","codart":"841389551","libros-coleccion":"Primers lectors","ediciones":"1","encuadernacion":"R\u00fastica","fecha_de_publicacion":"01\/05\/2023","novedad":"1","paginas":"64","subtitulo":"","orden":"0","portada":"0","idioma":"cat","editorial":[{"ID":6249,"post_author":"3","post_date":"2022-07-28 17:48:09","post_date_gmt":"2022-07-28 15:48:09","post_content":"","post_title":"Estrella Polar","post_excerpt":"","post_status":"publish","comment_status":"closed","ping_status":"closed","post_password":"","post_name":"estrella-polar","to_ping":"","pinged":"","post_modified":"2022-07-28 17:48:09","post_modified_gmt":"2022-07-28 15:48:09","post_content_filtered":"","post_parent":0,"guid":"http:\/\/dev.claret.cat\/editorial\/estrella-polar\/","menu_order":0,"post_type":"editorial","post_mime_type":"","comment_count":"0","filter":"raw"}],"autores-libros":[{"ID":150071,"post_author":"3","post_date":"2022-10-14 14:29:59","post_date_gmt":"2022-10-14 12:29:59","post_content":"","post_title":"ANA GALAN","post_excerpt":"","post_status":"publish","comment_status":"closed","ping_status":"closed","post_password":"","post_name":"ana-galan","to_ping":"","pinged":"","post_modified":"2022-10-14 14:29:59","post_modified_gmt":"2022-10-14 12:29:59","post_content_filtered":"","post_parent":0,"guid":"http:\/\/dev.claret.cat\/autor\/ana-galan\/","menu_order":0,"post_type":"autor","post_mime_type":"","comment_count":"0","filter":"raw"}],"booktrailer":"","resenas":""},"aioseo_notices":[],"_links":{"self":[{"href":"https:\/\/www.claret.cat\/es\/wp-json\/wp\/v2\/product\/419468","targetHints":{"allow":["GET"]}}],"collection":[{"href":"https:\/\/www.claret.cat\/es\/wp-json\/wp\/v2\/product"}],"about":[{"href":"https:\/\/www.claret.cat\/es\/wp-json\/wp\/v2\/types\/product"}],"wp:featuredmedia":[{"embeddable":true,"href":"https:\/\/www.claret.cat\/es\/wp-json\/wp\/v2\/media\/451096"}],"wp:attachment":[{"href":"https:\/\/www.claret.cat\/es\/wp-json\/wp\/v2\/media?parent=419468"}],"wp:term":[{"taxonomy":"product_brand","embeddable":true,"href":"https:\/\/www.claret.cat\/es\/wp-json\/wp\/v2\/product_brand?post=419468"},{"taxonomy":"product_cat","embeddable":true,"href":"https:\/\/www.claret.cat\/es\/wp-json\/wp\/v2\/product_cat?post=419468"},{"taxonomy":"product_tag","embeddable":true,"href":"https:\/\/www.claret.cat\/es\/wp-json\/wp\/v2\/product_tag?post=419468"}],"curies":[{"name":"wp","href":"https:\/\/api.w.org\/{rel}","templated":true}]}}