{"id":419516,"date":"2023-05-10T14:07:56","date_gmt":"2023-05-10T12:07:56","guid":{"rendered":"https:\/\/www.claret.cat\/llibre\/domenech-i-montaner-9788416918966\/"},"modified":"2023-10-11T02:50:08","modified_gmt":"2023-10-11T00:50:08","slug":"domenech-i-montaner-9788416918966","status":"publish","type":"product","link":"https:\/\/www.claret.cat\/es\/libro\/domenech-i-montaner-9788416918966\/","title":{"rendered":"DOM\u00c8NECH I MONTANER"},"content":{"rendered":"<p>Llu\u00eds Dom\u00e8nech i Montaner es uno de los grandes arquitectos catalanes. Su estilo sigue la escuela del Modernismo, pero va m\u00e1s all\u00e1 de lo que dictan las normas, y construye edificios \u00fanicos en todo el mundo. Hoy todav\u00eda admiramos obras como el Palau de la M\u00fasica Catalana o el Hospital de Sant Pau. Dom\u00e8nech i Montaner, sin embargo, tambi\u00e9n es un hombre comprometido con su pa\u00eds. Estudia su pasado medieval, rescata su patrimonio y defiende sus derechos en el Congreso de los Diputados. No siempre consigue lo que se propone, pero todo este trabajo tiene una recompensa. Con sus aportaciones, Catalu\u00f1a ya no ser\u00e1 la misma.<\/p>\n","protected":false},"excerpt":{"rendered":"<p>VELOY PLANAS, MARI\u00c0<\/p>\n","protected":false},"featured_media":419517,"template":"","meta":{"_acf_changed":false,"om_disable_all_campaigns":false,"rs_blank_template":"","rs_page_bg_color":"","slide_template_v7":"","inline_featured_image":false,"_monsterinsights_skip_tracking":false,"_monsterinsights_sitenote_active":false,"_monsterinsights_sitenote_note":"","_monsterinsights_sitenote_category":0},"product_brand":[],"product_cat":[131,132,361,362],"product_tag":[],"class_list":{"0":"post-419516","1":"product","2":"type-product","3":"status-publish","4":"has-post-thumbnail","6":"product_cat-contes-per-infants-0-6-anys","7":"product_cat-lectures-per-preadolescents-6-12-anys","8":"product_cat-cuentos-para-ninos-0-6-anos","9":"product_cat-libros-preadolescentes-6-12-anos","11":"first","12":"instock","13":"taxable","14":"shipping-taxable","15":"purchasable","16":"product-type-simple"},"acf":{"autor":"VELOY PLANAS, MARI\u00c0","codart":"841691896","libros-coleccion":"FORA DE COL.LECCI\u00d3","ediciones":"1","encuadernacion":"R\u00fastica","fecha_de_publicacion":"01\/06\/2022","novedad":"1","paginas":"32","subtitulo":"","orden":"0","portada":"0","idioma":"spa","editorial":[{"ID":148408,"post_author":"3","post_date":"2022-10-14 11:58:01","post_date_gmt":"2022-10-14 09:58:01","post_content":"","post_title":"Lectio Ediciones","post_excerpt":"","post_status":"publish","comment_status":"closed","ping_status":"closed","post_password":"","post_name":"lectio-ediciones","to_ping":"","pinged":"","post_modified":"2022-10-14 11:58:01","post_modified_gmt":"2022-10-14 09:58:01","post_content_filtered":"","post_parent":0,"guid":"http:\/\/dev.claret.cat\/editorial\/lectio-ediciones\/","menu_order":0,"post_type":"editorial","post_mime_type":"","comment_count":"0","filter":"raw"}],"autores-libros":[{"ID":163799,"post_author":"3","post_date":"2022-10-14 17:41:57","post_date_gmt":"2022-10-14 15:41:57","post_content":"","post_title":"MARI\u00c0 VELOY PLANAS","post_excerpt":"","post_status":"publish","comment_status":"closed","ping_status":"closed","post_password":"","post_name":"maria-veloy-planas","to_ping":"","pinged":"","post_modified":"2022-10-14 17:41:57","post_modified_gmt":"2022-10-14 15:41:57","post_content_filtered":"","post_parent":0,"guid":"http:\/\/dev.claret.cat\/autor\/maria-veloy-planas\/","menu_order":0,"post_type":"autor","post_mime_type":"","comment_count":"0","filter":"raw"}]},"aioseo_notices":[],"_links":{"self":[{"href":"https:\/\/www.claret.cat\/es\/wp-json\/wp\/v2\/product\/419516","targetHints":{"allow":["GET"]}}],"collection":[{"href":"https:\/\/www.claret.cat\/es\/wp-json\/wp\/v2\/product"}],"about":[{"href":"https:\/\/www.claret.cat\/es\/wp-json\/wp\/v2\/types\/product"}],"wp:featuredmedia":[{"embeddable":true,"href":"https:\/\/www.claret.cat\/es\/wp-json\/wp\/v2\/media\/419517"}],"wp:attachment":[{"href":"https:\/\/www.claret.cat\/es\/wp-json\/wp\/v2\/media?parent=419516"}],"wp:term":[{"taxonomy":"product_brand","embeddable":true,"href":"https:\/\/www.claret.cat\/es\/wp-json\/wp\/v2\/product_brand?post=419516"},{"taxonomy":"product_cat","embeddable":true,"href":"https:\/\/www.claret.cat\/es\/wp-json\/wp\/v2\/product_cat?post=419516"},{"taxonomy":"product_tag","embeddable":true,"href":"https:\/\/www.claret.cat\/es\/wp-json\/wp\/v2\/product_tag?post=419516"}],"curies":[{"name":"wp","href":"https:\/\/api.w.org\/{rel}","templated":true}]}}