{"id":419523,"date":"2023-05-10T16:40:02","date_gmt":"2023-05-10T14:40:02","guid":{"rendered":"https:\/\/www.claret.cat\/llibre\/el-rojo-no-esta-enfadado-el-azul-no-esta-triste-9788419253354\/"},"modified":"2023-10-11T02:50:06","modified_gmt":"2023-10-11T00:50:06","slug":"el-rojo-no-esta-enfadado-el-azul-no-esta-triste-9788419253354","status":"publish","type":"product","link":"https:\/\/www.claret.cat\/es\/libro\/el-rojo-no-esta-enfadado-el-azul-no-esta-triste-9788419253354\/","title":{"rendered":"EL ROJO NO EST\u00c1 ENFADADO, EL AZUL NO EST\u00c1 TRISTE"},"content":{"rendered":"<p>Zorro llega al parque y todos le preguntan muy preocupados si se encuentra bien. \u00c9l est\u00e1 feliz y no entiende qu\u00e9 pasa. Lo que ocurre es que Zorro lleva una camiseta azul, y el azul es el color de la tristeza, \u00bfno? Su amiga Osa le pone inmediatamente un jersey amarillo. Ahora s\u00ed, todo est\u00e1 bien. Pero, \u00bfpor qu\u00e9 los colores tienen que reflejar las emociones que sentimos? \u00bfY si pudi\u00e9ramos utilizarlos como quisi\u00e9ramos? \u00a1Incluso mezclarlos!<br \/> Luis Amavisca y Alicia Acosta, juntos de nuevo tras \u00a1Vivan las u\u00f1as de colores! y La mu\u00f1eca de Lucas, en un libro que habla de emociones sin necesidad de identificarlas con los colores.<\/p>\n","protected":false},"excerpt":{"rendered":"<p>AMAVISCA, LUIS \/ ACOSTA, ALICIA<\/p>\n","protected":false},"featured_media":419524,"template":"","meta":{"_acf_changed":false,"om_disable_all_campaigns":false,"rs_blank_template":"","rs_page_bg_color":"","slide_template_v7":"","inline_featured_image":false,"_monsterinsights_skip_tracking":false,"_monsterinsights_sitenote_active":false,"_monsterinsights_sitenote_note":"","_monsterinsights_sitenote_category":0},"product_brand":[],"product_cat":[131,361],"product_tag":[],"class_list":{"0":"post-419523","1":"product","2":"type-product","3":"status-publish","4":"has-post-thumbnail","6":"product_cat-contes-per-infants-0-6-anys","7":"product_cat-cuentos-para-ninos-0-6-anos","9":"first","10":"instock","11":"taxable","12":"shipping-taxable","13":"purchasable","14":"product-type-simple"},"acf":{"autor":"AMAVISCA, LUIS \/ ACOSTA, ALICIA","codart":"841925335","libros-coleccion":"FORA DE COL.LECCI\u00d3","ediciones":"1","encuadernacion":"Carton\u00e9","fecha_de_publicacion":"01\/05\/2023","novedad":"1","paginas":"36","subtitulo":"","orden":"0","portada":"0","idioma":"spa","editorial":[{"ID":148592,"post_author":"3","post_date":"2022-10-14 11:59:27","post_date_gmt":"2022-10-14 09:59:27","post_content":"","post_title":"NUBEOCHO","post_excerpt":"","post_status":"publish","comment_status":"closed","ping_status":"closed","post_password":"","post_name":"nubeocho","to_ping":"","pinged":"","post_modified":"2022-10-14 11:59:27","post_modified_gmt":"2022-10-14 09:59:27","post_content_filtered":"","post_parent":0,"guid":"http:\/\/dev.claret.cat\/editorial\/nubeocho\/","menu_order":0,"post_type":"editorial","post_mime_type":"","comment_count":"0","filter":"raw"}],"autores-libros":[{"ID":162671,"post_author":"3","post_date":"2022-10-14 17:32:52","post_date_gmt":"2022-10-14 15:32:52","post_content":"","post_title":"LUIS AMAVISCA","post_excerpt":"","post_status":"publish","comment_status":"closed","ping_status":"closed","post_password":"","post_name":"luis-amavisca-2","to_ping":"","pinged":"","post_modified":"2022-10-14 17:32:52","post_modified_gmt":"2022-10-14 15:32:52","post_content_filtered":"","post_parent":0,"guid":"http:\/\/dev.claret.cat\/autor\/luis-amavisca-2\/","menu_order":0,"post_type":"autor","post_mime_type":"","comment_count":"0","filter":"raw"},{"ID":149837,"post_author":"3","post_date":"2022-10-14 14:28:05","post_date_gmt":"2022-10-14 12:28:05","post_content":"","post_title":"ALICIA ACOSTA","post_excerpt":"","post_status":"publish","comment_status":"closed","ping_status":"closed","post_password":"","post_name":"alicia-acosta","to_ping":"","pinged":"","post_modified":"2022-10-14 14:28:05","post_modified_gmt":"2022-10-14 12:28:05","post_content_filtered":"","post_parent":0,"guid":"http:\/\/dev.claret.cat\/autor\/alicia-acosta\/","menu_order":0,"post_type":"autor","post_mime_type":"","comment_count":"0","filter":"raw"}]},"aioseo_notices":[],"_links":{"self":[{"href":"https:\/\/www.claret.cat\/es\/wp-json\/wp\/v2\/product\/419523","targetHints":{"allow":["GET"]}}],"collection":[{"href":"https:\/\/www.claret.cat\/es\/wp-json\/wp\/v2\/product"}],"about":[{"href":"https:\/\/www.claret.cat\/es\/wp-json\/wp\/v2\/types\/product"}],"wp:featuredmedia":[{"embeddable":true,"href":"https:\/\/www.claret.cat\/es\/wp-json\/wp\/v2\/media\/419524"}],"wp:attachment":[{"href":"https:\/\/www.claret.cat\/es\/wp-json\/wp\/v2\/media?parent=419523"}],"wp:term":[{"taxonomy":"product_brand","embeddable":true,"href":"https:\/\/www.claret.cat\/es\/wp-json\/wp\/v2\/product_brand?post=419523"},{"taxonomy":"product_cat","embeddable":true,"href":"https:\/\/www.claret.cat\/es\/wp-json\/wp\/v2\/product_cat?post=419523"},{"taxonomy":"product_tag","embeddable":true,"href":"https:\/\/www.claret.cat\/es\/wp-json\/wp\/v2\/product_tag?post=419523"}],"curies":[{"name":"wp","href":"https:\/\/api.w.org\/{rel}","templated":true}]}}