{"id":419526,"date":"2023-05-10T16:45:02","date_gmt":"2023-05-10T14:45:02","guid":{"rendered":"https:\/\/www.claret.cat\/llibre\/el-vermell-no-esta-empipat-el-blau-no-esta-trist-9788419253385\/"},"modified":"2023-10-25T17:58:26","modified_gmt":"2023-10-25T15:58:26","slug":"el-vermell-no-esta-empipat-el-blau-no-esta-trist-9788419253385","status":"publish","type":"product","link":"https:\/\/www.claret.cat\/es\/libro\/el-vermell-no-esta-empipat-el-blau-no-esta-trist-9788419253385\/","title":{"rendered":"EL VERMELL NO EST\u00c0 EMPIPAT, EL BLAU NO EST\u00c0 TRIST"},"content":{"rendered":"<p>La guineu arriba al parc i tots li pregunten molt preocupats si es troba b\u00e9. Ell est\u00e0 feli\u00e7 i no ent\u00e9n qu\u00e8 passa. Resulta que la guineu porta un jersei blau, i el blau \u00e9s el color de la tristesa, oi? La seva amiga ossa li posa immediatament un jersei groc. Ara s\u00ed, tot \u00e9s a lloc. Per\u00f2 per qu\u00e8 els colors han de reflectir les emocions que sentim? I si pogu\u00e9ssim utilitzar-los com volgu\u00e9ssim? O incl\u00fas barrejar-los!<br \/> Luis Amavisca i Alicia Acosta, junts de nou despr\u00e9s de &#8221;Visca les ungles de colors!&#8221; i &#8221;La nina d&#8217;en Lluc&#8221;, en un llibre que parla d&#8217;emocions sense la necessitat d&#8221;identificar-les amb els colors.<\/p>\n","protected":false},"excerpt":{"rendered":"<p>AMAVISCA, LUIS \/ ACOSTA, ALICIA<\/p>\n","protected":false},"featured_media":419527,"template":"","meta":{"_acf_changed":false,"om_disable_all_campaigns":false,"rs_blank_template":"","rs_page_bg_color":"","slide_template_v7":"","inline_featured_image":false,"_monsterinsights_skip_tracking":false,"_monsterinsights_sitenote_active":false,"_monsterinsights_sitenote_note":"","_monsterinsights_sitenote_category":0},"product_brand":[],"product_cat":[131,361],"product_tag":[],"class_list":{"0":"post-419526","1":"product","2":"type-product","3":"status-publish","4":"has-post-thumbnail","6":"product_cat-contes-per-infants-0-6-anys","7":"product_cat-cuentos-para-ninos-0-6-anos","9":"first","10":"instock","11":"taxable","12":"shipping-taxable","13":"purchasable","14":"product-type-simple"},"acf":{"autor":"AMAVISCA, LUIS \/ ACOSTA, ALICIA","codart":"841925338","libros-coleccion":"CATALAN","ediciones":"1","encuadernacion":"Carton\u00e9","fecha_de_publicacion":"01\/05\/2023","novedad":"1","paginas":"36","subtitulo":"","orden":"0","portada":"0","idioma":"cat","editorial":[{"ID":148592,"post_author":"3","post_date":"2022-10-14 11:59:27","post_date_gmt":"2022-10-14 09:59:27","post_content":"","post_title":"NUBEOCHO","post_excerpt":"","post_status":"publish","comment_status":"closed","ping_status":"closed","post_password":"","post_name":"nubeocho","to_ping":"","pinged":"","post_modified":"2022-10-14 11:59:27","post_modified_gmt":"2022-10-14 09:59:27","post_content_filtered":"","post_parent":0,"guid":"http:\/\/dev.claret.cat\/editorial\/nubeocho\/","menu_order":0,"post_type":"editorial","post_mime_type":"","comment_count":"0","filter":"raw"}],"autores-libros":[{"ID":162671,"post_author":"3","post_date":"2022-10-14 17:32:52","post_date_gmt":"2022-10-14 15:32:52","post_content":"","post_title":"LUIS AMAVISCA","post_excerpt":"","post_status":"publish","comment_status":"closed","ping_status":"closed","post_password":"","post_name":"luis-amavisca-2","to_ping":"","pinged":"","post_modified":"2022-10-14 17:32:52","post_modified_gmt":"2022-10-14 15:32:52","post_content_filtered":"","post_parent":0,"guid":"http:\/\/dev.claret.cat\/autor\/luis-amavisca-2\/","menu_order":0,"post_type":"autor","post_mime_type":"","comment_count":"0","filter":"raw"},{"ID":149837,"post_author":"3","post_date":"2022-10-14 14:28:05","post_date_gmt":"2022-10-14 12:28:05","post_content":"","post_title":"ALICIA ACOSTA","post_excerpt":"","post_status":"publish","comment_status":"closed","ping_status":"closed","post_password":"","post_name":"alicia-acosta","to_ping":"","pinged":"","post_modified":"2022-10-14 14:28:05","post_modified_gmt":"2022-10-14 12:28:05","post_content_filtered":"","post_parent":0,"guid":"http:\/\/dev.claret.cat\/autor\/alicia-acosta\/","menu_order":0,"post_type":"autor","post_mime_type":"","comment_count":"0","filter":"raw"}]},"aioseo_notices":[],"_links":{"self":[{"href":"https:\/\/www.claret.cat\/es\/wp-json\/wp\/v2\/product\/419526","targetHints":{"allow":["GET"]}}],"collection":[{"href":"https:\/\/www.claret.cat\/es\/wp-json\/wp\/v2\/product"}],"about":[{"href":"https:\/\/www.claret.cat\/es\/wp-json\/wp\/v2\/types\/product"}],"wp:featuredmedia":[{"embeddable":true,"href":"https:\/\/www.claret.cat\/es\/wp-json\/wp\/v2\/media\/419527"}],"wp:attachment":[{"href":"https:\/\/www.claret.cat\/es\/wp-json\/wp\/v2\/media?parent=419526"}],"wp:term":[{"taxonomy":"product_brand","embeddable":true,"href":"https:\/\/www.claret.cat\/es\/wp-json\/wp\/v2\/product_brand?post=419526"},{"taxonomy":"product_cat","embeddable":true,"href":"https:\/\/www.claret.cat\/es\/wp-json\/wp\/v2\/product_cat?post=419526"},{"taxonomy":"product_tag","embeddable":true,"href":"https:\/\/www.claret.cat\/es\/wp-json\/wp\/v2\/product_tag?post=419526"}],"curies":[{"name":"wp","href":"https:\/\/api.w.org\/{rel}","templated":true}]}}