{"id":419654,"date":"2023-05-11T16:45:03","date_gmt":"2023-05-11T14:45:03","guid":{"rendered":"https:\/\/www.claret.cat\/llibre\/existe-la-relacion-sexual-9788425449086\/"},"modified":"2026-01-28T11:21:56","modified_gmt":"2026-01-28T10:21:56","slug":"existe-la-relacion-sexual-9788425449086","status":"publish","type":"product","link":"https:\/\/www.claret.cat\/es\/libro\/existe-la-relacion-sexual-9788425449086\/","title":{"rendered":"\u00bfEXISTE LA RELACI\u00d3N SEXUAL?"},"content":{"rendered":"<p>A diferencia del mundo animal, regulado por la eficacia del instinto, la sexualidad humana se organiza alrededor de otros factores mucho m\u00e1s escurridizos: el deseo, el amor, las pulsiones. Como en una suerte de collage cubista, la br\u00fajula del instinto no funciona aqu\u00ed y los seres humanos comprueban que no es nada f\u00e1cil conjugar con \u00e9xito estas dimensiones. Adem\u00e1s, en todo encuentro sexual el deseo se estructura inconscientemente \u2014desde antes, incluso, de encontrar una pareja\u2014 a trav\u00e9s de un singular fantasma que dicta las reglas de la relaci\u00f3n: \u00e9xtasis, seducci\u00f3n, celos, posesi\u00f3n, inhibici\u00f3n, odio.<\/p>\n<p> Massimo Recalcati, reputado psicoanalista y ensayista agudo, pone el foco en la idea freudiana de que todo acto sexual implica, como m\u00ednimo, a cuatro personas, porque no solo est\u00e1n presentes los amantes sino que a cada uno de ellos lo acompa\u00f1a, en el inconsciente, su correspondiente fantasma. Y recurre tambi\u00e9n a una de las principales ense\u00f1anzas de Jacques Lacan \u2014\u00abla relaci\u00f3n sexual no existe\u00bb; que es, a su vez, una espl\u00e9ndida boutade\u2014, la disecciona y la convierte, por fin, en un interrogante que produce nuevos sentidos.<\/p>\n","protected":false},"excerpt":{"rendered":"<p>RECALCATI, MASSIMO<\/p>\n","protected":false},"featured_media":419655,"template":"","meta":{"_acf_changed":false,"om_disable_all_campaigns":false,"rs_blank_template":"","rs_page_bg_color":"","slide_template_v7":"","inline_featured_image":false,"_monsterinsights_skip_tracking":false,"_monsterinsights_sitenote_active":false,"_monsterinsights_sitenote_note":"","_monsterinsights_sitenote_category":0},"product_brand":[],"product_cat":[376,373,166,178],"product_tag":[],"class_list":{"0":"post-419654","1":"product","2":"type-product","3":"status-publish","4":"has-post-thumbnail","6":"product_cat-autores-psicologia-2_humanidades","7":"product_cat-autores","8":"product_cat-autors-filosofia","9":"product_cat-autors-psicologia","11":"first","12":"instock","13":"taxable","14":"shipping-taxable","15":"purchasable","16":"product-type-simple"},"acf":{"autor":"RECALCATI, MASSIMO","codart":"842544908","libros-coleccion":"Pensamiento Herder","ediciones":"1","encuadernacion":"R\u00fastica","fecha_de_publicacion":"01\/02\/2023","novedad":"1","paginas":"184","subtitulo":"DESEO, AMOR Y GOCE","orden":"0","portada":"0","idioma":"spa","editorial":[{"ID":6266,"post_author":"3","post_date":"2022-07-28 17:48:31","post_date_gmt":"2022-07-28 15:48:31","post_content":"","post_title":"HERDER","post_excerpt":"","post_status":"publish","comment_status":"closed","ping_status":"closed","post_password":"","post_name":"herder","to_ping":"","pinged":"","post_modified":"2022-07-28 17:48:31","post_modified_gmt":"2022-07-28 15:48:31","post_content_filtered":"","post_parent":0,"guid":"http:\/\/dev.claret.cat\/editorial\/herder\/","menu_order":0,"post_type":"editorial","post_mime_type":"","comment_count":"0","filter":"raw"}],"autores-libros":[{"ID":164414,"post_author":"3","post_date":"2022-10-14 17:46:52","post_date_gmt":"2022-10-14 15:46:52","post_content":"","post_title":"MASSIMO RECALCATI","post_excerpt":"","post_status":"publish","comment_status":"closed","ping_status":"closed","post_password":"","post_name":"massimo-recalcati","to_ping":"","pinged":"","post_modified":"2022-10-14 17:46:52","post_modified_gmt":"2022-10-14 15:46:52","post_content_filtered":"","post_parent":0,"guid":"http:\/\/dev.claret.cat\/autor\/massimo-recalcati\/","menu_order":0,"post_type":"autor","post_mime_type":"","comment_count":"0","filter":"raw"}],"booktrailer":"","resenas":""},"aioseo_notices":[],"_links":{"self":[{"href":"https:\/\/www.claret.cat\/es\/wp-json\/wp\/v2\/product\/419654","targetHints":{"allow":["GET"]}}],"collection":[{"href":"https:\/\/www.claret.cat\/es\/wp-json\/wp\/v2\/product"}],"about":[{"href":"https:\/\/www.claret.cat\/es\/wp-json\/wp\/v2\/types\/product"}],"wp:featuredmedia":[{"embeddable":true,"href":"https:\/\/www.claret.cat\/es\/wp-json\/wp\/v2\/media\/419655"}],"wp:attachment":[{"href":"https:\/\/www.claret.cat\/es\/wp-json\/wp\/v2\/media?parent=419654"}],"wp:term":[{"taxonomy":"product_brand","embeddable":true,"href":"https:\/\/www.claret.cat\/es\/wp-json\/wp\/v2\/product_brand?post=419654"},{"taxonomy":"product_cat","embeddable":true,"href":"https:\/\/www.claret.cat\/es\/wp-json\/wp\/v2\/product_cat?post=419654"},{"taxonomy":"product_tag","embeddable":true,"href":"https:\/\/www.claret.cat\/es\/wp-json\/wp\/v2\/product_tag?post=419654"}],"curies":[{"name":"wp","href":"https:\/\/api.w.org\/{rel}","templated":true}]}}