{"id":419714,"date":"2023-05-12T17:00:03","date_gmt":"2023-05-12T15:00:03","guid":{"rendered":"https:\/\/www.claret.cat\/llibre\/freestyle-9788419638076\/"},"modified":"2024-04-17T18:50:06","modified_gmt":"2024-04-17T16:50:06","slug":"freestyle-9788419638076","status":"publish","type":"product","link":"https:\/\/www.claret.cat\/es\/libro\/freestyle-9788419638076\/","title":{"rendered":"FREESTYLE"},"content":{"rendered":"<p>El grupo de baile de \u00c1lex se prepara para una gran competici\u00f3n, la \u00faltima antes de que los chicos se separen para ir a institutos diferentes, as\u00ed que \u00a1tienen que practicar un mont\u00f3n! Pero las notas de \u00c1lex no han sido muy buenas y sus padres le castigan, lo que significa dos cosas: no poder ensayar y tener una profesora particular, Sunna, que le parece una empollona? hasta que la descubre practicando unos trucos incre\u00edbles de yoy\u00f3. \u00c1lex tambi\u00e9n quiere aprender y, mientras su amistad con Sunna crece, la relaci\u00f3n con sus compa\u00f1eros de baile no pasa por su mejor momento. \u00bfSer\u00e1 \u00c1lex capaz de encontrar el equilibrio?<\/p>\n","protected":false},"excerpt":{"rendered":"<p>GALLIGAN, GALE<\/p>\n","protected":false},"featured_media":419715,"template":"","meta":{"_acf_changed":false,"om_disable_all_campaigns":false,"rs_blank_template":"","rs_page_bg_color":"","slide_template_v7":"","inline_featured_image":false,"_monsterinsights_skip_tracking":false,"_monsterinsights_sitenote_active":false,"_monsterinsights_sitenote_note":"","_monsterinsights_sitenote_category":0},"product_brand":[],"product_cat":[132,134,364,362],"product_tag":[],"class_list":{"0":"post-419714","1":"product","2":"type-product","3":"status-publish","4":"has-post-thumbnail","6":"product_cat-lectures-per-preadolescents-6-12-anys","7":"product_cat-comics","8":"product_cat-comics-infantil-3_infantil-juvenil-spa","9":"product_cat-libros-preadolescentes-6-12-anos","11":"first","12":"instock","13":"taxable","14":"shipping-taxable","15":"purchasable","16":"product-type-simple"},"acf":{"autor":"GALLIGAN, GALE","codart":"841963807","libros-coleccion":"NOVELA GRAFICA","ediciones":"1","encuadernacion":"R\u00fastica","fecha_de_publicacion":"01\/05\/2023","novedad":"1","paginas":"280","subtitulo":"LOCOS POR EL BAILE Y EL YOY\u00d3","orden":"0","portada":"0","idioma":"spa","editorial":[{"ID":6297,"post_author":"3","post_date":"2022-07-28 17:49:10","post_date_gmt":"2022-07-28 15:49:10","post_content":"","post_title":"Maeva Ediciones","post_excerpt":"","post_status":"publish","comment_status":"closed","ping_status":"closed","post_password":"","post_name":"maeva-ediciones","to_ping":"","pinged":"","post_modified":"2022-07-28 17:49:10","post_modified_gmt":"2022-07-28 15:49:10","post_content_filtered":"","post_parent":0,"guid":"http:\/\/dev.claret.cat\/editorial\/maeva-ediciones\/","menu_order":0,"post_type":"editorial","post_mime_type":"","comment_count":"0","filter":"raw"}],"autores-libros":[{"ID":156590,"post_author":"3","post_date":"2022-10-14 15:22:01","post_date_gmt":"2022-10-14 13:22:01","post_content":"","post_title":"GALE GALLIGAN","post_excerpt":"","post_status":"publish","comment_status":"closed","ping_status":"closed","post_password":"","post_name":"gale-galligan","to_ping":"","pinged":"","post_modified":"2022-10-14 15:22:01","post_modified_gmt":"2022-10-14 13:22:01","post_content_filtered":"","post_parent":0,"guid":"http:\/\/dev.claret.cat\/autor\/gale-galligan\/","menu_order":0,"post_type":"autor","post_mime_type":"","comment_count":"0","filter":"raw"}]},"aioseo_notices":[],"_links":{"self":[{"href":"https:\/\/www.claret.cat\/es\/wp-json\/wp\/v2\/product\/419714","targetHints":{"allow":["GET"]}}],"collection":[{"href":"https:\/\/www.claret.cat\/es\/wp-json\/wp\/v2\/product"}],"about":[{"href":"https:\/\/www.claret.cat\/es\/wp-json\/wp\/v2\/types\/product"}],"wp:featuredmedia":[{"embeddable":true,"href":"https:\/\/www.claret.cat\/es\/wp-json\/wp\/v2\/media\/419715"}],"wp:attachment":[{"href":"https:\/\/www.claret.cat\/es\/wp-json\/wp\/v2\/media?parent=419714"}],"wp:term":[{"taxonomy":"product_brand","embeddable":true,"href":"https:\/\/www.claret.cat\/es\/wp-json\/wp\/v2\/product_brand?post=419714"},{"taxonomy":"product_cat","embeddable":true,"href":"https:\/\/www.claret.cat\/es\/wp-json\/wp\/v2\/product_cat?post=419714"},{"taxonomy":"product_tag","embeddable":true,"href":"https:\/\/www.claret.cat\/es\/wp-json\/wp\/v2\/product_tag?post=419714"}],"curies":[{"name":"wp","href":"https:\/\/api.w.org\/{rel}","templated":true}]}}