{"id":419732,"date":"2023-05-12T17:08:04","date_gmt":"2023-05-12T15:08:04","guid":{"rendered":"https:\/\/www.claret.cat\/llibre\/cosins-10-el-poblet-maleit-9788466154291\/"},"modified":"2023-10-11T02:48:14","modified_gmt":"2023-10-11T00:48:14","slug":"cosins-10-el-poblet-maleit-9788466154291","status":"publish","type":"product","link":"https:\/\/www.claret.cat\/es\/libro\/cosins-10-el-poblet-maleit-9788466154291\/","title":{"rendered":"COSINS 10. EL POBLET MALE\u00cfT"},"content":{"rendered":"<p>Un dia, mentre els cosins fan una volta amb els cavalls, es teletransporten de cop i volta a un lloc i un temps desconeguts: un poblet antic ple de fantasmes. Quan tornin, hauran de descobrir qu\u00e8 hi va passar en aquell lloc i altres misteris que es produiran al llac del poble.<\/p>\n","protected":false},"excerpt":{"rendered":"<p>MEN\u00c9NDEZ-PONTE, MAR\u00cdA<\/p>\n","protected":false},"featured_media":419733,"template":"","meta":{"_acf_changed":false,"om_disable_all_campaigns":false,"rs_blank_template":"","rs_page_bg_color":"","slide_template_v7":"","inline_featured_image":false,"_monsterinsights_skip_tracking":false,"_monsterinsights_sitenote_active":false,"_monsterinsights_sitenote_note":"","_monsterinsights_sitenote_category":0},"product_brand":[],"product_cat":[133,363],"product_tag":[],"class_list":{"0":"post-419732","1":"product","2":"type-product","3":"status-publish","4":"has-post-thumbnail","6":"product_cat-lectures-per-adolescents-12-18-anys","7":"product_cat-lecturas-por-adolescentes-12-18-anos","9":"first","10":"instock","11":"taxable","12":"shipping-taxable","13":"purchasable","14":"product-type-simple"},"acf":{"autor":"MEN\u00c9NDEZ-PONTE, MAR\u00cdA","codart":"846615429","libros-coleccion":"Cosins, S.A.","ediciones":"1","encuadernacion":"Carton\u00e9","fecha_de_publicacion":"01\/05\/2023","novedad":"1","paginas":"273","subtitulo":"","orden":"0","portada":"0","idioma":"cat","editorial":[{"ID":147679,"post_author":"3","post_date":"2022-10-14 11:52:25","post_date_gmt":"2022-10-14 09:52:25","post_content":"","post_title":"CRUILLA \/SM-EDICIONS -VALENCIANO\/CATALAN","post_excerpt":"","post_status":"publish","comment_status":"closed","ping_status":"closed","post_password":"","post_name":"cruilla-sm-edicions-valenciano-catalan","to_ping":"","pinged":"","post_modified":"2022-10-14 11:52:25","post_modified_gmt":"2022-10-14 09:52:25","post_content_filtered":"","post_parent":0,"guid":"http:\/\/dev.claret.cat\/editorial\/cruilla-sm-edicions-valenciano-catalan\/","menu_order":0,"post_type":"editorial","post_mime_type":"","comment_count":"0","filter":"raw"}],"autores-libros":[{"ID":5797,"post_author":"3","post_date":"2022-07-28 17:31:40","post_date_gmt":"2022-07-28 15:31:40","post_content":"","post_title":"MARIA MENENDEZ-PONTE","post_excerpt":"","post_status":"publish","comment_status":"closed","ping_status":"closed","post_password":"","post_name":"maria-menendez-ponte","to_ping":"","pinged":"","post_modified":"2022-07-28 17:31:40","post_modified_gmt":"2022-07-28 15:31:40","post_content_filtered":"","post_parent":0,"guid":"http:\/\/dev.claret.cat\/autor\/maria-menendez-ponte\/","menu_order":0,"post_type":"autor","post_mime_type":"","comment_count":"0","filter":"raw"}]},"aioseo_notices":[],"_links":{"self":[{"href":"https:\/\/www.claret.cat\/es\/wp-json\/wp\/v2\/product\/419732","targetHints":{"allow":["GET"]}}],"collection":[{"href":"https:\/\/www.claret.cat\/es\/wp-json\/wp\/v2\/product"}],"about":[{"href":"https:\/\/www.claret.cat\/es\/wp-json\/wp\/v2\/types\/product"}],"wp:featuredmedia":[{"embeddable":true,"href":"https:\/\/www.claret.cat\/es\/wp-json\/wp\/v2\/media\/419733"}],"wp:attachment":[{"href":"https:\/\/www.claret.cat\/es\/wp-json\/wp\/v2\/media?parent=419732"}],"wp:term":[{"taxonomy":"product_brand","embeddable":true,"href":"https:\/\/www.claret.cat\/es\/wp-json\/wp\/v2\/product_brand?post=419732"},{"taxonomy":"product_cat","embeddable":true,"href":"https:\/\/www.claret.cat\/es\/wp-json\/wp\/v2\/product_cat?post=419732"},{"taxonomy":"product_tag","embeddable":true,"href":"https:\/\/www.claret.cat\/es\/wp-json\/wp\/v2\/product_tag?post=419732"}],"curies":[{"name":"wp","href":"https:\/\/api.w.org\/{rel}","templated":true}]}}