{"id":419747,"date":"2023-05-12T17:25:15","date_gmt":"2023-05-12T15:25:15","guid":{"rendered":"https:\/\/www.claret.cat\/llibre\/c-digues-on-es-gegant-els-pirates-9788466153928\/"},"modified":"2025-04-23T17:25:51","modified_gmt":"2025-04-23T15:25:51","slug":"c-digues-on-es-gegant-els-pirates-9788466153928","status":"publish","type":"product","link":"https:\/\/www.claret.cat\/es\/libro\/c-digues-on-es-gegant-els-pirates-9788466153928\/","title":{"rendered":"C- DIGUES ON \u00c9S GEGANT ELS PIRATES"},"content":{"rendered":"<p>Deplega les grans solapes i busca on s\u00f3n els elements que surten a cada p\u00e0gina: un bucaner, una gavina riallera, una s\u00e0ssola&#8230;<\/p>\n","protected":false},"excerpt":{"rendered":"<p>COUVIN, YANN \/ LAVAL, THIERRY<\/p>\n","protected":false},"featured_media":419748,"template":"","meta":{"_acf_changed":false,"om_disable_all_campaigns":false,"rs_blank_template":"","rs_page_bg_color":"","slide_template_v7":"","inline_featured_image":false,"_monsterinsights_skip_tracking":false,"_monsterinsights_sitenote_active":false,"_monsterinsights_sitenote_note":"","_monsterinsights_sitenote_category":0},"product_brand":[],"product_cat":[132,135,365,136,366,362],"product_tag":[],"class_list":{"0":"post-419747","1":"product","2":"type-product","3":"status-publish","4":"has-post-thumbnail","6":"product_cat-lectures-per-preadolescents-6-12-anys","7":"product_cat-entreteniment","8":"product_cat-entretenimientos","9":"product_cat-jocs-destimulacio","10":"product_cat-juegos-de-estimulacion","11":"product_cat-libros-preadolescentes-6-12-anos","13":"first","14":"instock","15":"taxable","16":"shipping-taxable","17":"purchasable","18":"product-type-simple"},"acf":{"autor":"COUVIN, YANN \/ LAVAL, THIERRY","codart":"846615392","libros-coleccion":"Digues on \u00e9s gegant","ediciones":"1","encuadernacion":"Carton\u00e9","fecha_de_publicacion":"01\/05\/2023","novedad":"1","paginas":"12","subtitulo":"","orden":"0","portada":"0","idioma":"cat","editorial":[{"ID":147679,"post_author":"3","post_date":"2022-10-14 11:52:25","post_date_gmt":"2022-10-14 09:52:25","post_content":"","post_title":"CRUILLA \/SM-EDICIONS -VALENCIANO\/CATALAN","post_excerpt":"","post_status":"publish","comment_status":"closed","ping_status":"closed","post_password":"","post_name":"cruilla-sm-edicions-valenciano-catalan","to_ping":"","pinged":"","post_modified":"2022-10-14 11:52:25","post_modified_gmt":"2022-10-14 09:52:25","post_content_filtered":"","post_parent":0,"guid":"http:\/\/dev.claret.cat\/editorial\/cruilla-sm-edicions-valenciano-catalan\/","menu_order":0,"post_type":"editorial","post_mime_type":"","comment_count":"0","filter":"raw"}],"autores-libros":[{"ID":171556,"post_author":"3","post_date":"2022-10-14 22:44:21","post_date_gmt":"2022-10-14 20:44:21","post_content":"","post_title":"YANN COUVIN","post_excerpt":"","post_status":"publish","comment_status":"closed","ping_status":"closed","post_password":"","post_name":"yann-couvin","to_ping":"","pinged":"","post_modified":"2022-10-14 22:44:21","post_modified_gmt":"2022-10-14 20:44:21","post_content_filtered":"","post_parent":0,"guid":"http:\/\/dev.claret.cat\/autor\/yann-couvin\/","menu_order":0,"post_type":"autor","post_mime_type":"","comment_count":"0","filter":"raw"},{"ID":170318,"post_author":"3","post_date":"2022-10-14 22:34:21","post_date_gmt":"2022-10-14 20:34:21","post_content":"","post_title":"THIERRY LAVAL","post_excerpt":"","post_status":"publish","comment_status":"closed","ping_status":"closed","post_password":"","post_name":"thierry-laval","to_ping":"","pinged":"","post_modified":"2022-10-14 22:34:21","post_modified_gmt":"2022-10-14 20:34:21","post_content_filtered":"","post_parent":0,"guid":"http:\/\/dev.claret.cat\/autor\/thierry-laval\/","menu_order":0,"post_type":"autor","post_mime_type":"","comment_count":"0","filter":"raw"}],"booktrailer":"","resenas":""},"aioseo_notices":[],"_links":{"self":[{"href":"https:\/\/www.claret.cat\/es\/wp-json\/wp\/v2\/product\/419747","targetHints":{"allow":["GET"]}}],"collection":[{"href":"https:\/\/www.claret.cat\/es\/wp-json\/wp\/v2\/product"}],"about":[{"href":"https:\/\/www.claret.cat\/es\/wp-json\/wp\/v2\/types\/product"}],"wp:featuredmedia":[{"embeddable":true,"href":"https:\/\/www.claret.cat\/es\/wp-json\/wp\/v2\/media\/419748"}],"wp:attachment":[{"href":"https:\/\/www.claret.cat\/es\/wp-json\/wp\/v2\/media?parent=419747"}],"wp:term":[{"taxonomy":"product_brand","embeddable":true,"href":"https:\/\/www.claret.cat\/es\/wp-json\/wp\/v2\/product_brand?post=419747"},{"taxonomy":"product_cat","embeddable":true,"href":"https:\/\/www.claret.cat\/es\/wp-json\/wp\/v2\/product_cat?post=419747"},{"taxonomy":"product_tag","embeddable":true,"href":"https:\/\/www.claret.cat\/es\/wp-json\/wp\/v2\/product_tag?post=419747"}],"curies":[{"name":"wp","href":"https:\/\/api.w.org\/{rel}","templated":true}]}}