{"id":419774,"date":"2023-05-12T17:40:31","date_gmt":"2023-05-12T15:40:31","guid":{"rendered":"https:\/\/www.claret.cat\/llibre\/pau-pinyo-2-una-aventura-sense-pantalons-9788466154406\/"},"modified":"2026-02-27T19:15:47","modified_gmt":"2026-02-27T18:15:47","slug":"pau-pinyo-2-una-aventura-sense-pantalons-9788466154406","status":"publish","type":"product","link":"https:\/\/www.claret.cat\/es\/libro\/pau-pinyo-2-una-aventura-sense-pantalons-9788466154406\/","title":{"rendered":"PAU PINY\u00d3 2 UNA AVENTURA SENSE PANTALONS"},"content":{"rendered":"<p>El Pau Piny\u00f3 \u00e9s un l\u00e8mming una mica esverat que mai no para quiet.\u00a0\u00a0Cau, s&#8221;entrebanca, s&#8221;omple de fang&#8230; Per\u00f2 al final aconsegueix el que vol.<\/p>\n","protected":false},"excerpt":{"rendered":"<p>ANDR\u00c9S, JOS\u00c9 CARLOS<\/p>\n","protected":false},"featured_media":419775,"template":"","meta":{"_acf_changed":false,"om_disable_all_campaigns":false,"rs_blank_template":"","rs_page_bg_color":"","slide_template_v7":"","inline_featured_image":false,"_monsterinsights_skip_tracking":false,"_monsterinsights_sitenote_active":false,"_monsterinsights_sitenote_note":"","_monsterinsights_sitenote_category":0},"product_brand":[],"product_cat":[132,362],"product_tag":[],"class_list":{"0":"post-419774","1":"product","2":"type-product","3":"status-publish","4":"has-post-thumbnail","6":"product_cat-lectures-per-preadolescents-6-12-anys","7":"product_cat-libros-preadolescentes-6-12-anos","9":"first","10":"instock","11":"taxable","12":"shipping-taxable","13":"purchasable","14":"product-type-simple"},"acf":{"autor":"ANDR\u00c9S, JOS\u00c9 CARLOS","codart":"846615440","libros-coleccion":"FORA DE COL.LECCI\u00d3","ediciones":"1","encuadernacion":"Carton\u00e9","fecha_de_publicacion":"01\/05\/2023","novedad":"1","paginas":"37","subtitulo":"","orden":"0","portada":"0","idioma":"cat","editorial":[{"ID":147679,"post_author":"3","post_date":"2022-10-14 11:52:25","post_date_gmt":"2022-10-14 09:52:25","post_content":"","post_title":"CRUILLA \/SM-EDICIONS -VALENCIANO\/CATALAN","post_excerpt":"","post_status":"publish","comment_status":"closed","ping_status":"closed","post_password":"","post_name":"cruilla-sm-edicions-valenciano-catalan","to_ping":"","pinged":"","post_modified":"2022-10-14 11:52:25","post_modified_gmt":"2022-10-14 09:52:25","post_content_filtered":"","post_parent":0,"guid":"http:\/\/dev.claret.cat\/editorial\/cruilla-sm-edicions-valenciano-catalan\/","menu_order":0,"post_type":"editorial","post_mime_type":"","comment_count":"0","filter":"raw"}],"autores-libros":[{"ID":160204,"post_author":"3","post_date":"2022-10-14 15:51:08","post_date_gmt":"2022-10-14 13:51:08","post_content":"","post_title":"JOS\u00c9 CARLOS ANDR\u00c9S","post_excerpt":"","post_status":"publish","comment_status":"closed","ping_status":"closed","post_password":"","post_name":"jose-carlos-andres","to_ping":"","pinged":"","post_modified":"2022-10-14 15:51:08","post_modified_gmt":"2022-10-14 13:51:08","post_content_filtered":"","post_parent":0,"guid":"http:\/\/dev.claret.cat\/autor\/jose-carlos-andres\/","menu_order":0,"post_type":"autor","post_mime_type":"","comment_count":"0","filter":"raw"}],"booktrailer":"","resenas":""},"aioseo_notices":[],"_links":{"self":[{"href":"https:\/\/www.claret.cat\/es\/wp-json\/wp\/v2\/product\/419774","targetHints":{"allow":["GET"]}}],"collection":[{"href":"https:\/\/www.claret.cat\/es\/wp-json\/wp\/v2\/product"}],"about":[{"href":"https:\/\/www.claret.cat\/es\/wp-json\/wp\/v2\/types\/product"}],"wp:featuredmedia":[{"embeddable":true,"href":"https:\/\/www.claret.cat\/es\/wp-json\/wp\/v2\/media\/419775"}],"wp:attachment":[{"href":"https:\/\/www.claret.cat\/es\/wp-json\/wp\/v2\/media?parent=419774"}],"wp:term":[{"taxonomy":"product_brand","embeddable":true,"href":"https:\/\/www.claret.cat\/es\/wp-json\/wp\/v2\/product_brand?post=419774"},{"taxonomy":"product_cat","embeddable":true,"href":"https:\/\/www.claret.cat\/es\/wp-json\/wp\/v2\/product_cat?post=419774"},{"taxonomy":"product_tag","embeddable":true,"href":"https:\/\/www.claret.cat\/es\/wp-json\/wp\/v2\/product_tag?post=419774"}],"curies":[{"name":"wp","href":"https:\/\/api.w.org\/{rel}","templated":true}]}}