{"id":419793,"date":"2023-05-12T17:46:50","date_gmt":"2023-05-12T15:46:50","guid":{"rendered":"https:\/\/www.claret.cat\/llibre\/llegar-a-ser-lo-que-somos-hermanos-9788429331028\/"},"modified":"2024-05-24T07:37:56","modified_gmt":"2024-05-24T05:37:56","slug":"llegar-a-ser-lo-que-somos-hermanos-9788429331028","status":"publish","type":"product","link":"https:\/\/www.claret.cat\/es\/libro\/llegar-a-ser-lo-que-somos-hermanos-9788429331028\/","title":{"rendered":"LLEGAR A SER LO QUE SOMOS : HERMANOS"},"content":{"rendered":"<p>La antropolog\u00eda teol\u00f3gica reconoce al hombre como una creatura finita y relativa, pero con un dinamismo de infinitud, imagen y semejanza de Dios. Esta perspectiva se contrapone a la idea de Sartre de que el hombre es una &#8221;pasi\u00f3n in\u00fatil&#8221;, y en cambio, sugiere que es una pasi\u00f3n esperanzada. La acci\u00f3n del Esp\u00edritu de Dios en el ser humano hace que esa pasi\u00f3n no sea in\u00fatil y nos gu\u00eda hacia la libertad del amor. La antropolog\u00eda teol\u00f3gica no a\u00f1ade a las caracter\u00edsticas humanas, sino que ilumina su relaci\u00f3n con lo divino.<\/p>\n","protected":false},"excerpt":{"rendered":"<p>GONZ\u00c1LEZ FAUS, JOS\u00c9 IGNACIO<\/p>\n","protected":false},"featured_media":419794,"template":"","meta":{"_acf_changed":false,"om_disable_all_campaigns":false,"rs_blank_template":"","rs_page_bg_color":"","slide_template_v7":"","inline_featured_image":false,"_monsterinsights_skip_tracking":false,"_monsterinsights_sitenote_active":false,"_monsterinsights_sitenote_note":"","_monsterinsights_sitenote_category":0},"product_brand":[],"product_cat":[279,509],"product_tag":[],"class_list":{"0":"post-419793","1":"product","2":"type-product","3":"status-publish","4":"has-post-thumbnail","6":"product_cat-antropologia-teologica","7":"product_cat-antropologia-teologica-teologia-1_espiritualidad","9":"first","10":"instock","11":"taxable","12":"shipping-taxable","13":"purchasable","14":"product-type-simple"},"acf":{"autor":"GONZ\u00c1LEZ FAUS, JOS\u00c9 IGNACIO","codart":"842933102","libros-coleccion":"Presencia Teol\u00f3gica","ediciones":"1","encuadernacion":"R\u00fastica","fecha_de_publicacion":"17\/04\/2023","novedad":"1","paginas":"272","subtitulo":"","orden":"0","portada":"1","idioma":"spa","editorial":[{"ID":6351,"post_author":"3","post_date":"2022-07-28 17:50:19","post_date_gmt":"2022-07-28 15:50:19","post_content":"","post_title":"Sal Terrae","post_excerpt":"","post_status":"publish","comment_status":"closed","ping_status":"closed","post_password":"","post_name":"sal-terrae","to_ping":"","pinged":"","post_modified":"2022-07-28 17:50:19","post_modified_gmt":"2022-07-28 15:50:19","post_content_filtered":"","post_parent":0,"guid":"http:\/\/dev.claret.cat\/editorial\/sal-terrae\/","menu_order":0,"post_type":"editorial","post_mime_type":"","comment_count":"0","filter":"raw"}],"autores-libros":[{"ID":160278,"post_author":"3","post_date":"2022-10-14 15:51:47","post_date_gmt":"2022-10-14 13:51:47","post_content":"","post_title":"JOS\u00c9 IGNACIO GONZ\u00c1LEZ FAUS","post_excerpt":"","post_status":"publish","comment_status":"closed","ping_status":"closed","post_password":"","post_name":"jose-ignacio-gonzalez-faus","to_ping":"","pinged":"","post_modified":"2022-10-14 15:51:47","post_modified_gmt":"2022-10-14 13:51:47","post_content_filtered":"","post_parent":0,"guid":"http:\/\/dev.claret.cat\/autor\/jose-ignacio-gonzalez-faus\/","menu_order":0,"post_type":"autor","post_mime_type":"","comment_count":"0","filter":"raw"}]},"aioseo_notices":[],"_links":{"self":[{"href":"https:\/\/www.claret.cat\/es\/wp-json\/wp\/v2\/product\/419793","targetHints":{"allow":["GET"]}}],"collection":[{"href":"https:\/\/www.claret.cat\/es\/wp-json\/wp\/v2\/product"}],"about":[{"href":"https:\/\/www.claret.cat\/es\/wp-json\/wp\/v2\/types\/product"}],"wp:featuredmedia":[{"embeddable":true,"href":"https:\/\/www.claret.cat\/es\/wp-json\/wp\/v2\/media\/419794"}],"wp:attachment":[{"href":"https:\/\/www.claret.cat\/es\/wp-json\/wp\/v2\/media?parent=419793"}],"wp:term":[{"taxonomy":"product_brand","embeddable":true,"href":"https:\/\/www.claret.cat\/es\/wp-json\/wp\/v2\/product_brand?post=419793"},{"taxonomy":"product_cat","embeddable":true,"href":"https:\/\/www.claret.cat\/es\/wp-json\/wp\/v2\/product_cat?post=419793"},{"taxonomy":"product_tag","embeddable":true,"href":"https:\/\/www.claret.cat\/es\/wp-json\/wp\/v2\/product_tag?post=419793"}],"curies":[{"name":"wp","href":"https:\/\/api.w.org\/{rel}","templated":true}]}}