{"id":419799,"date":"2023-05-12T17:47:30","date_gmt":"2023-05-12T15:47:30","guid":{"rendered":"https:\/\/www.claret.cat\/llibre\/literatura-infantil-9788433905161\/"},"modified":"2024-01-05T16:55:19","modified_gmt":"2024-01-05T15:55:19","slug":"literatura-infantil-9788433905161","status":"publish","type":"product","link":"https:\/\/www.claret.cat\/es\/libro\/literatura-infantil-9788433905161\/","title":{"rendered":"LITERATURA INFANTIL"},"content":{"rendered":"<p>Diario de paternidad, \u00abcarta al hijo\u00bb y ficci\u00f3n pura conviven en extraordinaria armon\u00eda a lo largo de este libro. Aunque este singular e inclasificable libro de Alejandro Zambra se llama Literatura infantil, conviene advertir que incluye un magn\u00edfico cuento que gira en torno al lenguaje grosero y un relato directamente lis\u00e9rgico en que un hombre intenta, en pleno viaje terap\u00e9utico de hongos, volver a aprender el dificil\u00edsimo arte de gatear. En caso de que alg\u00fan ni\u00f1o llegara accidentalmente a estas p\u00e1ginas, deber\u00eda leerlas en compa\u00f1\u00eda de un adulto, a pesar de que aqu\u00ed son precisamente los ni\u00f1os quienes, a su manera, protegen a los adultos del des\u00e1nimo, el egocentrismo y la dictadura del tiempo cronol\u00f3gico.\u00abSer padre consiste en dejarse ganar hasta el d\u00eda en que la derrota sea verdadera\u00bb, dec\u00eda Alejandro Zambra en su c\u00e9lebre novela Poeta chileno, una idea que reaparece en este libro cautivador, escrito \u00aben estado de apego\u00bb o \u00abbajo la influencia\u00bb de la paternidad, cuyo tema estelar es la infancia o c\u00f3mo el nacimiento y el crecimiento de un hijo no solamente modifican el presente y el futuro, sino tambi\u00e9n remecen nuestras ideas acerca del pasado.Accedemos as\u00ed a un tratado falsamente serio o seriamente falso acerca de la \u00abtristeza futbol\u00edstica\u00bb o a una conmovedora historia de la pasi\u00f3n de un padre por la pesca, el mismo que unos a\u00f1os m\u00e1s tarde le regala a su hijo un pasaje a Nueva York a condici\u00f3n de que se corte el pelo, y que mucho m\u00e1s tarde inicia con el nieto en la distancia una conversaci\u00f3n extraordinaria, una intimidad tan natural ahora como antes imposible y largamente anhelada.Diario de paternidad, \u00abcarta al hijo\u00bb y ficci\u00f3n pura conviven en extra\u00f1a armon\u00eda a lo largo de este libro, que puede ser le\u00eddo como un manual heterodoxo para padres debutantes, o simplemente como un nuevo y brillante cap\u00edtulo que enriquece la obra magn\u00edfica de uno de los escritores latinoamericanos m\u00e1s relevantes de las \u00faltimas d\u00e9cadas.<\/p>\n","protected":false},"excerpt":{"rendered":"<p>ZAMBRA, ALEJANDRO<\/p>\n","protected":false},"featured_media":419800,"template":"","meta":{"_acf_changed":false,"om_disable_all_campaigns":false,"rs_blank_template":"","rs_page_bg_color":"","slide_template_v7":"","inline_featured_image":false,"_monsterinsights_skip_tracking":false,"_monsterinsights_sitenote_active":false,"_monsterinsights_sitenote_note":"","_monsterinsights_sitenote_category":0},"product_brand":[],"product_cat":[127,357],"product_tag":[],"class_list":{"0":"post-419799","1":"product","2":"type-product","3":"status-publish","4":"has-post-thumbnail","6":"product_cat-novella-contemporania","7":"product_cat-novela-contemporanea","9":"first","10":"instock","11":"taxable","12":"shipping-taxable","13":"purchasable","14":"product-type-simple"},"acf":{"autor":"ZAMBRA, ALEJANDRO","codart":"843390516","libros-coleccion":"Narrativas hisp\u00e1nicas","ediciones":"1","encuadernacion":"R\u00fastica","fecha_de_publicacion":"01\/05\/2023","novedad":"1","paginas":"232","subtitulo":"","orden":"0","portada":"0","idioma":"spa","editorial":[{"ID":6219,"post_author":"3","post_date":"2022-07-28 17:47:26","post_date_gmt":"2022-07-28 15:47:26","post_content":"","post_title":"Editorial Anagrama S.A.","post_excerpt":"","post_status":"publish","comment_status":"closed","ping_status":"closed","post_password":"","post_name":"editorial-anagrama-s-a","to_ping":"","pinged":"","post_modified":"2022-07-28 17:47:26","post_modified_gmt":"2022-07-28 15:47:26","post_content_filtered":"","post_parent":0,"guid":"http:\/\/dev.claret.cat\/editorial\/editorial-anagrama-s-a\/","menu_order":0,"post_type":"editorial","post_mime_type":"","comment_count":"0","filter":"raw"}],"autores-libros":[{"ID":149583,"post_author":"3","post_date":"2022-10-14 14:26:04","post_date_gmt":"2022-10-14 12:26:04","post_content":"","post_title":"ALEJANDRO ZAMBRA","post_excerpt":"","post_status":"publish","comment_status":"closed","ping_status":"closed","post_password":"","post_name":"alejandro-zambra","to_ping":"","pinged":"","post_modified":"2022-10-14 14:26:04","post_modified_gmt":"2022-10-14 12:26:04","post_content_filtered":"","post_parent":0,"guid":"http:\/\/dev.claret.cat\/autor\/alejandro-zambra\/","menu_order":0,"post_type":"autor","post_mime_type":"","comment_count":"0","filter":"raw"}]},"aioseo_notices":[],"_links":{"self":[{"href":"https:\/\/www.claret.cat\/es\/wp-json\/wp\/v2\/product\/419799","targetHints":{"allow":["GET"]}}],"collection":[{"href":"https:\/\/www.claret.cat\/es\/wp-json\/wp\/v2\/product"}],"about":[{"href":"https:\/\/www.claret.cat\/es\/wp-json\/wp\/v2\/types\/product"}],"wp:featuredmedia":[{"embeddable":true,"href":"https:\/\/www.claret.cat\/es\/wp-json\/wp\/v2\/media\/419800"}],"wp:attachment":[{"href":"https:\/\/www.claret.cat\/es\/wp-json\/wp\/v2\/media?parent=419799"}],"wp:term":[{"taxonomy":"product_brand","embeddable":true,"href":"https:\/\/www.claret.cat\/es\/wp-json\/wp\/v2\/product_brand?post=419799"},{"taxonomy":"product_cat","embeddable":true,"href":"https:\/\/www.claret.cat\/es\/wp-json\/wp\/v2\/product_cat?post=419799"},{"taxonomy":"product_tag","embeddable":true,"href":"https:\/\/www.claret.cat\/es\/wp-json\/wp\/v2\/product_tag?post=419799"}],"curies":[{"name":"wp","href":"https:\/\/api.w.org\/{rel}","templated":true}]}}