{"id":419834,"date":"2023-05-12T19:15:28","date_gmt":"2023-05-12T17:15:28","guid":{"rendered":"https:\/\/www.claret.cat\/llibre\/perro-apestoso-en-paris-9788419172990\/"},"modified":"2025-04-22T13:10:06","modified_gmt":"2025-04-22T11:10:06","slug":"perro-apestoso-en-paris-9788419172990","status":"publish","type":"product","link":"https:\/\/www.claret.cat\/es\/libro\/perro-apestoso-en-paris-9788419172990\/","title":{"rendered":"PERRO APESTOSO EN PAR\u00cdS"},"content":{"rendered":"<p>INCLUYE UN DIVERTIDO MAPA DE PAR\u00cdS DE REGALO<\/p>\n<p> Perro Apestoso y Gatochato nunca han estado en Par\u00eds. Sue\u00f1an con visitar el museo del Louvre, con subir a Montmartre, con ver la Torre Eiffel. \u00a1Qu\u00e9 maravilloso ser\u00eda disfrutar del ambiente parisino, tan bohemio! Por eso cuando se les presenta la oportunidad de unirse a un tour por la ciudad, no lo dudan ni un segundo.<\/p>\n<p> \u00bfQu\u00e9 les deparar\u00e1 este magn\u00edfico viaje? \u00bfSobrevivir\u00e1n a los peligros de Par\u00eds? \u00bfSobrevivir\u00e1 Par\u00eds a la visita de nuestros desastrosos amigos?<\/p>\n","protected":false},"excerpt":{"rendered":"<p>GUTMAN, COLAS<\/p>\n","protected":false},"featured_media":970128,"template":"","meta":{"_acf_changed":false,"om_disable_all_campaigns":false,"rs_blank_template":"","rs_page_bg_color":"","slide_template_v7":"","inline_featured_image":false,"_monsterinsights_skip_tracking":false,"_monsterinsights_sitenote_active":false,"_monsterinsights_sitenote_note":"","_monsterinsights_sitenote_category":0},"product_brand":[],"product_cat":[132,362],"product_tag":[],"class_list":{"0":"post-419834","1":"product","2":"type-product","3":"status-publish","4":"has-post-thumbnail","6":"product_cat-lectures-per-preadolescents-6-12-anys","7":"product_cat-libros-preadolescentes-6-12-anos","9":"first","10":"instock","11":"taxable","12":"shipping-taxable","13":"purchasable","14":"product-type-simple"},"acf":{"autor":"GUTMAN, COLAS","codart":"841917299","libros-coleccion":"FORA DE COL.LECCI\u00d3","ediciones":"1","encuadernacion":"Carton\u00e9","fecha_de_publicacion":"01\/05\/2023","novedad":"1","paginas":"144","subtitulo":"","orden":"0","portada":"0","idioma":"spa","editorial":[{"ID":6146,"post_author":"3","post_date":"2022-07-28 17:45:52","post_date_gmt":"2022-07-28 15:45:52","post_content":"","post_title":"Blackie Books","post_excerpt":"","post_status":"publish","comment_status":"closed","ping_status":"closed","post_password":"","post_name":"blackie-books","to_ping":"","pinged":"","post_modified":"2022-07-28 17:45:52","post_modified_gmt":"2022-07-28 15:45:52","post_content_filtered":"","post_parent":0,"guid":"http:\/\/dev.claret.cat\/editorial\/blackie-books\/","menu_order":0,"post_type":"editorial","post_mime_type":"","comment_count":"0","filter":"raw"}],"autores-libros":[{"ID":5363,"post_author":"3","post_date":"2022-07-28 17:22:22","post_date_gmt":"2022-07-28 15:22:22","post_content":"","post_title":"COLAS GUTMAN","post_excerpt":"","post_status":"publish","comment_status":"closed","ping_status":"closed","post_password":"","post_name":"colas-gutman","to_ping":"","pinged":"","post_modified":"2022-07-28 17:22:22","post_modified_gmt":"2022-07-28 15:22:22","post_content_filtered":"","post_parent":0,"guid":"http:\/\/dev.claret.cat\/autor\/colas-gutman\/","menu_order":0,"post_type":"autor","post_mime_type":"","comment_count":"0","filter":"raw"}],"booktrailer":"","resenas":""},"aioseo_notices":[],"_links":{"self":[{"href":"https:\/\/www.claret.cat\/es\/wp-json\/wp\/v2\/product\/419834","targetHints":{"allow":["GET"]}}],"collection":[{"href":"https:\/\/www.claret.cat\/es\/wp-json\/wp\/v2\/product"}],"about":[{"href":"https:\/\/www.claret.cat\/es\/wp-json\/wp\/v2\/types\/product"}],"wp:featuredmedia":[{"embeddable":true,"href":"https:\/\/www.claret.cat\/es\/wp-json\/wp\/v2\/media\/970128"}],"wp:attachment":[{"href":"https:\/\/www.claret.cat\/es\/wp-json\/wp\/v2\/media?parent=419834"}],"wp:term":[{"taxonomy":"product_brand","embeddable":true,"href":"https:\/\/www.claret.cat\/es\/wp-json\/wp\/v2\/product_brand?post=419834"},{"taxonomy":"product_cat","embeddable":true,"href":"https:\/\/www.claret.cat\/es\/wp-json\/wp\/v2\/product_cat?post=419834"},{"taxonomy":"product_tag","embeddable":true,"href":"https:\/\/www.claret.cat\/es\/wp-json\/wp\/v2\/product_tag?post=419834"}],"curies":[{"name":"wp","href":"https:\/\/api.w.org\/{rel}","templated":true}]}}