{"id":419837,"date":"2023-05-12T19:15:39","date_gmt":"2023-05-12T17:15:39","guid":{"rendered":"https:\/\/www.claret.cat\/llibre\/hermanito-edicion-escolar-incluye-guia-de-lectura-9788419654113\/"},"modified":"2025-10-02T17:45:42","modified_gmt":"2025-10-02T15:45:42","slug":"hermanito-edicion-escolar-incluye-guia-de-lectura-9788419654113","status":"publish","type":"product","link":"https:\/\/www.claret.cat\/es\/libro\/hermanito-edicion-escolar-incluye-guia-de-lectura-9788419654113\/","title":{"rendered":"HERMANITO. EDICI\u00d3N ESCOLAR (INCLUYE GU\u00cdA DE LECTURA)"},"content":{"rendered":"<p>Este libro te cambiar\u00e1.<\/p>\n<p> Esta historia arranca as\u00ed: \u00abEstoy en Europa pero yo no quer\u00eda venir a Europa\u00bb. Ibrahima Balde naci\u00f3 en Guinea, pero se vio forzado a abandonar su casa para ir a buscar a su hermano peque\u00f1o. No sali\u00f3 para perseguir un sue\u00f1o. Abandon\u00f3 su hogar para encontrar a la persona que m\u00e1s quer\u00eda.<\/p>\n<p> Una mirada ingenua, castigada, arrebatadoramente po\u00e9tica y, en definitiva, \u00fanica. La de quien ha sufrido todo y, sin embargo, tiene el poder de convertirlo en algo \u00fatil. En algo bello.<\/p>\n<p> \u00abEl mundo ser\u00eda un lugar mejor si todos ley\u00e9ramos a Ibrahima.\u00bb<br \/> JORDI EVOLE<br \/> \u00abNo es un libro de poes\u00eda, pero es el libro de mayor intensidad po\u00e9tica que he le\u00eddo en los \u00faltimos a\u00f1os.\u00bb<br \/> ANDREA ABREU<br \/> \u00abNo ser\u00e1s la misma persona despu\u00e9s de leer este libro. Un relato duro, triste y po\u00e9tico que deber\u00eda ser de lectura obligatoria para darnos cuenta de que la vida es algo m\u00e1s que la lucha de personas contra personas.\u00bb<br \/> ALBA FLORES<\/p>\n","protected":false},"excerpt":{"rendered":"<p>BALDE, IBRAHIMA \/ ARZALLUS ANTIA, AMETS \/ IZAGIRRE, ANDER<\/p>\n","protected":false},"featured_media":419838,"template":"","meta":{"_acf_changed":false,"om_disable_all_campaigns":false,"rs_blank_template":"","rs_page_bg_color":"","slide_template_v7":"","inline_featured_image":false,"_monsterinsights_skip_tracking":false,"_monsterinsights_sitenote_active":false,"_monsterinsights_sitenote_note":"","_monsterinsights_sitenote_category":0},"product_brand":[],"product_cat":[133,117,566,363,127,357],"product_tag":[],"class_list":{"0":"post-419837","1":"product","2":"type-product","3":"status-publish","4":"has-post-thumbnail","6":"product_cat-lectures-per-adolescents-12-18-anys","7":"product_cat-juvenil","8":"product_cat-juvenil-3_infantil-juvenil-spa-spa","9":"product_cat-lecturas-por-adolescentes-12-18-anos","10":"product_cat-novella-contemporania","11":"product_cat-novela-contemporanea","13":"first","14":"instock","15":"taxable","16":"shipping-taxable","17":"purchasable","18":"product-type-simple"},"acf":{"autor":"BALDE, IBRAHIMA \/ ARZALLUS ANTIA, AMETS \/ IZAGIRRE, ANDER","codart":"841965411","libros-coleccion":"FORA DE COL.LECCI\u00d3","ediciones":"1","encuadernacion":"R\u00fastica","fecha_de_publicacion":"01\/05\/2023","novedad":"1","paginas":"144","subtitulo":"MI\u00d1\u00c1N","orden":"0","portada":"0","idioma":"spa","editorial":[{"ID":6146,"post_author":"3","post_date":"2022-07-28 17:45:52","post_date_gmt":"2022-07-28 15:45:52","post_content":"","post_title":"Blackie Books","post_excerpt":"","post_status":"publish","comment_status":"closed","ping_status":"closed","post_password":"","post_name":"blackie-books","to_ping":"","pinged":"","post_modified":"2022-07-28 17:45:52","post_modified_gmt":"2022-07-28 15:45:52","post_content_filtered":"","post_parent":0,"guid":"http:\/\/dev.claret.cat\/editorial\/blackie-books\/","menu_order":0,"post_type":"editorial","post_mime_type":"","comment_count":"0","filter":"raw"}],"autores-libros":[{"ID":157728,"post_author":"3","post_date":"2022-10-14 15:31:09","post_date_gmt":"2022-10-14 13:31:09","post_content":"","post_title":"IBRAHIMA BALDE","post_excerpt":"","post_status":"publish","comment_status":"closed","ping_status":"closed","post_password":"","post_name":"ibrahima-balde","to_ping":"","pinged":"","post_modified":"2022-10-14 15:31:09","post_modified_gmt":"2022-10-14 13:31:09","post_content_filtered":"","post_parent":0,"guid":"http:\/\/dev.claret.cat\/autor\/ibrahima-balde\/","menu_order":0,"post_type":"autor","post_mime_type":"","comment_count":"0","filter":"raw"},{"ID":150006,"post_author":"3","post_date":"2022-10-14 14:29:28","post_date_gmt":"2022-10-14 12:29:28","post_content":"","post_title":"AMETS ARZALLUS ANTIA","post_excerpt":"","post_status":"publish","comment_status":"closed","ping_status":"closed","post_password":"","post_name":"amets-arzallus-antia","to_ping":"","pinged":"","post_modified":"2022-10-14 14:29:28","post_modified_gmt":"2022-10-14 12:29:28","post_content_filtered":"","post_parent":0,"guid":"http:\/\/dev.claret.cat\/autor\/amets-arzallus-antia\/","menu_order":0,"post_type":"autor","post_mime_type":"","comment_count":"0","filter":"raw"},{"ID":150172,"post_author":"3","post_date":"2022-10-14 14:30:49","post_date_gmt":"2022-10-14 12:30:49","post_content":"","post_title":"ANDER IZAGIRRE","post_excerpt":"","post_status":"publish","comment_status":"closed","ping_status":"closed","post_password":"","post_name":"ander-izagirre","to_ping":"","pinged":"","post_modified":"2022-10-14 14:30:49","post_modified_gmt":"2022-10-14 12:30:49","post_content_filtered":"","post_parent":0,"guid":"http:\/\/dev.claret.cat\/autor\/ander-izagirre\/","menu_order":0,"post_type":"autor","post_mime_type":"","comment_count":"0","filter":"raw"}],"booktrailer":"","resenas":""},"aioseo_notices":[],"_links":{"self":[{"href":"https:\/\/www.claret.cat\/es\/wp-json\/wp\/v2\/product\/419837","targetHints":{"allow":["GET"]}}],"collection":[{"href":"https:\/\/www.claret.cat\/es\/wp-json\/wp\/v2\/product"}],"about":[{"href":"https:\/\/www.claret.cat\/es\/wp-json\/wp\/v2\/types\/product"}],"wp:featuredmedia":[{"embeddable":true,"href":"https:\/\/www.claret.cat\/es\/wp-json\/wp\/v2\/media\/419838"}],"wp:attachment":[{"href":"https:\/\/www.claret.cat\/es\/wp-json\/wp\/v2\/media?parent=419837"}],"wp:term":[{"taxonomy":"product_brand","embeddable":true,"href":"https:\/\/www.claret.cat\/es\/wp-json\/wp\/v2\/product_brand?post=419837"},{"taxonomy":"product_cat","embeddable":true,"href":"https:\/\/www.claret.cat\/es\/wp-json\/wp\/v2\/product_cat?post=419837"},{"taxonomy":"product_tag","embeddable":true,"href":"https:\/\/www.claret.cat\/es\/wp-json\/wp\/v2\/product_tag?post=419837"}],"curies":[{"name":"wp","href":"https:\/\/api.w.org\/{rel}","templated":true}]}}