{"id":419855,"date":"2023-05-12T19:40:08","date_gmt":"2023-05-12T17:40:08","guid":{"rendered":"https:\/\/www.claret.cat\/llibre\/gos-pudent-a-paris-9788419654007\/"},"modified":"2025-10-03T12:25:10","modified_gmt":"2025-10-03T10:25:10","slug":"gos-pudent-a-paris-9788419654007","status":"publish","type":"product","link":"https:\/\/www.claret.cat\/es\/libro\/gos-pudent-a-paris-9788419654007\/","title":{"rendered":"GOS PUDENT A PAR\u00cdS"},"content":{"rendered":"<p>INCLOU UN DIVERTIT MAPA DE PAR\u00cdS DE REGAL<\/p>\n<p> En Gos Pudent i en Gatxafat no han estat mai a Par\u00eds. Somien amb visitar el museu del Louvre, pujar a Montmartre, veure la Torre Eiffel. Seria meravell\u00f3s gaudir de l&#8217;ambient parisenc, tan bohemi! Aix\u00ed que quan se&#8217;ls presenta l&#8217;oportunitat d&#8217;unir-se a un tour tur\u00edstic per la ciutat, no ho dubten ni un segon.<\/p>\n<p> Qu\u00e8 els deparar\u00e0 aquest magn\u00edfic viatge? Sobreviuran als perills de Par\u00eds? Sobreviur\u00e0 Par\u00eds a la visita dels nostres desastrosos amics?<\/p>\n","protected":false},"excerpt":{"rendered":"<p>GUTMAN, COLAS<\/p>\n","protected":false},"featured_media":970156,"template":"","meta":{"_acf_changed":false,"om_disable_all_campaigns":false,"rs_blank_template":"","rs_page_bg_color":"","slide_template_v7":"","inline_featured_image":false,"_monsterinsights_skip_tracking":false,"_monsterinsights_sitenote_active":false,"_monsterinsights_sitenote_note":"","_monsterinsights_sitenote_category":0},"product_brand":[],"product_cat":[132,362],"product_tag":[],"class_list":{"0":"post-419855","1":"product","2":"type-product","3":"status-publish","4":"has-post-thumbnail","6":"product_cat-lectures-per-preadolescents-6-12-anys","7":"product_cat-libros-preadolescentes-6-12-anos","9":"first","10":"instock","11":"taxable","12":"shipping-taxable","13":"purchasable","14":"product-type-simple"},"acf":{"autor":"GUTMAN, COLAS","codart":"841965400","libros-coleccion":"FORA DE COL.LECCI\u00d3","ediciones":"1","encuadernacion":"Carton\u00e9","fecha_de_publicacion":"01\/05\/2023","novedad":"1","paginas":"144","subtitulo":"","orden":"0","portada":"1","idioma":"cat","editorial":[{"ID":6146,"post_author":"3","post_date":"2022-07-28 17:45:52","post_date_gmt":"2022-07-28 15:45:52","post_content":"","post_title":"Blackie Books","post_excerpt":"","post_status":"publish","comment_status":"closed","ping_status":"closed","post_password":"","post_name":"blackie-books","to_ping":"","pinged":"","post_modified":"2022-07-28 17:45:52","post_modified_gmt":"2022-07-28 15:45:52","post_content_filtered":"","post_parent":0,"guid":"http:\/\/dev.claret.cat\/editorial\/blackie-books\/","menu_order":0,"post_type":"editorial","post_mime_type":"","comment_count":"0","filter":"raw"}],"autores-libros":[{"ID":5363,"post_author":"3","post_date":"2022-07-28 17:22:22","post_date_gmt":"2022-07-28 15:22:22","post_content":"","post_title":"COLAS GUTMAN","post_excerpt":"","post_status":"publish","comment_status":"closed","ping_status":"closed","post_password":"","post_name":"colas-gutman","to_ping":"","pinged":"","post_modified":"2022-07-28 17:22:22","post_modified_gmt":"2022-07-28 15:22:22","post_content_filtered":"","post_parent":0,"guid":"http:\/\/dev.claret.cat\/autor\/colas-gutman\/","menu_order":0,"post_type":"autor","post_mime_type":"","comment_count":"0","filter":"raw"}],"booktrailer":"","resenas":""},"aioseo_notices":[],"_links":{"self":[{"href":"https:\/\/www.claret.cat\/es\/wp-json\/wp\/v2\/product\/419855","targetHints":{"allow":["GET"]}}],"collection":[{"href":"https:\/\/www.claret.cat\/es\/wp-json\/wp\/v2\/product"}],"about":[{"href":"https:\/\/www.claret.cat\/es\/wp-json\/wp\/v2\/types\/product"}],"wp:featuredmedia":[{"embeddable":true,"href":"https:\/\/www.claret.cat\/es\/wp-json\/wp\/v2\/media\/970156"}],"wp:attachment":[{"href":"https:\/\/www.claret.cat\/es\/wp-json\/wp\/v2\/media?parent=419855"}],"wp:term":[{"taxonomy":"product_brand","embeddable":true,"href":"https:\/\/www.claret.cat\/es\/wp-json\/wp\/v2\/product_brand?post=419855"},{"taxonomy":"product_cat","embeddable":true,"href":"https:\/\/www.claret.cat\/es\/wp-json\/wp\/v2\/product_cat?post=419855"},{"taxonomy":"product_tag","embeddable":true,"href":"https:\/\/www.claret.cat\/es\/wp-json\/wp\/v2\/product_tag?post=419855"}],"curies":[{"name":"wp","href":"https:\/\/api.w.org\/{rel}","templated":true}]}}