{"id":419927,"date":"2023-05-15T16:35:11","date_gmt":"2023-05-15T14:35:11","guid":{"rendered":"https:\/\/www.claret.cat\/llibre\/nuevos-enigmas-de-la-biblia-4-9788428839990\/"},"modified":"2026-02-05T13:06:27","modified_gmt":"2026-02-05T12:06:27","slug":"nuevos-enigmas-de-la-biblia-5-9788428839990","status":"publish","type":"product","link":"https:\/\/www.claret.cat\/es\/libro\/nuevos-enigmas-de-la-biblia-5-9788428839990\/","title":{"rendered":"NUEVOS ENIGMAS DE LA BIBLIA &#8211; 5"},"content":{"rendered":"<p><span>\u00bfQui\u00e9n fue la mujer que salv\u00f3 la descendencia jud\u00eda?\u00bfPor qu\u00e9 la Ley de Mois\u00e9s reprobaba la homosexualidad?\u00bfCu\u00e1ntos tipos de Mes\u00edas hab\u00eda en la \u00e9poca de Cristo?\u00bfQui\u00e9n era Baruc?\u00bfPor qu\u00e9 no coinciden los antepasados de Jesucristo?\u00bfPronunci\u00f3 Jes\u00fas el Serm\u00f3n de la monta\u00f1a?\u00bfQui\u00e9n escribi\u00f3 su primera biograf\u00eda?\u00bfPor qu\u00e9 quisieron asesinar a Jes\u00fas despu\u00e9s de su primer serm\u00f3n?\u00bfPor qu\u00e9 el evangelio de Juan empieza con un himno?\u00bfQui\u00e9nes son los veinticuatro ancianos del Apocalipsis?<\/span><\/p>\n","protected":false},"excerpt":{"rendered":"<p>\u00c1LVAREZ VALD\u00c9S, ARIEL<\/p>\n","protected":false},"featured_media":1081517,"template":"","meta":{"_acf_changed":false,"om_disable_all_campaigns":false,"rs_blank_template":"","rs_page_bg_color":"","slide_template_v7":"","inline_featured_image":false,"_monsterinsights_skip_tracking":false,"_monsterinsights_sitenote_active":false,"_monsterinsights_sitenote_note":"","_monsterinsights_sitenote_category":0},"product_brand":[],"product_cat":[412,274,472,213],"product_tag":[],"class_list":{"0":"post-419927","1":"product","2":"type-product","3":"status-publish","4":"has-post-thumbnail","6":"product_cat-estudios-sagrada-escritura","7":"product_cat-estudis-sagrada-escriptura","8":"product_cat-manuales-y-guias","9":"product_cat-manuals-i-guies","11":"first","12":"instock","13":"taxable","14":"shipping-taxable","15":"purchasable","16":"product-type-simple"},"acf":{"autor":"\u00c1LVAREZ VALD\u00c9S, ARIEL","codart":"842883999","libros-coleccion":"FORA DE COL.LECCI\u00d3","ediciones":"1","encuadernacion":"R\u00fastica","fecha_de_publicacion":"15\/05\/2023","novedad":"1","paginas":"174","subtitulo":"","orden":"0","portada":"1","idioma":"spa","editorial":[{"ID":6335,"post_author":"3","post_date":"2022-07-28 17:49:59","post_date_gmt":"2022-07-28 15:49:59","post_content":"","post_title":"PPC altres","post_excerpt":"","post_status":"publish","comment_status":"closed","ping_status":"closed","post_password":"","post_name":"ppc-altres","to_ping":"","pinged":"","post_modified":"2022-07-28 17:49:59","post_modified_gmt":"2022-07-28 15:49:59","post_content_filtered":"","post_parent":0,"guid":"http:\/\/dev.claret.cat\/editorial\/ppc-altres\/","menu_order":0,"post_type":"editorial","post_mime_type":"","comment_count":"0","filter":"raw"}],"autores-libros":[{"ID":151077,"post_author":"3","post_date":"2022-10-14 14:38:01","post_date_gmt":"2022-10-14 12:38:01","post_content":"","post_title":"ARIEL ALVAREZ VALDES","post_excerpt":"","post_status":"publish","comment_status":"closed","ping_status":"closed","post_password":"","post_name":"ariel-alvarez-valdes","to_ping":"","pinged":"","post_modified":"2022-10-14 14:38:01","post_modified_gmt":"2022-10-14 12:38:01","post_content_filtered":"","post_parent":0,"guid":"http:\/\/dev.claret.cat\/autor\/ariel-alvarez-valdes\/","menu_order":0,"post_type":"autor","post_mime_type":"","comment_count":"0","filter":"raw"}],"booktrailer":"","resenas":""},"aioseo_notices":[],"_links":{"self":[{"href":"https:\/\/www.claret.cat\/es\/wp-json\/wp\/v2\/product\/419927","targetHints":{"allow":["GET"]}}],"collection":[{"href":"https:\/\/www.claret.cat\/es\/wp-json\/wp\/v2\/product"}],"about":[{"href":"https:\/\/www.claret.cat\/es\/wp-json\/wp\/v2\/types\/product"}],"wp:featuredmedia":[{"embeddable":true,"href":"https:\/\/www.claret.cat\/es\/wp-json\/wp\/v2\/media\/1081517"}],"wp:attachment":[{"href":"https:\/\/www.claret.cat\/es\/wp-json\/wp\/v2\/media?parent=419927"}],"wp:term":[{"taxonomy":"product_brand","embeddable":true,"href":"https:\/\/www.claret.cat\/es\/wp-json\/wp\/v2\/product_brand?post=419927"},{"taxonomy":"product_cat","embeddable":true,"href":"https:\/\/www.claret.cat\/es\/wp-json\/wp\/v2\/product_cat?post=419927"},{"taxonomy":"product_tag","embeddable":true,"href":"https:\/\/www.claret.cat\/es\/wp-json\/wp\/v2\/product_tag?post=419927"}],"curies":[{"name":"wp","href":"https:\/\/api.w.org\/{rel}","templated":true}]}}