{"id":419930,"date":"2023-05-15T16:45:02","date_gmt":"2023-05-15T14:45:02","guid":{"rendered":"https:\/\/www.claret.cat\/llibre\/nuevos-enigmas-de-la-biblia-6-9788428840019\/"},"modified":"2026-02-05T13:07:00","modified_gmt":"2026-02-05T12:07:00","slug":"nuevos-enigmas-de-la-biblia-6-9788428840019","status":"publish","type":"product","link":"https:\/\/www.claret.cat\/es\/libro\/nuevos-enigmas-de-la-biblia-6-9788428840019\/","title":{"rendered":"NUEVOS ENIGMAS DE LA BIBLIA &#8211; 6"},"content":{"rendered":"<p><span>\u00bfFue el patriarca Abrah\u00e1n un militar b\u00e9lico?\u00bfCu\u00e1l fue el genocidio b\u00edblico logrado con una palabra?\u00bfPor qu\u00e9 el rey As\u00e1 enferm\u00f3 de los pies?\u00bfCu\u00e1l es el \u00fanico libro de la Biblia escrito en tres lenguas?\u00bfCu\u00e1l es el profeta m\u00e1s criticado de la Biblia?\u00bfQui\u00e9n es la \u00fanica profetisa mencionada en el Nuevo Testamento?\u00bfQu\u00e9 quiso decir Jesucristo con el camello y el ojo de la aguja?\u00bfFue Cristo un profeta apocal\u00edptico?\u00bfEstaba dirigida a los efesios la carta a los Efesios?\u00bfQui\u00e9nes eran los misteriosos nicola\u00edtas del Apocalipsis?<\/span><\/p>\n","protected":false},"excerpt":{"rendered":"<p>\u00c1LVAREZ VALD\u00c9S, ARIEL<\/p>\n","protected":false},"featured_media":1081519,"template":"","meta":{"_acf_changed":false,"om_disable_all_campaigns":false,"rs_blank_template":"","rs_page_bg_color":"","slide_template_v7":"","inline_featured_image":false,"_monsterinsights_skip_tracking":false,"_monsterinsights_sitenote_active":false,"_monsterinsights_sitenote_note":"","_monsterinsights_sitenote_category":0},"product_brand":[],"product_cat":[412,274,472,213],"product_tag":[],"class_list":{"0":"post-419930","1":"product","2":"type-product","3":"status-publish","4":"has-post-thumbnail","6":"product_cat-estudios-sagrada-escritura","7":"product_cat-estudis-sagrada-escriptura","8":"product_cat-manuales-y-guias","9":"product_cat-manuals-i-guies","11":"first","12":"instock","13":"taxable","14":"shipping-taxable","15":"purchasable","16":"product-type-simple"},"acf":{"autor":"\u00c1LVAREZ VALD\u00c9S, ARIEL","codart":"842884001","libros-coleccion":"FORA DE COL.LECCI\u00d3","ediciones":"1","encuadernacion":"R\u00fastica","fecha_de_publicacion":"15\/05\/2023","novedad":"1","paginas":"181","subtitulo":"","orden":"0","portada":"1","idioma":"spa","editorial":[{"ID":6335,"post_author":"3","post_date":"2022-07-28 17:49:59","post_date_gmt":"2022-07-28 15:49:59","post_content":"","post_title":"PPC altres","post_excerpt":"","post_status":"publish","comment_status":"closed","ping_status":"closed","post_password":"","post_name":"ppc-altres","to_ping":"","pinged":"","post_modified":"2022-07-28 17:49:59","post_modified_gmt":"2022-07-28 15:49:59","post_content_filtered":"","post_parent":0,"guid":"http:\/\/dev.claret.cat\/editorial\/ppc-altres\/","menu_order":0,"post_type":"editorial","post_mime_type":"","comment_count":"0","filter":"raw"}],"autores-libros":[{"ID":151077,"post_author":"3","post_date":"2022-10-14 14:38:01","post_date_gmt":"2022-10-14 12:38:01","post_content":"","post_title":"ARIEL ALVAREZ VALDES","post_excerpt":"","post_status":"publish","comment_status":"closed","ping_status":"closed","post_password":"","post_name":"ariel-alvarez-valdes","to_ping":"","pinged":"","post_modified":"2022-10-14 14:38:01","post_modified_gmt":"2022-10-14 12:38:01","post_content_filtered":"","post_parent":0,"guid":"http:\/\/dev.claret.cat\/autor\/ariel-alvarez-valdes\/","menu_order":0,"post_type":"autor","post_mime_type":"","comment_count":"0","filter":"raw"}],"booktrailer":"","resenas":""},"aioseo_notices":[],"_links":{"self":[{"href":"https:\/\/www.claret.cat\/es\/wp-json\/wp\/v2\/product\/419930","targetHints":{"allow":["GET"]}}],"collection":[{"href":"https:\/\/www.claret.cat\/es\/wp-json\/wp\/v2\/product"}],"about":[{"href":"https:\/\/www.claret.cat\/es\/wp-json\/wp\/v2\/types\/product"}],"wp:featuredmedia":[{"embeddable":true,"href":"https:\/\/www.claret.cat\/es\/wp-json\/wp\/v2\/media\/1081519"}],"wp:attachment":[{"href":"https:\/\/www.claret.cat\/es\/wp-json\/wp\/v2\/media?parent=419930"}],"wp:term":[{"taxonomy":"product_brand","embeddable":true,"href":"https:\/\/www.claret.cat\/es\/wp-json\/wp\/v2\/product_brand?post=419930"},{"taxonomy":"product_cat","embeddable":true,"href":"https:\/\/www.claret.cat\/es\/wp-json\/wp\/v2\/product_cat?post=419930"},{"taxonomy":"product_tag","embeddable":true,"href":"https:\/\/www.claret.cat\/es\/wp-json\/wp\/v2\/product_tag?post=419930"}],"curies":[{"name":"wp","href":"https:\/\/api.w.org\/{rel}","templated":true}]}}