{"id":419933,"date":"2023-05-15T16:45:13","date_gmt":"2023-05-15T14:45:13","guid":{"rendered":"https:\/\/www.claret.cat\/llibre\/un-futuro-sin-cristo-9788428839921\/"},"modified":"2026-01-23T14:13:04","modified_gmt":"2026-01-23T13:13:04","slug":"un-futuro-sin-cristo-9788428839921","status":"publish","type":"product","link":"https:\/\/www.claret.cat\/es\/libro\/un-futuro-sin-cristo-9788428839921\/","title":{"rendered":"\u00bfUN FUTURO SIN CRISTO?"},"content":{"rendered":"<p><span>Esta obra indaga en diversos temas de la vida humana social y personal a la luz de Jesucristo. Su punto de partida es el hecho de Cristo, y despliega sus implicaciones espirituales, culturales, sociales, pol\u00edticas, \u00e9ticas. Es original en la medida en que se dirige al mundo universitario, sin aceptar de antemano las restricciones que una cultura lejana del cristianismo, o que jam\u00e1s tuvo contacto con \u00e9l, parece exigir para entablar un di\u00e1logo. Efectivamente, no presenta ante los interlocutores un cristianismo \u00fanicamente \u00e9tico ni presenta la fe cristiana como un puro suplemento espiritual para un Occidente agotado por sus tensiones internas. Se escoge un punto de partida poco frecuente, que describe el trayecto de la fe teologal y, desde ah\u00ed, se hace cargo de las objeciones, las b\u00fasquedas, las preguntas y las dificultades de nuestros contempor\u00e1neos, se\u00f1aladamente en el mundo universitario al que pertenecen los autores.<\/span><\/p>\n","protected":false},"excerpt":{"rendered":"<p>MAR\u00cdN MENA, TOM\u00c1S J.<\/p>\n","protected":false},"featured_media":1076826,"template":"","meta":{"_acf_changed":false,"om_disable_all_campaigns":false,"rs_blank_template":"","rs_page_bg_color":"","slide_template_v7":"","inline_featured_image":false,"_monsterinsights_skip_tracking":false,"_monsterinsights_sitenote_active":false,"_monsterinsights_sitenote_note":"","_monsterinsights_sitenote_category":0},"product_brand":[],"product_cat":[245,495],"product_tag":[],"class_list":{"0":"post-419933","1":"product","2":"type-product","3":"status-publish","4":"has-post-thumbnail","6":"product_cat-diversa","7":"product_cat-diversa-espiritualidad-1_espiritualidad","9":"first","10":"instock","11":"taxable","12":"shipping-taxable","13":"purchasable","14":"product-type-simple"},"acf":{"autor":"MAR\u00cdN MENA, TOM\u00c1S J.","codart":"842883992","libros-coleccion":"FUERA DE COLECCI\u00d3N","ediciones":"1","encuadernacion":"R\u00fastica","fecha_de_publicacion":"15\/05\/2023","novedad":"1","paginas":"709","subtitulo":"VOCES DE UNA GENERACI\u00d3N","orden":"0","portada":"0","idioma":"spa","editorial":[{"ID":6335,"post_author":"3","post_date":"2022-07-28 17:49:59","post_date_gmt":"2022-07-28 15:49:59","post_content":"","post_title":"PPC altres","post_excerpt":"","post_status":"publish","comment_status":"closed","ping_status":"closed","post_password":"","post_name":"ppc-altres","to_ping":"","pinged":"","post_modified":"2022-07-28 17:49:59","post_modified_gmt":"2022-07-28 15:49:59","post_content_filtered":"","post_parent":0,"guid":"http:\/\/dev.claret.cat\/editorial\/ppc-altres\/","menu_order":0,"post_type":"editorial","post_mime_type":"","comment_count":"0","filter":"raw"}],"autores-libros":[{"ID":419939,"post_author":"3","post_date":"2023-05-15 16:55:02","post_date_gmt":"2023-05-15 14:55:02","post_content":"","post_title":"TOM\u00c1S J. MAR\u00cdN MENA","post_excerpt":"","post_status":"publish","comment_status":"closed","ping_status":"closed","post_password":"","post_name":"tomas-j-marin-mena","to_ping":"","pinged":"","post_modified":"2023-05-15 16:55:02","post_modified_gmt":"2023-05-15 14:55:02","post_content_filtered":"","post_parent":0,"guid":"https:\/\/www.claret.cat\/autor\/tomas-j-marin-mena\/","menu_order":0,"post_type":"autor","post_mime_type":"","comment_count":"0","filter":"raw"}],"booktrailer":"","resenas":""},"aioseo_notices":[],"_links":{"self":[{"href":"https:\/\/www.claret.cat\/es\/wp-json\/wp\/v2\/product\/419933","targetHints":{"allow":["GET"]}}],"collection":[{"href":"https:\/\/www.claret.cat\/es\/wp-json\/wp\/v2\/product"}],"about":[{"href":"https:\/\/www.claret.cat\/es\/wp-json\/wp\/v2\/types\/product"}],"wp:featuredmedia":[{"embeddable":true,"href":"https:\/\/www.claret.cat\/es\/wp-json\/wp\/v2\/media\/1076826"}],"wp:attachment":[{"href":"https:\/\/www.claret.cat\/es\/wp-json\/wp\/v2\/media?parent=419933"}],"wp:term":[{"taxonomy":"product_brand","embeddable":true,"href":"https:\/\/www.claret.cat\/es\/wp-json\/wp\/v2\/product_brand?post=419933"},{"taxonomy":"product_cat","embeddable":true,"href":"https:\/\/www.claret.cat\/es\/wp-json\/wp\/v2\/product_cat?post=419933"},{"taxonomy":"product_tag","embeddable":true,"href":"https:\/\/www.claret.cat\/es\/wp-json\/wp\/v2\/product_tag?post=419933"}],"curies":[{"name":"wp","href":"https:\/\/api.w.org\/{rel}","templated":true}]}}