{"id":419941,"date":"2023-05-15T17:40:02","date_gmt":"2023-05-15T15:40:02","guid":{"rendered":"https:\/\/www.claret.cat\/llibre\/el-juego-del-monaguillo-9789350105207\/"},"modified":"2024-01-10T11:55:41","modified_gmt":"2024-01-10T10:55:41","slug":"el-juego-del-monaguillo-9789350105207","status":"publish","type":"product","link":"https:\/\/www.claret.cat\/es\/libro\/el-juego-del-monaguillo-9789350105207\/","title":{"rendered":"EL JUEGO DEL MONAGUILLO"},"content":{"rendered":"<p>Un juego con 55 cartas,8 dibujos por carta y \u00a1s\u00f3lo uno de ellos est\u00e1 repetido en ambas cartas! \u00bflo encontrar\u00e1s el primero?<\/p>\n<p>\u00bfqui\u00e9n gana?El m\u00e1s r\u00e1pido en encontrar el dibujo id\u00e9ntico entre dos cartas, decirlo en voz alta,coger la carta y colocarla o descartarla seg\u00fan la modalidad de la partida.<\/p>\n<p>\u00bfQu\u00e9 podr\u00e1s aprender? A identificar m\u00e1s de 50 Objetos que puedes encontrar en la iglesia :el Sagrario, el altar, el C\u00e1liz, la patena, la custodia, el solideo, la mitra, el misal&#8230;<\/p>\n<p>\u00bfC\u00f3mo? Detr\u00e1s de cada carta hay una breve explicaci\u00f3n de cada objeto para aprender de forma divertida. <\/p>\n<p>Introducciones en el interior.<\/p>\n","protected":false},"excerpt":{"rendered":"<p>CLAVERAS PEREZ, MONTSERRAT<\/p>\n","protected":false},"featured_media":419942,"template":"","meta":{"_acf_changed":false,"om_disable_all_campaigns":false,"rs_blank_template":"","rs_page_bg_color":"","slide_template_v7":"","inline_featured_image":false,"_monsterinsights_skip_tracking":false,"_monsterinsights_sitenote_active":false,"_monsterinsights_sitenote_note":"","_monsterinsights_sitenote_category":0},"product_brand":[],"product_cat":[478,219,230,391],"product_tag":[],"class_list":{"0":"post-419941","1":"product","2":"type-product","3":"status-publish","4":"has-post-thumbnail","6":"product_cat-infantil-catequesis-1_espiritualidad","7":"product_cat-infantil-catequesi","8":"product_cat-jocs-cancons-i-dances","9":"product_cat-juegos-canciones-y-danzas","11":"first","12":"instock","13":"taxable","14":"shipping-taxable","15":"purchasable","16":"product-type-simple"},"acf":{"autor":"CLAVERAS PEREZ, MONTSERRAT","codart":"935010520","libros-coleccion":"","ediciones":"1","encuadernacion":"R\u00fastica","fecha_de_publicacion":"15\/05\/2023","novedad":"1","paginas":"1","subtitulo":"","orden":"0","portada":"0","idioma":"spa","editorial":[{"ID":6134,"post_author":"3","post_date":"2022-07-28 17:45:37","post_date_gmt":"2022-07-28 15:45:37","post_content":"","post_title":"AUTOR - EDITOR","post_excerpt":"","post_status":"publish","comment_status":"closed","ping_status":"closed","post_password":"","post_name":"autor-editor","to_ping":"","pinged":"","post_modified":"2022-07-28 17:45:37","post_modified_gmt":"2022-07-28 15:45:37","post_content_filtered":"","post_parent":0,"guid":"http:\/\/dev.claret.cat\/editorial\/autor-editor\/","menu_order":0,"post_type":"editorial","post_mime_type":"","comment_count":"0","filter":"raw"}],"autores-libros":[{"ID":5871,"post_author":"3","post_date":"2022-07-28 17:33:17","post_date_gmt":"2022-07-28 15:33:17","post_content":"","post_title":"MONTSERRAT CLAVERAS PEREZ","post_excerpt":"","post_status":"publish","comment_status":"closed","ping_status":"closed","post_password":"","post_name":"montserrat-claveras-perez","to_ping":"","pinged":"","post_modified":"2022-07-28 17:33:17","post_modified_gmt":"2022-07-28 15:33:17","post_content_filtered":"","post_parent":0,"guid":"http:\/\/dev.claret.cat\/autor\/montserrat-claveras-perez\/","menu_order":0,"post_type":"autor","post_mime_type":"","comment_count":"0","filter":"raw"}]},"aioseo_notices":[],"_links":{"self":[{"href":"https:\/\/www.claret.cat\/es\/wp-json\/wp\/v2\/product\/419941","targetHints":{"allow":["GET"]}}],"collection":[{"href":"https:\/\/www.claret.cat\/es\/wp-json\/wp\/v2\/product"}],"about":[{"href":"https:\/\/www.claret.cat\/es\/wp-json\/wp\/v2\/types\/product"}],"wp:featuredmedia":[{"embeddable":true,"href":"https:\/\/www.claret.cat\/es\/wp-json\/wp\/v2\/media\/419942"}],"wp:attachment":[{"href":"https:\/\/www.claret.cat\/es\/wp-json\/wp\/v2\/media?parent=419941"}],"wp:term":[{"taxonomy":"product_brand","embeddable":true,"href":"https:\/\/www.claret.cat\/es\/wp-json\/wp\/v2\/product_brand?post=419941"},{"taxonomy":"product_cat","embeddable":true,"href":"https:\/\/www.claret.cat\/es\/wp-json\/wp\/v2\/product_cat?post=419941"},{"taxonomy":"product_tag","embeddable":true,"href":"https:\/\/www.claret.cat\/es\/wp-json\/wp\/v2\/product_tag?post=419941"}],"curies":[{"name":"wp","href":"https:\/\/api.w.org\/{rel}","templated":true}]}}