{"id":419944,"date":"2023-05-15T17:50:02","date_gmt":"2023-05-15T15:50:02","guid":{"rendered":"https:\/\/www.claret.cat\/llibre\/el-joc-de-lescolanet-9789350105214\/"},"modified":"2024-01-10T11:55:48","modified_gmt":"2024-01-10T10:55:48","slug":"el-joc-de-lescolanet-9789350105214","status":"publish","type":"product","link":"https:\/\/www.claret.cat\/es\/libro\/el-joc-de-lescolanet-9789350105214\/","title":{"rendered":"EL JOC DE L&#8217;ESCOLANET"},"content":{"rendered":"<p>Un joc amb 55 cartes,8 dibuixos per carta i nom\u00e9s un d&#8217;ells est\u00e0 repetit a les dues cartes! El sabr\u00e0s trobar?<\/p>\n<p>qui guanya?El m\u00e9s r\u00e0pid en trobar el dibuix id\u00e8ntic entre dues cartes,anomenar-lo en veu alta,agafar la carta i col\u00b7locar-la o descartar-la segons la modalitat de la partida.<\/p>\n<p>Qu\u00e8 pots aprendre? A identificar m\u00e9s de 50 Objectes que pots trobar a l&#8217;Esgl\u00e9sia: el Sagrari, l&#8217;altar, el Calze, la patena, la cust\u00f2dia, el solideu, la mitra, el missal,l&#8217;evangeliari&#8230;<\/p>\n<p>Com? Al darrere de cada carta trobar\u00e0s una breu explicaci\u00f3 de cada objecte per aprendre d&#8217;una forma divertida.<\/p>\n<p>Introduccions a l&#8217;interior.<\/p>\n","protected":false},"excerpt":{"rendered":"<p>CLAVERAS PEREZ, MONTSERRAT<\/p>\n","protected":false},"featured_media":419945,"template":"","meta":{"_acf_changed":false,"om_disable_all_campaigns":false,"rs_blank_template":"","rs_page_bg_color":"","slide_template_v7":"","inline_featured_image":false,"_monsterinsights_skip_tracking":false,"_monsterinsights_sitenote_active":false,"_monsterinsights_sitenote_note":"","_monsterinsights_sitenote_category":0},"product_brand":[],"product_cat":[478,219,230,391],"product_tag":[],"class_list":{"0":"post-419944","1":"product","2":"type-product","3":"status-publish","4":"has-post-thumbnail","6":"product_cat-infantil-catequesis-1_espiritualidad","7":"product_cat-infantil-catequesi","8":"product_cat-jocs-cancons-i-dances","9":"product_cat-juegos-canciones-y-danzas","11":"first","12":"instock","13":"taxable","14":"shipping-taxable","15":"purchasable","16":"product-type-simple"},"acf":{"autor":"CLAVERAS PEREZ, MONTSERRAT","codart":"935010521","libros-coleccion":"","ediciones":"1","encuadernacion":"R\u00fastica","fecha_de_publicacion":"15\/05\/2023","novedad":"1","paginas":"1","subtitulo":"","orden":"0","portada":"0","idioma":"cat","editorial":[{"ID":6134,"post_author":"3","post_date":"2022-07-28 17:45:37","post_date_gmt":"2022-07-28 15:45:37","post_content":"","post_title":"AUTOR - EDITOR","post_excerpt":"","post_status":"publish","comment_status":"closed","ping_status":"closed","post_password":"","post_name":"autor-editor","to_ping":"","pinged":"","post_modified":"2022-07-28 17:45:37","post_modified_gmt":"2022-07-28 15:45:37","post_content_filtered":"","post_parent":0,"guid":"http:\/\/dev.claret.cat\/editorial\/autor-editor\/","menu_order":0,"post_type":"editorial","post_mime_type":"","comment_count":"0","filter":"raw"}],"autores-libros":[{"ID":5871,"post_author":"3","post_date":"2022-07-28 17:33:17","post_date_gmt":"2022-07-28 15:33:17","post_content":"","post_title":"MONTSERRAT CLAVERAS PEREZ","post_excerpt":"","post_status":"publish","comment_status":"closed","ping_status":"closed","post_password":"","post_name":"montserrat-claveras-perez","to_ping":"","pinged":"","post_modified":"2022-07-28 17:33:17","post_modified_gmt":"2022-07-28 15:33:17","post_content_filtered":"","post_parent":0,"guid":"http:\/\/dev.claret.cat\/autor\/montserrat-claveras-perez\/","menu_order":0,"post_type":"autor","post_mime_type":"","comment_count":"0","filter":"raw"}]},"aioseo_notices":[],"_links":{"self":[{"href":"https:\/\/www.claret.cat\/es\/wp-json\/wp\/v2\/product\/419944","targetHints":{"allow":["GET"]}}],"collection":[{"href":"https:\/\/www.claret.cat\/es\/wp-json\/wp\/v2\/product"}],"about":[{"href":"https:\/\/www.claret.cat\/es\/wp-json\/wp\/v2\/types\/product"}],"wp:featuredmedia":[{"embeddable":true,"href":"https:\/\/www.claret.cat\/es\/wp-json\/wp\/v2\/media\/419945"}],"wp:attachment":[{"href":"https:\/\/www.claret.cat\/es\/wp-json\/wp\/v2\/media?parent=419944"}],"wp:term":[{"taxonomy":"product_brand","embeddable":true,"href":"https:\/\/www.claret.cat\/es\/wp-json\/wp\/v2\/product_brand?post=419944"},{"taxonomy":"product_cat","embeddable":true,"href":"https:\/\/www.claret.cat\/es\/wp-json\/wp\/v2\/product_cat?post=419944"},{"taxonomy":"product_tag","embeddable":true,"href":"https:\/\/www.claret.cat\/es\/wp-json\/wp\/v2\/product_tag?post=419944"}],"curies":[{"name":"wp","href":"https:\/\/api.w.org\/{rel}","templated":true}]}}