{"id":419947,"date":"2023-05-15T18:00:03","date_gmt":"2023-05-15T16:00:03","guid":{"rendered":"https:\/\/www.claret.cat\/llibre\/activitats-per-exercitar-el-cervell-9789350105221\/"},"modified":"2025-12-22T12:30:49","modified_gmt":"2025-12-22T11:30:49","slug":"activitats-per-exercitar-el-cervell-9789350105221","status":"publish","type":"product","link":"https:\/\/www.claret.cat\/es\/libro\/activitats-per-exercitar-el-cervell-9789350105221\/","title":{"rendered":"ACTIVITATS PER EXERCITAR EL CERVELL"},"content":{"rendered":"<p>En aquest llibre trobarem diferents activitats que ajudaran a concentrar-nos, a recon\u00e8ixer objectes, a recordar , a llegir, a planificar i organitzar, entre altres funcions.<\/p>\n<p>Quan m\u00e9s entrenem el cervell m\u00e9s salut tindrem i menys possibilitats de perdre funcions. Quan m\u00e9s estimulem el cervell m\u00e9s previndrem l&#8217;aparici\u00f3 de dem\u00e8ncies.<\/p>\n","protected":false},"excerpt":{"rendered":"<p>CLAVERAS PEREZ, MONTSERRAT<\/p>\n","protected":false},"featured_media":419948,"template":"","meta":{"_acf_changed":false,"om_disable_all_campaigns":false,"rs_blank_template":"","rs_page_bg_color":"","slide_template_v7":"","inline_featured_image":false,"_monsterinsights_skip_tracking":false,"_monsterinsights_sitenote_active":false,"_monsterinsights_sitenote_note":"","_monsterinsights_sitenote_category":0},"product_brand":[],"product_cat":[455,192,547,97],"product_tag":[],"class_list":{"0":"post-419947","1":"product","2":"type-product","3":"status-publish","4":"has-post-thumbnail","6":"product_cat-de-la-tercera-edad-pedagogia-2_humanidades","7":"product_cat-de-la-tercera-edat","8":"product_cat-salud","9":"product_cat-salut","11":"first","12":"instock","13":"taxable","14":"shipping-taxable","15":"purchasable","16":"product-type-simple"},"acf":{"autor":"CLAVERAS PEREZ, MONTSERRAT","codart":"935010522","libros-coleccion":"","ediciones":"1","encuadernacion":"R\u00fastica","fecha_de_publicacion":"15\/05\/2023","novedad":"1","paginas":"21","subtitulo":"","orden":"0","portada":"0","idioma":"cat","editorial":[{"ID":6134,"post_author":"3","post_date":"2022-07-28 17:45:37","post_date_gmt":"2022-07-28 15:45:37","post_content":"","post_title":"AUTOR - EDITOR","post_excerpt":"","post_status":"publish","comment_status":"closed","ping_status":"closed","post_password":"","post_name":"autor-editor","to_ping":"","pinged":"","post_modified":"2022-07-28 17:45:37","post_modified_gmt":"2022-07-28 15:45:37","post_content_filtered":"","post_parent":0,"guid":"http:\/\/dev.claret.cat\/editorial\/autor-editor\/","menu_order":0,"post_type":"editorial","post_mime_type":"","comment_count":"0","filter":"raw"}],"autores-libros":[{"ID":5871,"post_author":"3","post_date":"2022-07-28 17:33:17","post_date_gmt":"2022-07-28 15:33:17","post_content":"","post_title":"MONTSERRAT CLAVERAS PEREZ","post_excerpt":"","post_status":"publish","comment_status":"closed","ping_status":"closed","post_password":"","post_name":"montserrat-claveras-perez","to_ping":"","pinged":"","post_modified":"2022-07-28 17:33:17","post_modified_gmt":"2022-07-28 15:33:17","post_content_filtered":"","post_parent":0,"guid":"http:\/\/dev.claret.cat\/autor\/montserrat-claveras-perez\/","menu_order":0,"post_type":"autor","post_mime_type":"","comment_count":"0","filter":"raw"}],"booktrailer":"","resenas":""},"aioseo_notices":[],"_links":{"self":[{"href":"https:\/\/www.claret.cat\/es\/wp-json\/wp\/v2\/product\/419947","targetHints":{"allow":["GET"]}}],"collection":[{"href":"https:\/\/www.claret.cat\/es\/wp-json\/wp\/v2\/product"}],"about":[{"href":"https:\/\/www.claret.cat\/es\/wp-json\/wp\/v2\/types\/product"}],"wp:featuredmedia":[{"embeddable":true,"href":"https:\/\/www.claret.cat\/es\/wp-json\/wp\/v2\/media\/419948"}],"wp:attachment":[{"href":"https:\/\/www.claret.cat\/es\/wp-json\/wp\/v2\/media?parent=419947"}],"wp:term":[{"taxonomy":"product_brand","embeddable":true,"href":"https:\/\/www.claret.cat\/es\/wp-json\/wp\/v2\/product_brand?post=419947"},{"taxonomy":"product_cat","embeddable":true,"href":"https:\/\/www.claret.cat\/es\/wp-json\/wp\/v2\/product_cat?post=419947"},{"taxonomy":"product_tag","embeddable":true,"href":"https:\/\/www.claret.cat\/es\/wp-json\/wp\/v2\/product_tag?post=419947"}],"curies":[{"name":"wp","href":"https:\/\/api.w.org\/{rel}","templated":true}]}}