{"id":42024,"date":"2022-10-02T19:51:08","date_gmt":"2022-10-02T17:51:08","guid":{"rendered":"http:\/\/dev.claret.cat\/producte\/quien-se-comio-la-primera-ostra\/"},"modified":"2023-10-06T10:17:42","modified_gmt":"2023-10-06T08:17:42","slug":"quien-se-comio-la-primera-ostra-9788449339158","status":"publish","type":"product","link":"https:\/\/www.claret.cat\/es\/libro\/quien-se-comio-la-primera-ostra-9788449339158\/","title":{"rendered":"\u00bfQUI\u00c9N SE COMI\u00d3 LA PRIMERA OSTRA?"},"content":{"rendered":"<p>\u00bfQui\u00e9n visti\u00f3 los primeros pantalones? \u00bfQui\u00e9n pint\u00f3 la primera obra maestra? \u00bfQui\u00e9n cabalg\u00f3 el primer caballo? \u00bfQui\u00e9n invent\u00f3 el jab\u00f3n? Esta loca aventura a trav\u00e9s de la historia antigua recurre a medios tan diversos como la gen\u00e9tica moderna y la arqueolog\u00eda para descubrir a los genios que hay detr\u00e1s de estas y otras innovaciones que han cambiado el mundo.<br \/> \u00bfQui\u00e9n invent\u00f3 la rueda? \u00bfQui\u00e9n se tom\u00f3 la primera cerveza? \u00bfQui\u00e9n fue el asesino en el primer asesinato sin resolver? \u00bfQui\u00e9n fue el primer cirujano? \u00bfQui\u00e9n prendi\u00f3 el primer fuego? Y, lo m\u00e1s importante, \u00bfqui\u00e9n fue el primero en enfrentarse a una ostra p\u00e1lida y viscosa?<br \/> En este libro, el escritor Cody Cassidy se sumerge en la investigaci\u00f3n m\u00e1s reciente para descubrir las historias no contadas de algunos de estos incre\u00edbles innovadores (o part\u00edcipes de accidentes afortunados).<br \/> Con un agudo sentido del humor y un inagotable entusiasmo por las maravillas de nuestros remotos ancestros, \u00bfQui\u00e9n se comi\u00f3 la primera ostra? retrata a los protagonistas de las mayores innovaciones y cat\u00e1strofes de la prehistoria, recurriendo a la vida de los individuos para iluminar las culturas antiguas, mostrar c\u00f3mo y por qu\u00e9 acontecieron estos avances fundamentales y educarnos en un periodo de tiempo del que hasta hace poco lo desconoc\u00edamos pr\u00e1cticamente todo.<\/p>\n","protected":false},"excerpt":{"rendered":"<p>CASSIDY, CODY<\/p>\n","protected":false},"featured_media":58185,"template":"","meta":{"_acf_changed":false,"om_disable_all_campaigns":false,"rs_blank_template":"","rs_page_bg_color":"","slide_template_v7":"","inline_featured_image":false,"_monsterinsights_skip_tracking":false,"_monsterinsights_sitenote_active":false,"_monsterinsights_sitenote_note":"","_monsterinsights_sitenote_category":0},"product_brand":[],"product_cat":[554],"product_tag":[],"class_list":{"0":"post-42024","1":"product","2":"type-product","3":"status-publish","4":"has-post-thumbnail","6":"product_cat-ciencia-5_otras-spa","8":"first","9":"instock","10":"taxable","11":"shipping-taxable","12":"purchasable","13":"product-type-simple"},"acf":{"autor":"CASSIDY, CODY","codart":"844933915","libros-coleccion":"Contextos","ediciones":"1","encuadernacion":"R\u00fastica","fecha_de_publicacion":"01\/03\/2022","novedad":"1","paginas":"221","subtitulo":"LOS PIONEROS DETR\u00c1S DE LAS MAYORES INNOVACIONES DE LA HISTORIA","orden":"0","portada":"0","idioma":"spa","editorial":[{"ID":6206,"post_author":"3","post_date":"2022-07-28 17:47:08","post_date_gmt":"2022-07-28 15:47:08","post_content":"","post_title":"Ediciones Paid\u00f3s","post_excerpt":"","post_status":"publish","comment_status":"closed","ping_status":"closed","post_password":"","post_name":"ediciones-paidos","to_ping":"","pinged":"","post_modified":"2022-07-28 17:47:08","post_modified_gmt":"2022-07-28 15:47:08","post_content_filtered":"","post_parent":0,"guid":"http:\/\/dev.claret.cat\/editorial\/ediciones-paidos\/","menu_order":0,"post_type":"editorial","post_mime_type":"","comment_count":"0","filter":"raw"}],"autores-libros":[{"ID":153148,"post_author":"3","post_date":"2022-10-14 14:54:27","post_date_gmt":"2022-10-14 12:54:27","post_content":"","post_title":"CODY CASSIDY","post_excerpt":"","post_status":"publish","comment_status":"closed","ping_status":"closed","post_password":"","post_name":"cody-cassidy","to_ping":"","pinged":"","post_modified":"2022-10-14 14:54:27","post_modified_gmt":"2022-10-14 12:54:27","post_content_filtered":"","post_parent":0,"guid":"http:\/\/dev.claret.cat\/autor\/cody-cassidy\/","menu_order":0,"post_type":"autor","post_mime_type":"","comment_count":"0","filter":"raw"}]},"aioseo_notices":[],"_links":{"self":[{"href":"https:\/\/www.claret.cat\/es\/wp-json\/wp\/v2\/product\/42024","targetHints":{"allow":["GET"]}}],"collection":[{"href":"https:\/\/www.claret.cat\/es\/wp-json\/wp\/v2\/product"}],"about":[{"href":"https:\/\/www.claret.cat\/es\/wp-json\/wp\/v2\/types\/product"}],"wp:featuredmedia":[{"embeddable":true,"href":"https:\/\/www.claret.cat\/es\/wp-json\/wp\/v2\/media\/58185"}],"wp:attachment":[{"href":"https:\/\/www.claret.cat\/es\/wp-json\/wp\/v2\/media?parent=42024"}],"wp:term":[{"taxonomy":"product_brand","embeddable":true,"href":"https:\/\/www.claret.cat\/es\/wp-json\/wp\/v2\/product_brand?post=42024"},{"taxonomy":"product_cat","embeddable":true,"href":"https:\/\/www.claret.cat\/es\/wp-json\/wp\/v2\/product_cat?post=42024"},{"taxonomy":"product_tag","embeddable":true,"href":"https:\/\/www.claret.cat\/es\/wp-json\/wp\/v2\/product_tag?post=42024"}],"curies":[{"name":"wp","href":"https:\/\/api.w.org\/{rel}","templated":true}]}}