{"id":42315,"date":"2022-10-02T19:56:20","date_gmt":"2022-10-02T17:56:20","guid":{"rendered":"http:\/\/dev.claret.cat\/producte\/feminisme\/"},"modified":"2023-01-28T07:59:15","modified_gmt":"2023-01-28T06:59:15","slug":"feminisme-9788489938151","status":"publish","type":"product","link":"https:\/\/www.claret.cat\/es\/libro\/feminisme-9788489938151\/","title":{"rendered":"FEMINISME"},"content":{"rendered":"<p>&#8216;Quotidians, realitats, viol\u00e8ncies, xarxes de suport&#8230; tot aix\u00f2 transformat en c\u00f2mic. Un c\u00f2mic que ens convida a posar la vida en el centre&#8217;. Formigues Liles Coop. V.<br \/>&#8216;Un c\u00f2mic imprescindible per a iniciar-se en els feminismes (i en la mem\u00f2ria feminista) de forma entretinguda i per a tots els p\u00fablics.&#8217; Col\u00b7lectiu Arada<\/p>\n","protected":false},"excerpt":{"rendered":"<p>ZARO SOTO, ZORAIDA \/ ARAMAKI, MAY \/ SILVESTRE, MAR \/ GALLETAMARIA \/ VICENTE, XU<\/p>\n","protected":false},"featured_media":58405,"template":"","meta":{"_acf_changed":false,"om_disable_all_campaigns":false,"rs_blank_template":"","rs_page_bg_color":"","slide_template_v7":"","inline_featured_image":false,"_monsterinsights_skip_tracking":false,"_monsterinsights_sitenote_active":false,"_monsterinsights_sitenote_note":"","_monsterinsights_sitenote_category":0},"product_brand":[],"product_cat":[108],"product_tag":[],"class_list":{"0":"post-42315","1":"product","2":"type-product","3":"status-publish","4":"has-post-thumbnail","6":"product_cat-comic","8":"first","9":"instock","10":"taxable","11":"shipping-taxable","12":"purchasable","13":"product-type-simple"},"acf":{"autor":"ZARO SOTO, ZORAIDA \/ ARAMAKI, MAY \/ SILVESTRE, MAR \/ GALLETAMARIA \/ VICENTE, XU","codart":"848993815","libros-coleccion":"FORA DE COL.LECCI\u00d3","ediciones":"1","encuadernacion":"Carton\u00e9","fecha_de_publicacion":"01\/09\/2021","novedad":"1","paginas":"47","subtitulo":"","orden":"0","portada":"0","idioma":"cat","editorial":[{"ID":147875,"post_author":"3","post_date":"2022-10-14 11:53:53","post_date_gmt":"2022-10-14 09:53:53","post_content":"","post_title":"Edicions Camacuc","post_excerpt":"","post_status":"publish","comment_status":"closed","ping_status":"closed","post_password":"","post_name":"edicions-camacuc","to_ping":"","pinged":"","post_modified":"2022-10-14 11:53:53","post_modified_gmt":"2022-10-14 09:53:53","post_content_filtered":"","post_parent":0,"guid":"http:\/\/dev.claret.cat\/editorial\/edicions-camacuc\/","menu_order":0,"post_type":"editorial","post_mime_type":"","comment_count":"0","filter":"raw"}],"autores-libros":[{"ID":171698,"post_author":"3","post_date":"2022-10-14 22:45:30","post_date_gmt":"2022-10-14 20:45:30","post_content":"","post_title":"ZORAIDA ZARO SOTO","post_excerpt":"","post_status":"publish","comment_status":"closed","ping_status":"closed","post_password":"","post_name":"zoraida-zaro-soto","to_ping":"","pinged":"","post_modified":"2022-10-14 22:45:30","post_modified_gmt":"2022-10-14 20:45:30","post_content_filtered":"","post_parent":0,"guid":"http:\/\/dev.claret.cat\/autor\/zoraida-zaro-soto\/","menu_order":0,"post_type":"autor","post_mime_type":"","comment_count":"0","filter":"raw"},{"ID":164575,"post_author":"3","post_date":"2022-10-14 17:48:10","post_date_gmt":"2022-10-14 15:48:10","post_content":"","post_title":"MAY ARAMAKI","post_excerpt":"","post_status":"publish","comment_status":"closed","ping_status":"closed","post_password":"","post_name":"may-aramaki","to_ping":"","pinged":"","post_modified":"2022-10-14 17:48:10","post_modified_gmt":"2022-10-14 15:48:10","post_content_filtered":"","post_parent":0,"guid":"http:\/\/dev.claret.cat\/autor\/may-aramaki\/","menu_order":0,"post_type":"autor","post_mime_type":"","comment_count":"0","filter":"raw"},{"ID":163273,"post_author":"3","post_date":"2022-10-14 17:37:43","post_date_gmt":"2022-10-14 15:37:43","post_content":"","post_title":"MAR SILVESTRE","post_excerpt":"","post_status":"publish","comment_status":"closed","ping_status":"closed","post_password":"","post_name":"mar-silvestre","to_ping":"","pinged":"","post_modified":"2022-10-14 17:37:43","post_modified_gmt":"2022-10-14 15:37:43","post_content_filtered":"","post_parent":0,"guid":"http:\/\/dev.claret.cat\/autor\/mar-silvestre\/","menu_order":0,"post_type":"autor","post_mime_type":"","comment_count":"0","filter":"raw"},{"ID":156595,"post_author":"3","post_date":"2022-10-14 15:22:04","post_date_gmt":"2022-10-14 13:22:04","post_content":"","post_title":"GALLETAMARIA","post_excerpt":"","post_status":"publish","comment_status":"closed","ping_status":"closed","post_password":"","post_name":"galletamaria","to_ping":"","pinged":"","post_modified":"2022-10-14 15:22:04","post_modified_gmt":"2022-10-14 13:22:04","post_content_filtered":"","post_parent":0,"guid":"http:\/\/dev.claret.cat\/autor\/galletamaria\/","menu_order":0,"post_type":"autor","post_mime_type":"","comment_count":"0","filter":"raw"},{"ID":171527,"post_author":"3","post_date":"2022-10-14 22:44:07","post_date_gmt":"2022-10-14 20:44:07","post_content":"","post_title":"XU VICENTE","post_excerpt":"","post_status":"publish","comment_status":"closed","ping_status":"closed","post_password":"","post_name":"xu-vicente","to_ping":"","pinged":"","post_modified":"2022-10-14 22:44:07","post_modified_gmt":"2022-10-14 20:44:07","post_content_filtered":"","post_parent":0,"guid":"http:\/\/dev.claret.cat\/autor\/xu-vicente\/","menu_order":0,"post_type":"autor","post_mime_type":"","comment_count":"0","filter":"raw"}]},"aioseo_notices":[],"_links":{"self":[{"href":"https:\/\/www.claret.cat\/es\/wp-json\/wp\/v2\/product\/42315","targetHints":{"allow":["GET"]}}],"collection":[{"href":"https:\/\/www.claret.cat\/es\/wp-json\/wp\/v2\/product"}],"about":[{"href":"https:\/\/www.claret.cat\/es\/wp-json\/wp\/v2\/types\/product"}],"wp:featuredmedia":[{"embeddable":true,"href":"https:\/\/www.claret.cat\/es\/wp-json\/wp\/v2\/media\/58405"}],"wp:attachment":[{"href":"https:\/\/www.claret.cat\/es\/wp-json\/wp\/v2\/media?parent=42315"}],"wp:term":[{"taxonomy":"product_brand","embeddable":true,"href":"https:\/\/www.claret.cat\/es\/wp-json\/wp\/v2\/product_brand?post=42315"},{"taxonomy":"product_cat","embeddable":true,"href":"https:\/\/www.claret.cat\/es\/wp-json\/wp\/v2\/product_cat?post=42315"},{"taxonomy":"product_tag","embeddable":true,"href":"https:\/\/www.claret.cat\/es\/wp-json\/wp\/v2\/product_tag?post=42315"}],"curies":[{"name":"wp","href":"https:\/\/api.w.org\/{rel}","templated":true}]}}