{"id":42411,"date":"2022-10-02T19:57:56","date_gmt":"2022-10-02T17:57:56","guid":{"rendered":"http:\/\/dev.claret.cat\/producte\/tren-a-maratea\/"},"modified":"2024-01-31T20:35:17","modified_gmt":"2024-01-31T19:35:17","slug":"tren-a-maratea-9788475889252","status":"publish","type":"product","link":"https:\/\/www.claret.cat\/es\/libro\/tren-a-maratea-9788475889252\/","title":{"rendered":"TREN A MARATEA"},"content":{"rendered":"<p>Mentre N\u00e0pols est\u00e0 mig confinada per una passa de c\u00f2lera, un home gran torna al poble on va n\u00e9ixer i d&#8217;on va marxar trenta anys enrere, en el temps de la guerra, per incorporar-se als partisans. Hi torna per acomiadar-se de la vida, despr\u00e9s de no haver-ne volgut saber res des del dia que va emigrar, l&#8217;endem\u00e0 de la vict\u00f2ria. En l&#8217;\u00faltim trajecte en tren fins a Maratea, el seu poble, coincideix amb una professora universit\u00e0ria amb qui compartir\u00e0 el tram final del retorn i els records essencials de la seva vida, entre la incomoditat davant de la hist\u00f2ria oficial i l&#8217;atracci\u00f3 de la mem\u00f2ria d&#8217;infantesa; entre la for\u00e7a del desig de viure i la proximitat inevitable de la mort.<\/p>\n","protected":false},"excerpt":{"rendered":"<p>VILLATORO, VICEN\u00c7<\/p>\n","protected":false},"featured_media":58487,"template":"","meta":{"_acf_changed":false,"om_disable_all_campaigns":false,"rs_blank_template":"","rs_page_bg_color":"","slide_template_v7":"","inline_featured_image":false,"_monsterinsights_skip_tracking":false,"_monsterinsights_sitenote_active":false,"_monsterinsights_sitenote_note":"","_monsterinsights_sitenote_category":0},"product_brand":[],"product_cat":[127,357],"product_tag":[],"class_list":{"0":"post-42411","1":"product","2":"type-product","3":"status-publish","4":"has-post-thumbnail","6":"product_cat-novella-contemporania","7":"product_cat-novela-contemporanea","9":"first","10":"instock","11":"taxable","12":"shipping-taxable","13":"purchasable","14":"product-type-simple"},"acf":{"autor":"VILLATORO, VICEN\u00c7","codart":"847588925","libros-coleccion":"A TOT VENT","ediciones":"1","encuadernacion":"Carton\u00e9","fecha_de_publicacion":"01\/03\/2022","novedad":"1","paginas":"124","subtitulo":"","orden":"0","portada":"0","idioma":"cat","editorial":[{"ID":6336,"post_author":"3","post_date":"2022-07-28 17:50:00","post_date_gmt":"2022-07-28 15:50:00","post_content":"","post_title":"Proa","post_excerpt":"","post_status":"publish","comment_status":"closed","ping_status":"closed","post_password":"","post_name":"proa","to_ping":"","pinged":"","post_modified":"2022-07-28 17:50:00","post_modified_gmt":"2022-07-28 15:50:00","post_content_filtered":"","post_parent":0,"guid":"http:\/\/dev.claret.cat\/editorial\/proa\/","menu_order":0,"post_type":"editorial","post_mime_type":"","comment_count":"0","filter":"raw"}],"autores-libros":[{"ID":170923,"post_author":"3","post_date":"2022-10-14 22:39:16","post_date_gmt":"2022-10-14 20:39:16","post_content":"","post_title":"VICEN\u00c7 VILLATORO","post_excerpt":"","post_status":"publish","comment_status":"closed","ping_status":"closed","post_password":"","post_name":"vicenc-villatoro","to_ping":"","pinged":"","post_modified":"2022-10-14 22:39:16","post_modified_gmt":"2022-10-14 20:39:16","post_content_filtered":"","post_parent":0,"guid":"http:\/\/dev.claret.cat\/autor\/vicenc-villatoro\/","menu_order":0,"post_type":"autor","post_mime_type":"","comment_count":"0","filter":"raw"}]},"aioseo_notices":[],"_links":{"self":[{"href":"https:\/\/www.claret.cat\/es\/wp-json\/wp\/v2\/product\/42411","targetHints":{"allow":["GET"]}}],"collection":[{"href":"https:\/\/www.claret.cat\/es\/wp-json\/wp\/v2\/product"}],"about":[{"href":"https:\/\/www.claret.cat\/es\/wp-json\/wp\/v2\/types\/product"}],"wp:featuredmedia":[{"embeddable":true,"href":"https:\/\/www.claret.cat\/es\/wp-json\/wp\/v2\/media\/58487"}],"wp:attachment":[{"href":"https:\/\/www.claret.cat\/es\/wp-json\/wp\/v2\/media?parent=42411"}],"wp:term":[{"taxonomy":"product_brand","embeddable":true,"href":"https:\/\/www.claret.cat\/es\/wp-json\/wp\/v2\/product_brand?post=42411"},{"taxonomy":"product_cat","embeddable":true,"href":"https:\/\/www.claret.cat\/es\/wp-json\/wp\/v2\/product_cat?post=42411"},{"taxonomy":"product_tag","embeddable":true,"href":"https:\/\/www.claret.cat\/es\/wp-json\/wp\/v2\/product_tag?post=42411"}],"curies":[{"name":"wp","href":"https:\/\/api.w.org\/{rel}","templated":true}]}}