{"id":42429,"date":"2022-10-02T19:58:14","date_gmt":"2022-10-02T17:58:14","guid":{"rendered":"http:\/\/dev.claret.cat\/producte\/teologia-de-la-liberacion\/"},"modified":"2025-06-07T12:55:46","modified_gmt":"2025-06-07T10:55:46","slug":"teologia-de-la-liberacion-9788430121205","status":"publish","type":"product","link":"https:\/\/www.claret.cat\/es\/libro\/teologia-de-la-liberacion-9788430121205\/","title":{"rendered":"TEOLOG\u00cdA DE LA LIBERACI\u00d3N"},"content":{"rendered":"<p>En junio de 1972 ve\u00eda la luz en Salamanca la primera edici\u00f3n de esta obra emblem\u00e1tica del te\u00f3logo peruano Gustavo Guti\u00e9rrez. Es probable que el autor jam\u00e1s se imaginara la repercusi\u00f3n que su obra iba a tener. Desde un punto de vista estrictamente t\u00e9cnico es posible que en el siglo pasado existan libros mejores que este. Sin embargo, son escasos los que ha tenido tanta significaci\u00f3n hist\u00f3rica, social y pol\u00edtica, eclesial, teol\u00f3gica y pastoral. Como toda obra cl\u00e1sica, esta nueva edici\u00f3n es un acto de justicia en favor de las nuevas generaciones de lectores, a fin de que puedan acceder de primera mano a una de las fuentes que han fecundado el pensamiento contempor\u00e1neo.<\/p>\n","protected":false},"excerpt":{"rendered":"<p>GUTI\u00c9RREZ, GUSTAVO<\/p>\n","protected":false},"featured_media":342419,"template":"","meta":{"_acf_changed":false,"om_disable_all_campaigns":false,"rs_blank_template":"","rs_page_bg_color":"","slide_template_v7":"","inline_featured_image":false,"_monsterinsights_skip_tracking":false,"_monsterinsights_sitenote_active":false,"_monsterinsights_sitenote_note":"","_monsterinsights_sitenote_category":0},"product_brand":[],"product_cat":[283,511],"product_tag":[],"class_list":{"0":"post-42429","1":"product","2":"type-product","3":"status-publish","4":"has-post-thumbnail","6":"product_cat-eclesiologia-teologia","7":"product_cat-eclesiologia-teologia-1_espiritualidad","9":"first","10":"instock","11":"taxable","12":"shipping-taxable","13":"purchasable","14":"product-type-simple"},"acf":{"autor":"GUTI\u00c9RREZ, GUSTAVO","codart":"843012120","libros-coleccion":"","ediciones":"1","encuadernacion":"R\u00fastica","fecha_de_publicacion":"02\/03\/2022","novedad":"1","paginas":"368","subtitulo":"PERSPECTIVAS","orden":"0","portada":"0","idioma":"spa","editorial":[{"ID":6364,"post_author":"3","post_date":"2022-07-28 17:50:36","post_date_gmt":"2022-07-28 15:50:36","post_content":"","post_title":"S\u00edgueme","post_excerpt":"","post_status":"publish","comment_status":"closed","ping_status":"closed","post_password":"","post_name":"sigueme","to_ping":"","pinged":"","post_modified":"2022-07-28 17:50:36","post_modified_gmt":"2022-07-28 15:50:36","post_content_filtered":"","post_parent":0,"guid":"http:\/\/dev.claret.cat\/editorial\/sigueme\/","menu_order":0,"post_type":"editorial","post_mime_type":"","comment_count":"0","filter":"raw"}],"autores-libros":[{"ID":157267,"post_author":"3","post_date":"2022-10-14 15:27:27","post_date_gmt":"2022-10-14 13:27:27","post_content":"","post_title":"GUSTAVO GUTI\u00c9RREZ","post_excerpt":"","post_status":"publish","comment_status":"closed","ping_status":"closed","post_password":"","post_name":"gustavo-gutierrez","to_ping":"","pinged":"","post_modified":"2022-10-14 15:27:27","post_modified_gmt":"2022-10-14 13:27:27","post_content_filtered":"","post_parent":0,"guid":"http:\/\/dev.claret.cat\/autor\/gustavo-gutierrez\/","menu_order":0,"post_type":"autor","post_mime_type":"","comment_count":"0","filter":"raw"}],"booktrailer":"","resenas":""},"aioseo_notices":[],"_links":{"self":[{"href":"https:\/\/www.claret.cat\/es\/wp-json\/wp\/v2\/product\/42429","targetHints":{"allow":["GET"]}}],"collection":[{"href":"https:\/\/www.claret.cat\/es\/wp-json\/wp\/v2\/product"}],"about":[{"href":"https:\/\/www.claret.cat\/es\/wp-json\/wp\/v2\/types\/product"}],"wp:featuredmedia":[{"embeddable":true,"href":"https:\/\/www.claret.cat\/es\/wp-json\/wp\/v2\/media\/342419"}],"wp:attachment":[{"href":"https:\/\/www.claret.cat\/es\/wp-json\/wp\/v2\/media?parent=42429"}],"wp:term":[{"taxonomy":"product_brand","embeddable":true,"href":"https:\/\/www.claret.cat\/es\/wp-json\/wp\/v2\/product_brand?post=42429"},{"taxonomy":"product_cat","embeddable":true,"href":"https:\/\/www.claret.cat\/es\/wp-json\/wp\/v2\/product_cat?post=42429"},{"taxonomy":"product_tag","embeddable":true,"href":"https:\/\/www.claret.cat\/es\/wp-json\/wp\/v2\/product_tag?post=42429"}],"curies":[{"name":"wp","href":"https:\/\/api.w.org\/{rel}","templated":true}]}}