{"id":42609,"date":"2022-10-02T20:01:11","date_gmt":"2022-10-02T18:01:11","guid":{"rendered":"http:\/\/dev.claret.cat\/producte\/terra-alta\/"},"modified":"2023-10-06T10:25:57","modified_gmt":"2023-10-06T08:25:57","slug":"terra-alta-9788411070904","status":"publish","type":"product","link":"https:\/\/www.claret.cat\/es\/libro\/terra-alta-9788411070904\/","title":{"rendered":"TERRA ALTA"},"content":{"rendered":"<p>\u00abJavier Cercas debuta en la novela policiaca y escribe un cl\u00e1sico.\u00bb Antonio Manzini<br \/>\u00abUna novela de una potencia impresionante.\u00bb Christian Authier, Le Figaro<br \/>\u00abUna novela suntuosa.\u00bb Guy Duplat, Lire<br \/>\u00abUn \u00e9xito estrepitoso.\u00bb Alexandre Fillon, Les Echos<br \/> Un crimen terrible sacude la apacible comarca de la Terra Alta: los propietarios de su mayor empresa, Gr\u00e1ficas Adell, aparecen asesinados tras haber sido sometidos a atroces torturas. Se encarga del caso Melchor Mar\u00edn, un joven polic\u00eda y lector voraz llegado desde Barcelona cuatro a\u00f1os atr\u00e1s, con un oscuro pasado a cuestas que le ha convertido en una leyenda del cuerpo y que cree haber enterrado bajo su vida feliz como marido de la bibliotecaria del pueblo y padre de una ni\u00f1a llamada Cosette, igual que la hija de Jean Valjean, el protagonista de su novela favorita: Los miserables.<\/p>\n","protected":false},"excerpt":{"rendered":"<p>CERCAS, JAVIER<\/p>\n","protected":false},"featured_media":58691,"template":"","meta":{"_acf_changed":false,"om_disable_all_campaigns":false,"rs_blank_template":"","rs_page_bg_color":"","slide_template_v7":"","inline_featured_image":false,"_monsterinsights_skip_tracking":false,"_monsterinsights_sitenote_active":false,"_monsterinsights_sitenote_note":"","_monsterinsights_sitenote_category":0},"product_brand":[],"product_cat":[357],"product_tag":[],"class_list":{"0":"post-42609","1":"product","2":"type-product","3":"status-publish","4":"has-post-thumbnail","6":"product_cat-novela-contemporanea","8":"first","9":"instock","10":"taxable","11":"shipping-taxable","12":"purchasable","13":"product-type-simple"},"acf":{"autor":"CERCAS, JAVIER","codart":"841107090","libros-coleccion":"Andanzas","ediciones":"1","encuadernacion":"R\u00fastica","fecha_de_publicacion":"01\/03\/2022","novedad":"1","paginas":"365","subtitulo":"TERRA ALTA I","orden":"0","portada":"0","idioma":"spa","editorial":[{"ID":8271,"post_author":"3","post_date":"2022-09-30 09:21:39","post_date_gmt":"2022-09-30 07:21:39","post_content":"","post_title":"TUSQUETS EDITORES","post_excerpt":"","post_status":"publish","comment_status":"closed","ping_status":"closed","post_password":"","post_name":"tusquets-editores","to_ping":"","pinged":"","post_modified":"2022-09-30 09:21:39","post_modified_gmt":"2022-09-30 07:21:39","post_content_filtered":"","post_parent":0,"guid":"http:\/\/dev.claret.cat\/editorial\/tusquets-editores\/","menu_order":0,"post_type":"editorial","post_mime_type":"","comment_count":"0","filter":"raw"}],"autores-libros":[{"ID":158686,"post_author":"3","post_date":"2022-10-14 15:38:49","post_date_gmt":"2022-10-14 13:38:49","post_content":"","post_title":"JAVIER CERCAS","post_excerpt":"","post_status":"publish","comment_status":"closed","ping_status":"closed","post_password":"","post_name":"javier-cercas","to_ping":"","pinged":"","post_modified":"2022-10-14 15:38:49","post_modified_gmt":"2022-10-14 13:38:49","post_content_filtered":"","post_parent":0,"guid":"http:\/\/dev.claret.cat\/autor\/javier-cercas\/","menu_order":0,"post_type":"autor","post_mime_type":"","comment_count":"0","filter":"raw"}]},"aioseo_notices":[],"_links":{"self":[{"href":"https:\/\/www.claret.cat\/es\/wp-json\/wp\/v2\/product\/42609","targetHints":{"allow":["GET"]}}],"collection":[{"href":"https:\/\/www.claret.cat\/es\/wp-json\/wp\/v2\/product"}],"about":[{"href":"https:\/\/www.claret.cat\/es\/wp-json\/wp\/v2\/types\/product"}],"wp:featuredmedia":[{"embeddable":true,"href":"https:\/\/www.claret.cat\/es\/wp-json\/wp\/v2\/media\/58691"}],"wp:attachment":[{"href":"https:\/\/www.claret.cat\/es\/wp-json\/wp\/v2\/media?parent=42609"}],"wp:term":[{"taxonomy":"product_brand","embeddable":true,"href":"https:\/\/www.claret.cat\/es\/wp-json\/wp\/v2\/product_brand?post=42609"},{"taxonomy":"product_cat","embeddable":true,"href":"https:\/\/www.claret.cat\/es\/wp-json\/wp\/v2\/product_cat?post=42609"},{"taxonomy":"product_tag","embeddable":true,"href":"https:\/\/www.claret.cat\/es\/wp-json\/wp\/v2\/product_tag?post=42609"}],"curies":[{"name":"wp","href":"https:\/\/api.w.org\/{rel}","templated":true}]}}