{"id":42654,"date":"2022-10-02T20:02:00","date_gmt":"2022-10-02T18:02:00","guid":{"rendered":"http:\/\/dev.claret.cat\/producte\/cuando-nacen-los-monstruos\/"},"modified":"2023-10-06T10:08:57","modified_gmt":"2023-10-06T08:08:57","slug":"cuando-nacen-los-monstruos-9788418820380","status":"publish","type":"product","link":"https:\/\/www.claret.cat\/es\/libro\/cuando-nacen-los-monstruos-9788418820380\/","title":{"rendered":"CUANDO NACEN LOS MONSTRUOS"},"content":{"rendered":"<p>Los monstruos no surgen de la nada. Son criaturas que tardamos en reconocer a trav\u00e9s de la bruma y que, antes de alcanzarnos, han hecho un largo y vacilante camino desde or\u00edgenes muy diversos. Un caso medi\u00e1tico de la cr\u00f3nica negra, un episodio hist\u00f3rico, un hallazgo cient\u00edfico, una creencia mitol\u00f3gica, un edificio maldito, una fantas\u00eda dist\u00f3pica, un trauma colectivo,&#8230; a veces cristalizan en nuestra imaginaci\u00f3n bajo una apariencia monstruosa, agudizada por un sentimiento muy familiar: el miedo.<br \/> A quienes siempre se han acercado al cine de terror con una mezcla de escepticismo y aprensi\u00f3n, les sorprender\u00e1 la enorme influencia de las veinticinco pel\u00edculas ilustradas y rese\u00f1adas en este libro, convertidas en cl\u00e1sicos y en iconos reconocibles para todo el mundo. Su diversidad, sus fuentes de inspiraci\u00f3n (casi siempre literarias), su calidad art\u00edstica y t\u00e9cnica y su frecuente car\u00e1cter intemporal, justifican la existencia de fieles y multitudinarios aficionados a la irrupci\u00f3n del terror en la pantalla. Uno de los g\u00e9neros cinematogr\u00e1ficos con mayor capacidad para que nos revolvamos en nuestras butacas, nos sintamos zarandeados en nuestras emociones y no nos recuperemos tan f\u00e1cilmente tras la palabra FIN.<br \/> (Alberto Gil)<\/p>\n","protected":false},"excerpt":{"rendered":"<p>GIL, ALBERTO \/ VICENTE, FERNANDO<\/p>\n","protected":false},"featured_media":58721,"template":"","meta":{"_acf_changed":false,"om_disable_all_campaigns":false,"rs_blank_template":"","rs_page_bg_color":"","slide_template_v7":"","inline_featured_image":false,"_monsterinsights_skip_tracking":false,"_monsterinsights_sitenote_active":false,"_monsterinsights_sitenote_note":"","_monsterinsights_sitenote_category":0},"product_brand":[],"product_cat":[561],"product_tag":[],"class_list":{"0":"post-42654","1":"product","2":"type-product","3":"status-publish","4":"has-post-thumbnail","6":"product_cat-cine-y-television","8":"first","9":"instock","10":"taxable","11":"shipping-taxable","12":"purchasable","13":"product-type-simple"},"acf":{"autor":"GIL, ALBERTO \/ VICENTE, FERNANDO","codart":"841882038","libros-coleccion":"Literatura ilustrada","ediciones":"1","encuadernacion":"Carton\u00e9","fecha_de_publicacion":"01\/03\/2022","novedad":"1","paginas":"191","subtitulo":"MITOS DEL CINE DE TERROR","orden":"0","portada":"0","idioma":"spa","editorial":[{"ID":148476,"post_author":"3","post_date":"2022-10-14 11:58:32","post_date_gmt":"2022-10-14 09:58:32","post_content":"","post_title":"Lunwerg Editores","post_excerpt":"","post_status":"publish","comment_status":"closed","ping_status":"closed","post_password":"","post_name":"lunwerg-editores","to_ping":"","pinged":"","post_modified":"2022-10-14 11:58:32","post_modified_gmt":"2022-10-14 09:58:32","post_content_filtered":"","post_parent":0,"guid":"http:\/\/dev.claret.cat\/editorial\/lunwerg-editores\/","menu_order":0,"post_type":"editorial","post_mime_type":"","comment_count":"0","filter":"raw"}],"autores-libros":[{"ID":155878,"post_author":"3","post_date":"2022-10-14 15:16:21","post_date_gmt":"2022-10-14 13:16:21","post_content":"","post_title":"FERNANDO VICENTE","post_excerpt":"","post_status":"publish","comment_status":"closed","ping_status":"closed","post_password":"","post_name":"fernando-vicente","to_ping":"","pinged":"","post_modified":"2022-10-14 15:16:21","post_modified_gmt":"2022-10-14 13:16:21","post_content_filtered":"","post_parent":0,"guid":"http:\/\/dev.claret.cat\/autor\/fernando-vicente\/","menu_order":0,"post_type":"autor","post_mime_type":"","comment_count":"0","filter":"raw"},{"ID":149494,"post_author":"3","post_date":"2022-10-14 14:25:19","post_date_gmt":"2022-10-14 12:25:19","post_content":"","post_title":"ALBERTO GIL","post_excerpt":"","post_status":"publish","comment_status":"closed","ping_status":"closed","post_password":"","post_name":"alberto-gil","to_ping":"","pinged":"","post_modified":"2022-10-14 14:25:19","post_modified_gmt":"2022-10-14 12:25:19","post_content_filtered":"","post_parent":0,"guid":"http:\/\/dev.claret.cat\/autor\/alberto-gil\/","menu_order":0,"post_type":"autor","post_mime_type":"","comment_count":"0","filter":"raw"}]},"aioseo_notices":[],"_links":{"self":[{"href":"https:\/\/www.claret.cat\/es\/wp-json\/wp\/v2\/product\/42654","targetHints":{"allow":["GET"]}}],"collection":[{"href":"https:\/\/www.claret.cat\/es\/wp-json\/wp\/v2\/product"}],"about":[{"href":"https:\/\/www.claret.cat\/es\/wp-json\/wp\/v2\/types\/product"}],"wp:featuredmedia":[{"embeddable":true,"href":"https:\/\/www.claret.cat\/es\/wp-json\/wp\/v2\/media\/58721"}],"wp:attachment":[{"href":"https:\/\/www.claret.cat\/es\/wp-json\/wp\/v2\/media?parent=42654"}],"wp:term":[{"taxonomy":"product_brand","embeddable":true,"href":"https:\/\/www.claret.cat\/es\/wp-json\/wp\/v2\/product_brand?post=42654"},{"taxonomy":"product_cat","embeddable":true,"href":"https:\/\/www.claret.cat\/es\/wp-json\/wp\/v2\/product_cat?post=42654"},{"taxonomy":"product_tag","embeddable":true,"href":"https:\/\/www.claret.cat\/es\/wp-json\/wp\/v2\/product_tag?post=42654"}],"curies":[{"name":"wp","href":"https:\/\/api.w.org\/{rel}","templated":true}]}}