{"id":42723,"date":"2022-10-02T20:03:14","date_gmt":"2022-10-02T18:03:14","guid":{"rendered":"http:\/\/dev.claret.cat\/producte\/a-los-pies-del-maestro\/"},"modified":"2023-10-06T11:17:53","modified_gmt":"2023-10-06T09:17:53","slug":"a-los-pies-del-maestro-9788441441323","status":"publish","type":"product","link":"https:\/\/www.claret.cat\/es\/libro\/a-los-pies-del-maestro-9788441441323\/","title":{"rendered":"A LOS PIES DEL MAESTRO"},"content":{"rendered":"<p>A los pies del maestro es un libro que por derecho propio ha encontrado un lugar dentro de la literatura espiritual de nuestro tiempo, convirti\u00e9ndose ya en un cl\u00e1sico contempor\u00e1neo. Obviando un hecho tan poco com\u00fan como el de que el autor tuviera 15 a\u00f1os cuando lo escribi\u00f3, lo cierto es que su contenido conquista al lector, impidi\u00e9ndole mostrarse indiferente ante la claridad y la lucidez en la exposici\u00f3n de conceptos que nos hablan de lo m\u00e1s profundo del ser humano.<br \/> Discernimiento, ausencia de deseos, buena conducta y amor son las cualidades que Krishnamurti expone y explora en su obra y que significar\u00e1n los requisitos indispensables para todos aquellos que deseen avanzar en el camino del autoconocimiento.<\/p>\n","protected":false},"excerpt":{"rendered":"<p>KRISHNAMURTI, JIDDU<\/p>\n","protected":false},"featured_media":372588,"template":"","meta":{"_acf_changed":false,"om_disable_all_campaigns":false,"rs_blank_template":"","rs_page_bg_color":"","slide_template_v7":"","inline_featured_image":false,"_monsterinsights_skip_tracking":false,"_monsterinsights_sitenote_active":false,"_monsterinsights_sitenote_note":"","_monsterinsights_sitenote_category":0},"product_brand":[],"product_cat":[485,495],"product_tag":[],"class_list":{"0":"post-42723","1":"product","2":"type-product","3":"status-publish","4":"has-post-thumbnail","6":"product_cat-autores-espiritualidad-1_espiritualidad","7":"product_cat-diversa-espiritualidad-1_espiritualidad","9":"first","10":"instock","11":"taxable","12":"shipping-taxable","13":"purchasable","14":"product-type-simple"},"acf":{"autor":"KRISHNAMURTI, JIDDU","codart":"844144132","libros-coleccion":"ARCA DE SABIDUR\u00cdA","ediciones":"1","encuadernacion":"R\u00fastica","fecha_de_publicacion":"01\/01\/2022","novedad":"1","paginas":"93","subtitulo":"","orden":"0","portada":"0","idioma":"spa","autores-libros":[{"ID":5591,"post_author":"3","post_date":"2022-07-28 17:27:17","post_date_gmt":"2022-07-28 15:27:17","post_content":"","post_title":"JIDDU KRISHNAMURTI","post_excerpt":"","post_status":"publish","comment_status":"closed","ping_status":"closed","post_password":"","post_name":"jiddu-krishnamurti","to_ping":"","pinged":"","post_modified":"2022-07-28 17:27:17","post_modified_gmt":"2022-07-28 15:27:17","post_content_filtered":"","post_parent":0,"guid":"http:\/\/dev.claret.cat\/autor\/jiddu-krishnamurti\/","menu_order":0,"post_type":"autor","post_mime_type":"","comment_count":"0","filter":"raw"}],"editorial":[{"ID":147770,"post_author":"3","post_date":"2022-10-14 11:53:05","post_date_gmt":"2022-10-14 09:53:05","post_content":"","post_title":"EDAF","post_excerpt":"","post_status":"publish","comment_status":"closed","ping_status":"closed","post_password":"","post_name":"edaf","to_ping":"","pinged":"","post_modified":"2022-10-14 11:53:05","post_modified_gmt":"2022-10-14 09:53:05","post_content_filtered":"","post_parent":0,"guid":"http:\/\/dev.claret.cat\/editorial\/edaf\/","menu_order":0,"post_type":"editorial","post_mime_type":"","comment_count":"0","filter":"raw"}]},"aioseo_notices":[],"_links":{"self":[{"href":"https:\/\/www.claret.cat\/es\/wp-json\/wp\/v2\/product\/42723","targetHints":{"allow":["GET"]}}],"collection":[{"href":"https:\/\/www.claret.cat\/es\/wp-json\/wp\/v2\/product"}],"about":[{"href":"https:\/\/www.claret.cat\/es\/wp-json\/wp\/v2\/types\/product"}],"wp:featuredmedia":[{"embeddable":true,"href":"https:\/\/www.claret.cat\/es\/wp-json\/wp\/v2\/media\/372588"}],"wp:attachment":[{"href":"https:\/\/www.claret.cat\/es\/wp-json\/wp\/v2\/media?parent=42723"}],"wp:term":[{"taxonomy":"product_brand","embeddable":true,"href":"https:\/\/www.claret.cat\/es\/wp-json\/wp\/v2\/product_brand?post=42723"},{"taxonomy":"product_cat","embeddable":true,"href":"https:\/\/www.claret.cat\/es\/wp-json\/wp\/v2\/product_cat?post=42723"},{"taxonomy":"product_tag","embeddable":true,"href":"https:\/\/www.claret.cat\/es\/wp-json\/wp\/v2\/product_tag?post=42723"}],"curies":[{"name":"wp","href":"https:\/\/api.w.org\/{rel}","templated":true}]}}