{"id":42777,"date":"2022-10-02T20:04:06","date_gmt":"2022-10-02T18:04:06","guid":{"rendered":"http:\/\/dev.claret.cat\/producte\/bienestar-centrado-en-emociones\/"},"modified":"2023-10-06T10:34:00","modified_gmt":"2023-10-06T08:34:00","slug":"bienestar-centrado-en-emociones-9788415995524","status":"publish","type":"product","link":"https:\/\/www.claret.cat\/es\/libro\/bienestar-centrado-en-emociones-9788415995524\/","title":{"rendered":"BIENESTAR CENTRADO EN EMOCIONES"},"content":{"rendered":"<p>Las emociones no son una pintura que llena nuestra vida de color de rosa. Las emociones dotan de una ventaja solo a los que se atreven a vivir lo que les acontece, aunque nos siempre sea positivo.<br \/> Este libro busca higienizar la vida emocional, generar cambios en la manera de dar cabida a lo que nos sucede emocionalmente para gestionarlo con cabeza.<br \/> El bienestar emocional consiste en gestionar el coraz\u00f3n con cabeza y la cabeza con coraz\u00f3n. Esa es la funci\u00f3n sana de la emoci\u00f3n. Este libro te mostrar\u00e1 el camino para conseguir ese equilibrio emocional.<\/p>\n","protected":false},"excerpt":{"rendered":"<p>BELLIDO BAUTISTA, JUAN<\/p>\n","protected":false},"featured_media":58821,"template":"","meta":{"_acf_changed":false,"om_disable_all_campaigns":false,"rs_blank_template":"","rs_page_bg_color":"","slide_template_v7":"","inline_featured_image":false,"_monsterinsights_skip_tracking":false,"_monsterinsights_sitenote_active":false,"_monsterinsights_sitenote_note":"","_monsterinsights_sitenote_category":0},"product_brand":[],"product_cat":[377],"product_tag":[],"class_list":{"0":"post-42777","1":"product","2":"type-product","3":"status-publish","4":"has-post-thumbnail","6":"product_cat-autoayuda-y-salud-mental","8":"first","9":"instock","10":"taxable","11":"shipping-taxable","12":"purchasable","13":"product-type-simple"},"acf":{"autor":"BELLIDO BAUTISTA, JUAN","codart":"841599552","libros-coleccion":"Expresiones","ediciones":"1","encuadernacion":"R\u00fastica","fecha_de_publicacion":"01\/03\/2022","novedad":"1","paginas":"360","subtitulo":"EL M\u00c9TODO PARA GESTIONAR EMOCIONES","orden":"0","portada":"0","idioma":"spa","editorial":[{"ID":148334,"post_author":"3","post_date":"2022-10-14 11:57:26","post_date_gmt":"2022-10-14 09:57:26","post_content":"","post_title":"Khaf (Edelvives)","post_excerpt":"","post_status":"publish","comment_status":"closed","ping_status":"closed","post_password":"","post_name":"khaf-edelvives","to_ping":"","pinged":"","post_modified":"2022-10-14 11:57:26","post_modified_gmt":"2022-10-14 09:57:26","post_content_filtered":"","post_parent":0,"guid":"http:\/\/dev.claret.cat\/editorial\/khaf-edelvives\/","menu_order":0,"post_type":"editorial","post_mime_type":"","comment_count":"0","filter":"raw"}],"autores-libros":[{"ID":160965,"post_author":"3","post_date":"2022-10-14 15:57:18","post_date_gmt":"2022-10-14 13:57:18","post_content":"","post_title":"JUAN BELLIDO BAUTISTA","post_excerpt":"","post_status":"publish","comment_status":"closed","ping_status":"closed","post_password":"","post_name":"juan-bellido-bautista","to_ping":"","pinged":"","post_modified":"2022-10-14 15:57:18","post_modified_gmt":"2022-10-14 13:57:18","post_content_filtered":"","post_parent":0,"guid":"http:\/\/dev.claret.cat\/autor\/juan-bellido-bautista\/","menu_order":0,"post_type":"autor","post_mime_type":"","comment_count":"0","filter":"raw"}]},"aioseo_notices":[],"_links":{"self":[{"href":"https:\/\/www.claret.cat\/es\/wp-json\/wp\/v2\/product\/42777","targetHints":{"allow":["GET"]}}],"collection":[{"href":"https:\/\/www.claret.cat\/es\/wp-json\/wp\/v2\/product"}],"about":[{"href":"https:\/\/www.claret.cat\/es\/wp-json\/wp\/v2\/types\/product"}],"wp:featuredmedia":[{"embeddable":true,"href":"https:\/\/www.claret.cat\/es\/wp-json\/wp\/v2\/media\/58821"}],"wp:attachment":[{"href":"https:\/\/www.claret.cat\/es\/wp-json\/wp\/v2\/media?parent=42777"}],"wp:term":[{"taxonomy":"product_brand","embeddable":true,"href":"https:\/\/www.claret.cat\/es\/wp-json\/wp\/v2\/product_brand?post=42777"},{"taxonomy":"product_cat","embeddable":true,"href":"https:\/\/www.claret.cat\/es\/wp-json\/wp\/v2\/product_cat?post=42777"},{"taxonomy":"product_tag","embeddable":true,"href":"https:\/\/www.claret.cat\/es\/wp-json\/wp\/v2\/product_tag?post=42777"}],"curies":[{"name":"wp","href":"https:\/\/api.w.org\/{rel}","templated":true}]}}