{"id":42819,"date":"2022-10-02T20:05:06","date_gmt":"2022-10-02T18:05:06","guid":{"rendered":"http:\/\/dev.claret.cat\/producte\/el-mar-viaja-conoce-explora-edic-ilustrado-espanol\/"},"modified":"2023-10-06T10:38:24","modified_gmt":"2023-10-06T08:38:24","slug":"el-mar-viaja-conoce-explora-edic-ilustrado-espanol-9788418697180","status":"publish","type":"product","link":"https:\/\/www.claret.cat\/es\/libro\/el-mar-viaja-conoce-explora-edic-ilustrado-espanol-9788418697180\/","title":{"rendered":"EL MAR. VIAJA, CONOCE, EXPLORA. EDIC. ILUSTRADO (ESPA\u00d1OL)"},"content":{"rendered":"<p>Aunque se llame Tierra, la mayor parte de nuestro planeta est\u00e1 cubierta de agua. Los mares y los oc\u00e9anos son inmensas masas de agua en las que viven criaturas extraordinarias y que esconden espectaculares abismos inexplorados.<\/p>\n","protected":false},"excerpt":{"rendered":"<p>VVAA<\/p>\n","protected":false},"featured_media":270117,"template":"","meta":{"_acf_changed":false,"om_disable_all_campaigns":false,"rs_blank_template":"","rs_page_bg_color":"","slide_template_v7":"","inline_featured_image":false,"_monsterinsights_skip_tracking":false,"_monsterinsights_sitenote_active":false,"_monsterinsights_sitenote_note":"","_monsterinsights_sitenote_category":0},"product_brand":[],"product_cat":[365,362],"product_tag":[],"class_list":{"0":"post-42819","1":"product","2":"type-product","3":"status-publish","4":"has-post-thumbnail","6":"product_cat-entretenimientos","7":"product_cat-libros-preadolescentes-6-12-anos","9":"first","10":"instock","11":"taxable","12":"shipping-taxable","13":"purchasable","14":"product-type-simple"},"acf":{"autor":"VVAA","codart":"841869718","libros-coleccion":"FORA DE COL.LECCI\u00d3","ediciones":"1","encuadernacion":"Carpeta","fecha_de_publicacion":"01\/02\/2022","novedad":"1","paginas":"0","subtitulo":"","orden":"0","portada":"0","idioma":"spa","editorial":[{"ID":148503,"post_author":"3","post_date":"2022-10-14 11:58:45","post_date_gmt":"2022-10-14 09:58:45","post_content":"","post_title":"MANOLITO BOOKS","post_excerpt":"","post_status":"publish","comment_status":"closed","ping_status":"closed","post_password":"","post_name":"manolito-books","to_ping":"","pinged":"","post_modified":"2022-10-14 11:58:45","post_modified_gmt":"2022-10-14 09:58:45","post_content_filtered":"","post_parent":0,"guid":"http:\/\/dev.claret.cat\/editorial\/manolito-books\/","menu_order":0,"post_type":"editorial","post_mime_type":"","comment_count":"0","filter":"raw"}],"autores-libros":[{"ID":171204,"post_author":"3","post_date":"2022-10-14 22:41:30","post_date_gmt":"2022-10-14 20:41:30","post_content":"","post_title":"VVAA","post_excerpt":"","post_status":"publish","comment_status":"closed","ping_status":"closed","post_password":"","post_name":"vvaa","to_ping":"","pinged":"","post_modified":"2022-10-14 22:41:30","post_modified_gmt":"2022-10-14 20:41:30","post_content_filtered":"","post_parent":0,"guid":"http:\/\/dev.claret.cat\/autor\/vvaa\/","menu_order":0,"post_type":"autor","post_mime_type":"","comment_count":"0","filter":"raw"}]},"aioseo_notices":[],"_links":{"self":[{"href":"https:\/\/www.claret.cat\/es\/wp-json\/wp\/v2\/product\/42819","targetHints":{"allow":["GET"]}}],"collection":[{"href":"https:\/\/www.claret.cat\/es\/wp-json\/wp\/v2\/product"}],"about":[{"href":"https:\/\/www.claret.cat\/es\/wp-json\/wp\/v2\/types\/product"}],"wp:featuredmedia":[{"embeddable":true,"href":"https:\/\/www.claret.cat\/es\/wp-json\/wp\/v2\/media\/270117"}],"wp:attachment":[{"href":"https:\/\/www.claret.cat\/es\/wp-json\/wp\/v2\/media?parent=42819"}],"wp:term":[{"taxonomy":"product_brand","embeddable":true,"href":"https:\/\/www.claret.cat\/es\/wp-json\/wp\/v2\/product_brand?post=42819"},{"taxonomy":"product_cat","embeddable":true,"href":"https:\/\/www.claret.cat\/es\/wp-json\/wp\/v2\/product_cat?post=42819"},{"taxonomy":"product_tag","embeddable":true,"href":"https:\/\/www.claret.cat\/es\/wp-json\/wp\/v2\/product_tag?post=42819"}],"curies":[{"name":"wp","href":"https:\/\/api.w.org\/{rel}","templated":true}]}}