{"id":42837,"date":"2022-10-02T20:05:25","date_gmt":"2022-10-02T18:05:25","guid":{"rendered":"http:\/\/dev.claret.cat\/producte\/100-conceptes-sobre-art\/"},"modified":"2023-10-06T11:05:56","modified_gmt":"2023-10-06T09:05:56","slug":"100-conceptes-sobre-art-9788412368581","status":"publish","type":"product","link":"https:\/\/www.claret.cat\/es\/libro\/100-conceptes-sobre-art-9788412368581\/","title":{"rendered":"100 CONCEPTES SOBRE ART"},"content":{"rendered":"<p>Es pot resumir el meravell\u00f3s m\u00f3n de l&#8221;art <br \/> en nom\u00e9s 100 conceptes? <\/p>\n<p> Materials, t\u00e8cniques, estils, dissenys, artistes del passat i del present i diferents m\u00e8todes d&#8221;expressi\u00f3 art\u00edstica resumits en 100 conceptes triats amb cura. Susie Hodge ens mostra la seva gran capacitat de transmetre en poques paraules tot el que cal saber sobre l&#8221;art, en un llibre fascinant que inclou activitats atractives, suggeriments <br \/> i preguntes per reflexionar, inspirar, practicar i crear.<\/p>\n","protected":false},"excerpt":{"rendered":"<p>HODGE, SUSIE<\/p>\n","protected":false},"featured_media":275381,"template":"","meta":{"_acf_changed":false,"om_disable_all_campaigns":false,"rs_blank_template":"","rs_page_bg_color":"","slide_template_v7":"","inline_featured_image":false,"_monsterinsights_skip_tracking":false,"_monsterinsights_sitenote_active":false,"_monsterinsights_sitenote_note":"","_monsterinsights_sitenote_category":0},"product_brand":[],"product_cat":[132,110],"product_tag":[],"class_list":{"0":"post-42837","1":"product","2":"type-product","3":"status-publish","4":"has-post-thumbnail","6":"product_cat-lectures-per-preadolescents-6-12-anys","7":"product_cat-art","9":"first","10":"instock","11":"taxable","12":"shipping-taxable","13":"purchasable","14":"product-type-simple"},"acf":{"autor":"HODGE, SUSIE","codart":"841236858","libros-coleccion":"INFANTIL","ediciones":"1","encuadernacion":"Carton\u00e9","fecha_de_publicacion":"01\/02\/2022","novedad":"1","paginas":"112","subtitulo":"","orden":"0","portada":"0","idioma":"cat","editorial":[{"ID":147643,"post_author":"3","post_date":"2022-10-14 11:52:09","post_date_gmt":"2022-10-14 09:52:09","post_content":"","post_title":"COCO BOOKS","post_excerpt":"","post_status":"publish","comment_status":"closed","ping_status":"closed","post_password":"","post_name":"coco-books","to_ping":"","pinged":"","post_modified":"2022-10-14 11:52:09","post_modified_gmt":"2022-10-14 09:52:09","post_content_filtered":"","post_parent":0,"guid":"http:\/\/dev.claret.cat\/editorial\/coco-books\/","menu_order":0,"post_type":"editorial","post_mime_type":"","comment_count":"0","filter":"raw"}],"autores-libros":[{"ID":169996,"post_author":"3","post_date":"2022-10-14 22:31:42","post_date_gmt":"2022-10-14 20:31:42","post_content":"","post_title":"SUSIE HODGE","post_excerpt":"","post_status":"publish","comment_status":"closed","ping_status":"closed","post_password":"","post_name":"susie-hodge","to_ping":"","pinged":"","post_modified":"2022-10-14 22:31:42","post_modified_gmt":"2022-10-14 20:31:42","post_content_filtered":"","post_parent":0,"guid":"http:\/\/dev.claret.cat\/autor\/susie-hodge\/","menu_order":0,"post_type":"autor","post_mime_type":"","comment_count":"0","filter":"raw"}]},"aioseo_notices":[],"_links":{"self":[{"href":"https:\/\/www.claret.cat\/es\/wp-json\/wp\/v2\/product\/42837","targetHints":{"allow":["GET"]}}],"collection":[{"href":"https:\/\/www.claret.cat\/es\/wp-json\/wp\/v2\/product"}],"about":[{"href":"https:\/\/www.claret.cat\/es\/wp-json\/wp\/v2\/types\/product"}],"wp:featuredmedia":[{"embeddable":true,"href":"https:\/\/www.claret.cat\/es\/wp-json\/wp\/v2\/media\/275381"}],"wp:attachment":[{"href":"https:\/\/www.claret.cat\/es\/wp-json\/wp\/v2\/media?parent=42837"}],"wp:term":[{"taxonomy":"product_brand","embeddable":true,"href":"https:\/\/www.claret.cat\/es\/wp-json\/wp\/v2\/product_brand?post=42837"},{"taxonomy":"product_cat","embeddable":true,"href":"https:\/\/www.claret.cat\/es\/wp-json\/wp\/v2\/product_cat?post=42837"},{"taxonomy":"product_tag","embeddable":true,"href":"https:\/\/www.claret.cat\/es\/wp-json\/wp\/v2\/product_tag?post=42837"}],"curies":[{"name":"wp","href":"https:\/\/api.w.org\/{rel}","templated":true}]}}