{"id":42870,"date":"2022-10-02T20:06:05","date_gmt":"2022-10-02T18:06:05","guid":{"rendered":"http:\/\/dev.claret.cat\/producte\/mamut-traduccion-en-lengua-espanola\/"},"modified":"2023-10-06T10:24:34","modified_gmt":"2023-10-06T08:24:34","slug":"mamut-traduccion-en-lengua-espanola-9788439735441","status":"publish","type":"product","link":"https:\/\/www.claret.cat\/es\/libro\/mamut-traduccion-en-lengua-espanola-9788439735441\/","title":{"rendered":"MAMUT (TRADUCCI\u00d3N EN LENGUA ESPA\u00d1OLA)"},"content":{"rendered":"<p>Eva Baltasar cierra el tr\u00edptico sobre la vida y los deseos de tres  mujeres con una novela animal sobre una joven que abandona la ciudad para instalarse en una casa aislada. La protagonista de Mamut es una chica arcaica atrapada en la vida  moderna. Su h\u00e1bitat es la ciudad, donde trabaja para vivir. Quiere ser  madre, y esto la obliga a acercarse a los hombres \u00bfC\u00f3mo resistir el hormiguero humano si tienes instinto de cazador solitario? Un d\u00eda abandona la ciudad, cambia de entorno y se convierte en la due\u00f1a  de una casa completamente aislada. All\u00ed solo est\u00e1n el pastor, la soledad  y bestias que te alimentan o te amenazan. El instinto trabaja, la conciencia se altera y se gesta una transformaci\u00f3n. Esta no es una novela m\u00e1s sobre la huida al campo, esto es una bomba de  relojer\u00eda sobre las llagas de la sociedad contempor\u00e1nea, una narraci\u00f3n in crescendo que a\u00falla a merced de esta novelista salvaje que es Eva Baltasar. Sobre sus anteriores novelas se dijo: \u00abManeja los sentimientos como material radioactivo, como algo que nos mata y nos ilumina\u00bb.<br \/>Javier Rodr\u00edguez Marcos, Babelia \u00abLa voz \u00edntima y profunda de la narradora mueve el libro. Divertida,  cruda, brutal, oscura y extra\u00f1amente edificante en su honestidad [&#8230;].  La experiencia de leer Permafrost es absolutamente inolvidable\u00bb.<br \/>The New York Times \u00abUn magma de sensaciones, dudas y aspiraciones. Un tesoro. Lo sustancioso de Permafrost se encuentra en la brecha entre las  fantas\u00edas que proyecta la narradora sobre las mujeres que la rodean #que  la ven como una mujer libre y satisfecha# y la sensaci\u00f3n de asfixia que la constri\u00f1e\u00bb.<br \/>Le Monde \u00abBaltasar es habil\u00edsima. Una Dorothy Parker catalana. Ir\u00f3nica, implacable\u00bb.<br \/>La Repubblica \u00abLa suya es una subjetividad po\u00e9tica que mira el mundo y descubre que todo eso que nos contiene puede mirarse por primera vez\u00bb.<br \/>Gabriela Wiener \u00abEl estilo de Baltasar es impecable\u00bb.<br \/>Carlos Zan\u00f3n, El Pa\u00eds \u00abUna lucidez fr\u00eda pero candente, admirable, en su aproximaci\u00f3n al detalle\u00bb.<br \/>Nadal Suau, El Cultural \u00abDescribe como no pensabas que pudiera hacerse\u00bb.<br \/>Juli\u00e0 Guillamon, La Vanguardia<\/p>\n","protected":false},"excerpt":{"rendered":"<p>BALTASAR, EVA<\/p>\n","protected":false},"featured_media":58883,"template":"","meta":{"_acf_changed":false,"om_disable_all_campaigns":false,"rs_blank_template":"","rs_page_bg_color":"","slide_template_v7":"","inline_featured_image":false,"_monsterinsights_skip_tracking":false,"_monsterinsights_sitenote_active":false,"_monsterinsights_sitenote_note":"","_monsterinsights_sitenote_category":0},"product_brand":[],"product_cat":[357],"product_tag":[],"class_list":{"0":"post-42870","1":"product","2":"type-product","3":"status-publish","4":"has-post-thumbnail","6":"product_cat-novela-contemporanea","8":"first","9":"instock","10":"taxable","11":"shipping-taxable","12":"purchasable","13":"product-type-simple"},"acf":{"autor":"BALTASAR, EVA","codart":"843973544","libros-coleccion":"Literatura Mondadori","ediciones":"1","encuadernacion":"R\u00fastica","fecha_de_publicacion":"01\/03\/2022","novedad":"1","paginas":"112","subtitulo":"","orden":"0","portada":"0","idioma":"spa","editorial":[{"ID":6290,"post_author":"3","post_date":"2022-07-28 17:49:01","post_date_gmt":"2022-07-28 15:49:01","post_content":"","post_title":"LITERATURA RANDOM HOUSE","post_excerpt":"","post_status":"publish","comment_status":"closed","ping_status":"closed","post_password":"","post_name":"literatura-random-house","to_ping":"","pinged":"","post_modified":"2022-07-28 17:49:01","post_modified_gmt":"2022-07-28 15:49:01","post_content_filtered":"","post_parent":0,"guid":"http:\/\/dev.claret.cat\/editorial\/literatura-random-house\/","menu_order":0,"post_type":"editorial","post_mime_type":"","comment_count":"0","filter":"raw"}],"autores-libros":[{"ID":155514,"post_author":"3","post_date":"2022-10-14 15:13:26","post_date_gmt":"2022-10-14 13:13:26","post_content":"","post_title":"EVA BALTASAR","post_excerpt":"","post_status":"publish","comment_status":"closed","ping_status":"closed","post_password":"","post_name":"eva-baltasar","to_ping":"","pinged":"","post_modified":"2022-10-14 15:13:26","post_modified_gmt":"2022-10-14 13:13:26","post_content_filtered":"","post_parent":0,"guid":"http:\/\/dev.claret.cat\/autor\/eva-baltasar\/","menu_order":0,"post_type":"autor","post_mime_type":"","comment_count":"0","filter":"raw"}]},"aioseo_notices":[],"_links":{"self":[{"href":"https:\/\/www.claret.cat\/es\/wp-json\/wp\/v2\/product\/42870","targetHints":{"allow":["GET"]}}],"collection":[{"href":"https:\/\/www.claret.cat\/es\/wp-json\/wp\/v2\/product"}],"about":[{"href":"https:\/\/www.claret.cat\/es\/wp-json\/wp\/v2\/types\/product"}],"wp:featuredmedia":[{"embeddable":true,"href":"https:\/\/www.claret.cat\/es\/wp-json\/wp\/v2\/media\/58883"}],"wp:attachment":[{"href":"https:\/\/www.claret.cat\/es\/wp-json\/wp\/v2\/media?parent=42870"}],"wp:term":[{"taxonomy":"product_brand","embeddable":true,"href":"https:\/\/www.claret.cat\/es\/wp-json\/wp\/v2\/product_brand?post=42870"},{"taxonomy":"product_cat","embeddable":true,"href":"https:\/\/www.claret.cat\/es\/wp-json\/wp\/v2\/product_cat?post=42870"},{"taxonomy":"product_tag","embeddable":true,"href":"https:\/\/www.claret.cat\/es\/wp-json\/wp\/v2\/product_tag?post=42870"}],"curies":[{"name":"wp","href":"https:\/\/api.w.org\/{rel}","templated":true}]}}