{"id":429619,"date":"2023-05-16T10:02:57","date_gmt":"2023-05-16T08:02:57","guid":{"rendered":"https:\/\/www.claret.cat\/llibre\/les-millors-histories-del-pare-brown-9788419013965\/"},"modified":"2023-10-11T02:45:26","modified_gmt":"2023-10-11T00:45:26","slug":"les-millors-histories-del-pare-brown-9788419013965","status":"publish","type":"product","link":"https:\/\/www.claret.cat\/es\/libro\/les-millors-histories-del-pare-brown-9788419013965\/","title":{"rendered":"LES MILLORS HIST\u00d2RIES DEL PARE BROWN"},"content":{"rendered":"<p>Un volum que recull els millors relats protagonitzats pel pare Brown, m\u00edtic personatge creat per Chesterton. Recollim en un volum una depurada selecci\u00f3 dels 12 millors relats del pare Brown; feta conjuntament amb el Centre d&#8217;Estudis i Documentaci\u00f3 G. K. Chesterton. Un llibre atractiu per acostar nous lectors a un dels cl\u00e0ssics de la literatura i pare del g\u00e8nere de misteri i suspens.Fragment del pr\u00f2leg:<br \/>\u00abW. H. Auden afirmava que el g\u00e8nere del misteri s&#8217;acostava fins a cert punt al mite religi\u00f3s. En l&#8217;\u00e8poca d&#8217;entreguerres, tan necessitada d&#8217;escapisme i de transcend\u00e8ncia, i en plena edat d&#8217;or del g\u00e8nere, G. K. Chesterton se&#8217;n servia i encomanava els casos a un capell\u00e0 cat\u00f2lic mentre projectava en els relats una filosofia i una mirada metaf\u00edsiques. (&#8230;) La renovaci\u00f3 que fa Chesterton del g\u00e8nere consisteix en bona part a enlla\u00e7ar l&#8217;enigma del cas amb l&#8217;enigma del misteri i amb el reclam d&#8217;un ordre moral i de la m\u00e0 divina\u00bb. S\u00edlvia Coll-Vinent Centre d&#8217;Estudis i Documentaci\u00f3 G. K. Chesterton<\/p>\n","protected":false},"excerpt":{"rendered":"<p>CHESTERTON, G.K.<\/p>\n","protected":false},"featured_media":429620,"template":"","meta":{"_acf_changed":false,"om_disable_all_campaigns":false,"rs_blank_template":"","rs_page_bg_color":"","slide_template_v7":"","inline_featured_image":false,"_monsterinsights_skip_tracking":false,"_monsterinsights_sitenote_active":false,"_monsterinsights_sitenote_note":"","_monsterinsights_sitenote_category":0},"product_brand":[],"product_cat":[127,357],"product_tag":[],"class_list":{"0":"post-429619","1":"product","2":"type-product","3":"status-publish","4":"has-post-thumbnail","6":"product_cat-novella-contemporania","7":"product_cat-novela-contemporanea","9":"first","10":"instock","11":"taxable","12":"shipping-taxable","13":"purchasable","14":"product-type-simple"},"acf":{"autor":"CHESTERTON, G.K.","codart":"841901396","libros-coleccion":"LES ALES ESTESES","ediciones":"1","encuadernacion":"R\u00fastica","fecha_de_publicacion":"01\/05\/2023","novedad":"1","paginas":"252","subtitulo":"","orden":"0","portada":"0","idioma":"cat","editorial":[{"ID":6278,"post_author":"3","post_date":"2022-07-28 17:48:46","post_date_gmt":"2022-07-28 15:48:46","post_content":"","post_title":"La Magrana","post_excerpt":"","post_status":"publish","comment_status":"closed","ping_status":"closed","post_password":"","post_name":"la-magrana","to_ping":"","pinged":"","post_modified":"2022-07-28 17:48:46","post_modified_gmt":"2022-07-28 15:48:46","post_content_filtered":"","post_parent":0,"guid":"http:\/\/dev.claret.cat\/editorial\/la-magrana\/","menu_order":0,"post_type":"editorial","post_mime_type":"","comment_count":"0","filter":"raw"}],"autores-libros":[{"ID":5501,"post_author":"3","post_date":"2022-07-28 17:25:20","post_date_gmt":"2022-07-28 15:25:20","post_content":"","post_title":"G.K. CHESTERTON","post_excerpt":"","post_status":"publish","comment_status":"closed","ping_status":"closed","post_password":"","post_name":"g-k-chesterton","to_ping":"","pinged":"","post_modified":"2022-07-28 17:25:20","post_modified_gmt":"2022-07-28 15:25:20","post_content_filtered":"","post_parent":0,"guid":"http:\/\/dev.claret.cat\/autor\/g-k-chesterton\/","menu_order":0,"post_type":"autor","post_mime_type":"","comment_count":"0","filter":"raw"}]},"aioseo_notices":[],"_links":{"self":[{"href":"https:\/\/www.claret.cat\/es\/wp-json\/wp\/v2\/product\/429619","targetHints":{"allow":["GET"]}}],"collection":[{"href":"https:\/\/www.claret.cat\/es\/wp-json\/wp\/v2\/product"}],"about":[{"href":"https:\/\/www.claret.cat\/es\/wp-json\/wp\/v2\/types\/product"}],"wp:featuredmedia":[{"embeddable":true,"href":"https:\/\/www.claret.cat\/es\/wp-json\/wp\/v2\/media\/429620"}],"wp:attachment":[{"href":"https:\/\/www.claret.cat\/es\/wp-json\/wp\/v2\/media?parent=429619"}],"wp:term":[{"taxonomy":"product_brand","embeddable":true,"href":"https:\/\/www.claret.cat\/es\/wp-json\/wp\/v2\/product_brand?post=429619"},{"taxonomy":"product_cat","embeddable":true,"href":"https:\/\/www.claret.cat\/es\/wp-json\/wp\/v2\/product_cat?post=429619"},{"taxonomy":"product_tag","embeddable":true,"href":"https:\/\/www.claret.cat\/es\/wp-json\/wp\/v2\/product_tag?post=429619"}],"curies":[{"name":"wp","href":"https:\/\/api.w.org\/{rel}","templated":true}]}}