{"id":429622,"date":"2023-05-16T10:03:11","date_gmt":"2023-05-16T08:03:11","guid":{"rendered":"https:\/\/www.claret.cat\/llibre\/el-juego-de-ripper-9788466333153\/"},"modified":"2023-12-21T19:20:20","modified_gmt":"2023-12-21T18:20:20","slug":"el-juego-de-ripper-9788466333153","status":"publish","type":"product","link":"https:\/\/www.claret.cat\/es\/libro\/el-juego-de-ripper-9788466333153\/","title":{"rendered":"EL JUEGO DE RIPPER"},"content":{"rendered":"<p>Tal como predijo la astr\u00f3loga m\u00e1s reputada de San Francisco, una oleada de cr\u00edmenes comienza a sacudir la ciudad. En la investigaci\u00f3n sobre los asesinatos, el inspector Bob Mart\u00edn recibir\u00e1 la ayuda inesperada de un grupo de internautas especializados en juegos de rol, Ripper. \u00ab&#8217;Mi madre todav\u00eda est\u00e1 viva, pero la matar\u00e1n el Viernes Santo a medianoche&#8217;, le advirti\u00f3 Amanda Mart\u00edn al inspector jefe y \u00e9ste no lo puso en duda, porque la chica hab\u00eda dado pruebas de saber m\u00e1s que \u00e9l y todos sus colegas del Departamento de Homicidios. La mujer estaba cautiva en alg\u00fan punto de los dieciocho mil kil\u00f3metros cuadrados de la bah\u00eda de San Francisco, ten\u00edan pocas horas para encontrarla con vida y \u00e9l no sab\u00eda por d\u00f3nde empezar a buscarla.\u00bbLa cr\u00edtica ha dicho&#8230;<br \/>\u00abLos fieles seguidores de la literatura de Isabel Allende no se sentir\u00e1n defraudados con El juego de Ripper y los amantes del g\u00e9nero negro descubrir\u00e1n a una escritora que juguetea en ese territorio.\u00bb<br \/>Aurora Intxausti, Cultura, El Pa\u00eds<\/p>\n","protected":false},"excerpt":{"rendered":"<p>ALLENDE, ISABEL<\/p>\n","protected":false},"featured_media":429623,"template":"","meta":{"_acf_changed":false,"om_disable_all_campaigns":false,"rs_blank_template":"","rs_page_bg_color":"","slide_template_v7":"","inline_featured_image":false,"_monsterinsights_skip_tracking":false,"_monsterinsights_sitenote_active":false,"_monsterinsights_sitenote_note":"","_monsterinsights_sitenote_category":0},"product_brand":[],"product_cat":[127,357],"product_tag":[],"class_list":{"0":"post-429622","1":"product","2":"type-product","3":"status-publish","4":"has-post-thumbnail","6":"product_cat-novella-contemporania","7":"product_cat-novela-contemporanea","9":"first","10":"instock","11":"taxable","12":"shipping-taxable","13":"purchasable","14":"product-type-simple"},"acf":{"autor":"ALLENDE, ISABEL","codart":"846633315","libros-coleccion":"BEST SELLER","ediciones":"1","encuadernacion":"R\u00fastica","fecha_de_publicacion":"01\/05\/2016","novedad":"1","paginas":"477","subtitulo":"","orden":"0","portada":"0","idioma":"spa","editorial":[{"ID":6178,"post_author":"3","post_date":"2022-07-28 17:46:34","post_date_gmt":"2022-07-28 15:46:34","post_content":"","post_title":"DEBOLSILLO","post_excerpt":"","post_status":"publish","comment_status":"closed","ping_status":"closed","post_password":"","post_name":"debolsillo","to_ping":"","pinged":"","post_modified":"2022-07-28 17:46:34","post_modified_gmt":"2022-07-28 15:46:34","post_content_filtered":"","post_parent":0,"guid":"http:\/\/dev.claret.cat\/editorial\/debolsillo\/","menu_order":0,"post_type":"editorial","post_mime_type":"","comment_count":"0","filter":"raw"}],"autores-libros":[{"ID":158046,"post_author":"3","post_date":"2022-10-14 15:33:43","post_date_gmt":"2022-10-14 13:33:43","post_content":"","post_title":"ISABEL ALLENDE","post_excerpt":"","post_status":"publish","comment_status":"closed","ping_status":"closed","post_password":"","post_name":"isabel-allende","to_ping":"","pinged":"","post_modified":"2022-10-14 15:33:43","post_modified_gmt":"2022-10-14 13:33:43","post_content_filtered":"","post_parent":0,"guid":"http:\/\/dev.claret.cat\/autor\/isabel-allende\/","menu_order":0,"post_type":"autor","post_mime_type":"","comment_count":"0","filter":"raw"}]},"aioseo_notices":[],"_links":{"self":[{"href":"https:\/\/www.claret.cat\/es\/wp-json\/wp\/v2\/product\/429622","targetHints":{"allow":["GET"]}}],"collection":[{"href":"https:\/\/www.claret.cat\/es\/wp-json\/wp\/v2\/product"}],"about":[{"href":"https:\/\/www.claret.cat\/es\/wp-json\/wp\/v2\/types\/product"}],"wp:featuredmedia":[{"embeddable":true,"href":"https:\/\/www.claret.cat\/es\/wp-json\/wp\/v2\/media\/429623"}],"wp:attachment":[{"href":"https:\/\/www.claret.cat\/es\/wp-json\/wp\/v2\/media?parent=429622"}],"wp:term":[{"taxonomy":"product_brand","embeddable":true,"href":"https:\/\/www.claret.cat\/es\/wp-json\/wp\/v2\/product_brand?post=429622"},{"taxonomy":"product_cat","embeddable":true,"href":"https:\/\/www.claret.cat\/es\/wp-json\/wp\/v2\/product_cat?post=429622"},{"taxonomy":"product_tag","embeddable":true,"href":"https:\/\/www.claret.cat\/es\/wp-json\/wp\/v2\/product_tag?post=429622"}],"curies":[{"name":"wp","href":"https:\/\/api.w.org\/{rel}","templated":true}]}}