{"id":429631,"date":"2023-05-16T10:03:45","date_gmt":"2023-05-16T08:03:45","guid":{"rendered":"https:\/\/www.claret.cat\/llibre\/momo-edicion-ilustrada-coleccion-alfaguara-clasicos-9788419507266\/"},"modified":"2026-04-07T16:21:49","modified_gmt":"2026-04-07T14:21:49","slug":"momo-edicion-ilustrada-coleccion-alfaguara-clasicos-9788419507266","status":"publish","type":"product","link":"https:\/\/www.claret.cat\/es\/libro\/momo-edicion-ilustrada-coleccion-alfaguara-clasicos-9788419507266\/","title":{"rendered":"MOMO (EDICI\u00d3N ILUSTRADA) (COLECCI\u00d3N ALFAGUARA CL\u00c1SICOS)"},"content":{"rendered":"<p>Porque el tiempo es vida, y la vida reside en el coraz\u00f3n. Edici\u00f3n 50\u00ba aniversario ilustrada por Ayesha L. Rubio Momo es una ni\u00f1a muy especial que posee la maravillosa cualidad de hacer sentir bien a todo aquel que la escucha. Pero la llegada de los hombres grises, que pretenden apoderarse del tiempo de las personas, va a cambiar su vida. Ella ser\u00e1 la \u00fanica en no dejarse enga\u00f1ar por ellos y, con la ayuda de la tortuga Casiopea y del Maestro Hora, emprender\u00e1 una aventura fant\u00e1stica contra estos ladrones de tiempo.<\/p>\n","protected":false},"excerpt":{"rendered":"<p>ENDE, MICHAEL<\/p>\n","protected":false},"featured_media":1095133,"template":"","meta":{"_acf_changed":false,"om_disable_all_campaigns":false,"rs_blank_template":"","rs_page_bg_color":"","slide_template_v7":"","inline_featured_image":false,"_monsterinsights_skip_tracking":false,"_monsterinsights_sitenote_active":false,"_monsterinsights_sitenote_note":"","_monsterinsights_sitenote_category":0},"product_brand":[],"product_cat":[133,566,117,363],"product_tag":[],"class_list":{"0":"post-429631","1":"product","2":"type-product","3":"status-publish","4":"has-post-thumbnail","6":"product_cat-lectures-per-adolescents-12-18-anys","7":"product_cat-juvenil-3_infantil-juvenil-spa-spa","8":"product_cat-juvenil","9":"product_cat-lecturas-por-adolescentes-12-18-anos","11":"first","12":"instock","13":"taxable","14":"shipping-taxable","15":"purchasable","16":"product-type-simple"},"acf":{"autor":"ENDE, MICHAEL","codart":"841950726","libros-coleccion":"Alfaguara Cl\u00e1sicos","ediciones":"1","encuadernacion":"Carton\u00e9","fecha_de_publicacion":"01\/05\/2023","novedad":"0","paginas":"316","subtitulo":"","orden":"0","portada":"0","idioma":"spa","editorial":[{"ID":6118,"post_author":"3","post_date":"2022-07-28 17:45:17","post_date_gmt":"2022-07-28 15:45:17","post_content":"","post_title":"ALFAGUARA","post_excerpt":"","post_status":"publish","comment_status":"closed","ping_status":"closed","post_password":"","post_name":"alfaguara","to_ping":"","pinged":"","post_modified":"2022-07-28 17:45:17","post_modified_gmt":"2022-07-28 15:45:17","post_content_filtered":"","post_parent":0,"guid":"http:\/\/dev.claret.cat\/editorial\/alfaguara\/","menu_order":0,"post_type":"editorial","post_mime_type":"","comment_count":"0","filter":"raw"}],"autores-libros":[{"ID":164795,"post_author":"3","post_date":"2022-10-14 17:49:57","post_date_gmt":"2022-10-14 15:49:57","post_content":"","post_title":"MICHAEL ENDE","post_excerpt":"","post_status":"publish","comment_status":"closed","ping_status":"closed","post_password":"","post_name":"michael-ende","to_ping":"","pinged":"","post_modified":"2022-10-14 17:49:57","post_modified_gmt":"2022-10-14 15:49:57","post_content_filtered":"","post_parent":0,"guid":"http:\/\/dev.claret.cat\/autor\/michael-ende\/","menu_order":0,"post_type":"autor","post_mime_type":"","comment_count":"0","filter":"raw"}],"booktrailer":"","resenas":""},"aioseo_notices":[],"_links":{"self":[{"href":"https:\/\/www.claret.cat\/es\/wp-json\/wp\/v2\/product\/429631","targetHints":{"allow":["GET"]}}],"collection":[{"href":"https:\/\/www.claret.cat\/es\/wp-json\/wp\/v2\/product"}],"about":[{"href":"https:\/\/www.claret.cat\/es\/wp-json\/wp\/v2\/types\/product"}],"wp:featuredmedia":[{"embeddable":true,"href":"https:\/\/www.claret.cat\/es\/wp-json\/wp\/v2\/media\/1095133"}],"wp:attachment":[{"href":"https:\/\/www.claret.cat\/es\/wp-json\/wp\/v2\/media?parent=429631"}],"wp:term":[{"taxonomy":"product_brand","embeddable":true,"href":"https:\/\/www.claret.cat\/es\/wp-json\/wp\/v2\/product_brand?post=429631"},{"taxonomy":"product_cat","embeddable":true,"href":"https:\/\/www.claret.cat\/es\/wp-json\/wp\/v2\/product_cat?post=429631"},{"taxonomy":"product_tag","embeddable":true,"href":"https:\/\/www.claret.cat\/es\/wp-json\/wp\/v2\/product_tag?post=429631"}],"curies":[{"name":"wp","href":"https:\/\/api.w.org\/{rel}","templated":true}]}}