{"id":429656,"date":"2023-05-16T10:05:46","date_gmt":"2023-05-16T08:05:46","guid":{"rendered":"https:\/\/www.claret.cat\/llibre\/david-y-goliat-minipuzzle-en-caja-metalica-9780511920226\/"},"modified":"2024-05-03T10:50:19","modified_gmt":"2024-05-03T08:50:19","slug":"david-y-goliat-minipuzzle-en-caja-metalica-9780511920226","status":"publish","type":"product","link":"https:\/\/www.claret.cat\/es\/libro\/david-y-goliat-minipuzzle-en-caja-metalica-9780511920226\/","title":{"rendered":"DAVID Y GOLIAT. MINIPUZZLE EN CAJA MET\u00c1LICA"},"content":{"rendered":"<p>Estos puzzles basados en las ilustraciones de la Biblia para todos los ni\u00f1os divertir\u00e1n a los m\u00e1s peque\u00f1os de la casa con Historias b\u00edblicas. Vienen dentro de una caja de metal de gran calidad.<\/p>\n<p>Dimensiones:125&#215;180 mm<\/p>\n<p>Piezas: 24<\/p>\n<p>Packaging: Caja de metal.<\/p>\n","protected":false},"excerpt":{"rendered":"<p>LUCIANO&#8217;S GIFTS<\/p>\n","protected":false},"featured_media":963368,"template":"","meta":{"_acf_changed":false,"om_disable_all_campaigns":false,"rs_blank_template":"","rs_page_bg_color":"","slide_template_v7":"","inline_featured_image":false,"_monsterinsights_skip_tracking":false,"_monsterinsights_sitenote_active":false,"_monsterinsights_sitenote_note":"","_monsterinsights_sitenote_category":0},"product_brand":[],"product_cat":[478,219,230,391],"product_tag":[],"class_list":{"0":"post-429656","1":"product","2":"type-product","3":"status-publish","4":"has-post-thumbnail","6":"product_cat-infantil-catequesis-1_espiritualidad","7":"product_cat-infantil-catequesi","8":"product_cat-jocs-cancons-i-dances","9":"product_cat-juegos-canciones-y-danzas","11":"first","12":"outofstock","13":"taxable","14":"shipping-taxable","15":"purchasable","16":"product-type-simple"},"acf":{"autor":"LUCIANO'S GIFTS","codart":"051192022","libros-coleccion":"","ediciones":"1","encuadernacion":"R\u00fastica","fecha_de_publicacion":"15\/05\/2023","novedad":"0","paginas":"1","subtitulo":"","orden":"0","portada":"0","idioma":"spa","editorial":[{"ID":8255,"post_author":"3","post_date":"2022-09-30 09:21:31","post_date_gmt":"2022-09-30 07:21:31","post_content":"","post_title":"LUCIANO'S GIFTS","post_excerpt":"","post_status":"publish","comment_status":"closed","ping_status":"closed","post_password":"","post_name":"lucianos-gifts-3","to_ping":"","pinged":"","post_modified":"2022-09-30 09:21:31","post_modified_gmt":"2022-09-30 07:21:31","post_content_filtered":"","post_parent":0,"guid":"http:\/\/dev.claret.cat\/editorial\/lucianos-gifts-3\/","menu_order":0,"post_type":"editorial","post_mime_type":"","comment_count":"0","filter":"raw"}],"autores-libros":[{"ID":5747,"post_author":"3","post_date":"2022-07-28 17:30:36","post_date_gmt":"2022-07-28 15:30:36","post_content":"","post_title":"LUCIANO\u00b4S GIFTS","post_excerpt":"","post_status":"publish","comment_status":"closed","ping_status":"closed","post_password":"","post_name":"lucianos-gifts","to_ping":"","pinged":"","post_modified":"2022-07-28 17:30:36","post_modified_gmt":"2022-07-28 15:30:36","post_content_filtered":"","post_parent":0,"guid":"http:\/\/dev.claret.cat\/autor\/lucianos-gifts\/","menu_order":0,"post_type":"autor","post_mime_type":"","comment_count":"0","filter":"raw"}]},"aioseo_notices":[],"_links":{"self":[{"href":"https:\/\/www.claret.cat\/es\/wp-json\/wp\/v2\/product\/429656","targetHints":{"allow":["GET"]}}],"collection":[{"href":"https:\/\/www.claret.cat\/es\/wp-json\/wp\/v2\/product"}],"about":[{"href":"https:\/\/www.claret.cat\/es\/wp-json\/wp\/v2\/types\/product"}],"wp:featuredmedia":[{"embeddable":true,"href":"https:\/\/www.claret.cat\/es\/wp-json\/wp\/v2\/media\/963368"}],"wp:attachment":[{"href":"https:\/\/www.claret.cat\/es\/wp-json\/wp\/v2\/media?parent=429656"}],"wp:term":[{"taxonomy":"product_brand","embeddable":true,"href":"https:\/\/www.claret.cat\/es\/wp-json\/wp\/v2\/product_brand?post=429656"},{"taxonomy":"product_cat","embeddable":true,"href":"https:\/\/www.claret.cat\/es\/wp-json\/wp\/v2\/product_cat?post=429656"},{"taxonomy":"product_tag","embeddable":true,"href":"https:\/\/www.claret.cat\/es\/wp-json\/wp\/v2\/product_tag?post=429656"}],"curies":[{"name":"wp","href":"https:\/\/api.w.org\/{rel}","templated":true}]}}