{"id":429678,"date":"2023-05-16T12:00:03","date_gmt":"2023-05-16T10:00:03","guid":{"rendered":"https:\/\/www.claret.cat\/llibre\/mill-el-grill-9788491019619\/"},"modified":"2023-10-11T02:45:00","modified_gmt":"2023-10-11T00:45:00","slug":"mill-el-grill-9788491019619","status":"publish","type":"product","link":"https:\/\/www.claret.cat\/es\/libro\/mill-el-grill-9788491019619\/","title":{"rendered":"MILL EL GRILL"},"content":{"rendered":"<p>Aquesta \u00e9s la hist\u00f2ria d&#8217;un grill compositor, una llavor i una can\u00e7\u00f3. Mill el grill vol compondre una can\u00e7\u00f3, per\u00f2 ha perdut la inspiraci\u00f3 i sempre fa la mateixa tonada: un cric-cric repetitiu. \u00c9s per aix\u00f2 que decideix fer d&#8217;aquest cric-cric una llavor i, per fer-la cr\u00e9ixer, demana als altres animals que l&#8217;ajudin. I, a poc a poc, amb la gallina, el gos i el ruc, p\u00e0gina a p\u00e0gina, la llavor esdev\u00e9 can\u00e7\u00f3!<\/p>\n","protected":false},"excerpt":{"rendered":"<p>GARCIA MOLSOSA, ORIOL<\/p>\n","protected":false},"featured_media":429679,"template":"","meta":{"_acf_changed":false,"om_disable_all_campaigns":false,"rs_blank_template":"","rs_page_bg_color":"","slide_template_v7":"","inline_featured_image":false,"_monsterinsights_skip_tracking":false,"_monsterinsights_sitenote_active":false,"_monsterinsights_sitenote_note":"","_monsterinsights_sitenote_category":0},"product_brand":[],"product_cat":[131,361],"product_tag":[],"class_list":{"0":"post-429678","1":"product","2":"type-product","3":"status-publish","4":"has-post-thumbnail","6":"product_cat-contes-per-infants-0-6-anys","7":"product_cat-cuentos-para-ninos-0-6-anos","9":"first","10":"instock","11":"taxable","12":"shipping-taxable","13":"purchasable","14":"product-type-simple"},"acf":{"autor":"GARCIA MOLSOSA, ORIOL","codart":"849101961","libros-coleccion":"","ediciones":"1","encuadernacion":"Carton\u00e9","fecha_de_publicacion":"01\/02\/2023","novedad":"1","paginas":"10","subtitulo":"","orden":"0","portada":"0","idioma":"cat","editorial":[{"ID":147650,"post_author":"3","post_date":"2022-10-14 11:52:12","post_date_gmt":"2022-10-14 09:52:12","post_content":"","post_title":"COMBEL EDITORIL","post_excerpt":"","post_status":"publish","comment_status":"closed","ping_status":"closed","post_password":"","post_name":"combel-editoril","to_ping":"","pinged":"","post_modified":"2022-10-14 11:52:12","post_modified_gmt":"2022-10-14 09:52:12","post_content_filtered":"","post_parent":0,"guid":"http:\/\/dev.claret.cat\/editorial\/combel-editoril\/","menu_order":0,"post_type":"editorial","post_mime_type":"","comment_count":"0","filter":"raw"}],"autores-libros":[{"ID":166247,"post_author":"3","post_date":"2022-10-14 18:01:37","post_date_gmt":"2022-10-14 16:01:37","post_content":"","post_title":"ORIOL GARCIA MOLSOSA","post_excerpt":"","post_status":"publish","comment_status":"closed","ping_status":"closed","post_password":"","post_name":"oriol-garcia-molsosa","to_ping":"","pinged":"","post_modified":"2022-10-14 18:01:37","post_modified_gmt":"2022-10-14 16:01:37","post_content_filtered":"","post_parent":0,"guid":"http:\/\/dev.claret.cat\/autor\/oriol-garcia-molsosa\/","menu_order":0,"post_type":"autor","post_mime_type":"","comment_count":"0","filter":"raw"}]},"aioseo_notices":[],"_links":{"self":[{"href":"https:\/\/www.claret.cat\/es\/wp-json\/wp\/v2\/product\/429678","targetHints":{"allow":["GET"]}}],"collection":[{"href":"https:\/\/www.claret.cat\/es\/wp-json\/wp\/v2\/product"}],"about":[{"href":"https:\/\/www.claret.cat\/es\/wp-json\/wp\/v2\/types\/product"}],"wp:featuredmedia":[{"embeddable":true,"href":"https:\/\/www.claret.cat\/es\/wp-json\/wp\/v2\/media\/429679"}],"wp:attachment":[{"href":"https:\/\/www.claret.cat\/es\/wp-json\/wp\/v2\/media?parent=429678"}],"wp:term":[{"taxonomy":"product_brand","embeddable":true,"href":"https:\/\/www.claret.cat\/es\/wp-json\/wp\/v2\/product_brand?post=429678"},{"taxonomy":"product_cat","embeddable":true,"href":"https:\/\/www.claret.cat\/es\/wp-json\/wp\/v2\/product_cat?post=429678"},{"taxonomy":"product_tag","embeddable":true,"href":"https:\/\/www.claret.cat\/es\/wp-json\/wp\/v2\/product_tag?post=429678"}],"curies":[{"name":"wp","href":"https:\/\/api.w.org\/{rel}","templated":true}]}}