{"id":429681,"date":"2023-05-16T12:00:14","date_gmt":"2023-05-16T10:00:14","guid":{"rendered":"https:\/\/www.claret.cat\/llibre\/milo-el-grillo-9788491019626\/"},"modified":"2023-10-11T02:44:58","modified_gmt":"2023-10-11T00:44:58","slug":"milo-el-grillo-9788491019626","status":"publish","type":"product","link":"https:\/\/www.claret.cat\/es\/libro\/milo-el-grillo-9788491019626\/","title":{"rendered":"MILO EL GRILLO"},"content":{"rendered":"<p>Esta es la historia de un grillo compositor, una semilla y una canci\u00f3n. Milo el grillo quiere componer una nueva canci\u00f3n, pero ha perdido la inspiraci\u00f3n y siempre canta la misma: su cri-cri repetido. Es por ello por lo que decide hacer de este cri-cri una semilla y, para hacerla crecer, pide a los dem\u00e1s animales que le ayuden. Y, poco a poco, con la gallina, el perro y el asno, p\u00e1gina a p\u00e1gina, \u00a1la semilla se convierte en canci\u00f3n!<\/p>\n","protected":false},"excerpt":{"rendered":"<p>GARCIA MOLSOSA, ORIOL<\/p>\n","protected":false},"featured_media":429682,"template":"","meta":{"_acf_changed":false,"om_disable_all_campaigns":false,"rs_blank_template":"","rs_page_bg_color":"","slide_template_v7":"","inline_featured_image":false,"_monsterinsights_skip_tracking":false,"_monsterinsights_sitenote_active":false,"_monsterinsights_sitenote_note":"","_monsterinsights_sitenote_category":0},"product_brand":[],"product_cat":[131,361],"product_tag":[],"class_list":{"0":"post-429681","1":"product","2":"type-product","3":"status-publish","4":"has-post-thumbnail","6":"product_cat-contes-per-infants-0-6-anys","7":"product_cat-cuentos-para-ninos-0-6-anos","9":"first","10":"instock","11":"taxable","12":"shipping-taxable","13":"purchasable","14":"product-type-simple"},"acf":{"autor":"GARCIA MOLSOSA, ORIOL","codart":"849101962","libros-coleccion":"","ediciones":"1","encuadernacion":"Carton\u00e9","fecha_de_publicacion":"01\/02\/2023","novedad":"1","paginas":"10","subtitulo":"","orden":"0","portada":"0","idioma":"spa","editorial":[{"ID":147650,"post_author":"3","post_date":"2022-10-14 11:52:12","post_date_gmt":"2022-10-14 09:52:12","post_content":"","post_title":"COMBEL EDITORIL","post_excerpt":"","post_status":"publish","comment_status":"closed","ping_status":"closed","post_password":"","post_name":"combel-editoril","to_ping":"","pinged":"","post_modified":"2022-10-14 11:52:12","post_modified_gmt":"2022-10-14 09:52:12","post_content_filtered":"","post_parent":0,"guid":"http:\/\/dev.claret.cat\/editorial\/combel-editoril\/","menu_order":0,"post_type":"editorial","post_mime_type":"","comment_count":"0","filter":"raw"}],"autores-libros":[{"ID":166247,"post_author":"3","post_date":"2022-10-14 18:01:37","post_date_gmt":"2022-10-14 16:01:37","post_content":"","post_title":"ORIOL GARCIA MOLSOSA","post_excerpt":"","post_status":"publish","comment_status":"closed","ping_status":"closed","post_password":"","post_name":"oriol-garcia-molsosa","to_ping":"","pinged":"","post_modified":"2022-10-14 18:01:37","post_modified_gmt":"2022-10-14 16:01:37","post_content_filtered":"","post_parent":0,"guid":"http:\/\/dev.claret.cat\/autor\/oriol-garcia-molsosa\/","menu_order":0,"post_type":"autor","post_mime_type":"","comment_count":"0","filter":"raw"}]},"aioseo_notices":[],"_links":{"self":[{"href":"https:\/\/www.claret.cat\/es\/wp-json\/wp\/v2\/product\/429681","targetHints":{"allow":["GET"]}}],"collection":[{"href":"https:\/\/www.claret.cat\/es\/wp-json\/wp\/v2\/product"}],"about":[{"href":"https:\/\/www.claret.cat\/es\/wp-json\/wp\/v2\/types\/product"}],"wp:featuredmedia":[{"embeddable":true,"href":"https:\/\/www.claret.cat\/es\/wp-json\/wp\/v2\/media\/429682"}],"wp:attachment":[{"href":"https:\/\/www.claret.cat\/es\/wp-json\/wp\/v2\/media?parent=429681"}],"wp:term":[{"taxonomy":"product_brand","embeddable":true,"href":"https:\/\/www.claret.cat\/es\/wp-json\/wp\/v2\/product_brand?post=429681"},{"taxonomy":"product_cat","embeddable":true,"href":"https:\/\/www.claret.cat\/es\/wp-json\/wp\/v2\/product_cat?post=429681"},{"taxonomy":"product_tag","embeddable":true,"href":"https:\/\/www.claret.cat\/es\/wp-json\/wp\/v2\/product_tag?post=429681"}],"curies":[{"name":"wp","href":"https:\/\/api.w.org\/{rel}","templated":true}]}}