{"id":429691,"date":"2023-05-16T12:45:36","date_gmt":"2023-05-16T10:45:36","guid":{"rendered":"https:\/\/www.claret.cat\/llibre\/la-alegria-9788419240101\/"},"modified":"2024-05-17T15:20:25","modified_gmt":"2024-05-17T13:20:25","slug":"la-alegria-9788419240101","status":"publish","type":"product","link":"https:\/\/www.claret.cat\/es\/libro\/la-alegria-9788419240101\/","title":{"rendered":"LA ALEGR\u00cdA"},"content":{"rendered":"<p>\u201cLa alegr\u00eda\u201d del Papa Francisco es el nuevo libro que Romana presenta con Libreria Editrice Vaticana (L.E.V.), con las palabras del Papa Francisco sobre de la alegr\u00eda, en su magisterio.<br \/>\nEn las 224 p\u00e1ginas de este volumen se desgrana la importancia y el valor de la alegr\u00eda en el pensamiento del Papa Francisco, signo distintivo del cristiano, que es \u00abel carn\u00e9 de identidad del cristiano es la alegr\u00eda, la alegr\u00eda del Evangelio, la alegr\u00eda de haber sido elegidos por Jes\u00fas, salvados por Jes\u00fas, reengendrados por Jes\u00fas; la alegr\u00eda de esa esperanza de que Jes\u00fas nos espera. Y tambi\u00e9n en las cruces y en los sufrimientos de esta vida el cristiano vive esa alegr\u00eda, expres\u00e1ndola de otra forma, o sea con la \u00abpaz\u00bb que viene de la \u00abseguridad que Jes\u00fas nos acompa\u00f1a, est\u00e1 con nosotros\u00bb.<br \/>\nEl cristiano, en efecto, ve \u00abcrecer esta alegr\u00eda con la confianza en Dios\u00bb. \u00c9l sabe bien que \u00abDios lo recuerda, que Dios lo ama, que Dios lo acompa\u00f1a, que Dios lo espera. Y esta es la alegr\u00eda\u00bb.<br \/>\nEl Papa nos habla de este argumento a trav\u00e9s del conjunto de reflexiones, citas y discursos, as\u00ed como de la catequesis en las Audiencias generales de los mi\u00e9rcoles y en los textos magisteriales como las exhortaciones apost\u00f3licas Evangelii gaudium, Amoris laetitia, y Gaudete et esultate, en las que la alegr\u00eda est\u00e1 presente desde el t\u00edtulo. La obra se estructura partir de tres conceptos: \u201cser\u201d, la alegr\u00eda en las relaciones, \u201ccompartir\u201d, la alegr\u00eda en el compromiso y la amistad social, \u201ctestimoniar\u201d, vivir seg\u00fan el estilo de Dios.<br \/>\nEn particular, el Papa destaca c\u00f3mo la alegr\u00eda es de verdad la \u00abvirtud del cristiano\u00bb. Un cristiano, indic\u00f3, \u00abes un hombre y una mujer con alegr\u00eda en el coraz\u00f3n\u00bb. Es m\u00e1s: \u00abNo existe un cristiano sin alegr\u00eda\u00bb El cristiano, en efecto, ve \u00abcrecer esta alegr\u00eda con la confianza en Dios\u00bb. \u00c9l sabe bien que \u00abDios lo recuerda, que Dios lo ama, que Dios lo acompa\u00f1a, que Dios lo espera. Y esta es la alegr\u00eda\u00bb.<br \/>\nEn palabras de Francisco: \u00abRecordadlo bien: un cristiano es un hombre y una mujer de alegr\u00eda, de alegr\u00eda en el Se\u00f1or; un hombre y una mujer que se asombran\u00bb.<br \/>\nUna nueva obra con las palabras del Papa Francisco acerca de la ternura, en el 10\u00ba aniversario de Pontificado. El pr\u00f3logo es de Monse\u00f1or Dario Edoardo Vigan\u00f2, Vicecanciller de las Pontificias Academias de las Ciencias y de las Ciencias Sociales.<\/p>\n","protected":false},"excerpt":{"rendered":"<p>PAPA FRANCISCO<\/p>\n","protected":false},"featured_media":429692,"template":"","meta":{"_acf_changed":false,"om_disable_all_campaigns":false,"rs_blank_template":"","rs_page_bg_color":"","slide_template_v7":"","inline_featured_image":false,"_monsterinsights_skip_tracking":false,"_monsterinsights_sitenote_active":false,"_monsterinsights_sitenote_note":"","_monsterinsights_sitenote_category":0},"product_brand":[],"product_cat":[89,308,285,419,280,510],"product_tag":[],"class_list":{"0":"post-429691","1":"product","2":"type-product","3":"status-publish","4":"has-post-thumbnail","6":"product_cat-els-mes-venuts","7":"product_cat-castella","8":"product_cat-pastoral-teologia","9":"product_cat-pastoral-teologia-1_espiritualidad","10":"product_cat-patrologia","11":"product_cat-patrologia-teologia-1_espiritualidad","13":"first","14":"instock","15":"taxable","16":"shipping-taxable","17":"purchasable","18":"product-type-simple"},"acf":{"autor":"PAPA FRANCISCO","codart":"841924010","libros-coleccion":"","ediciones":"1","encuadernacion":"R\u00fastica","fecha_de_publicacion":"01\/04\/2023","novedad":"1","paginas":"222","subtitulo":"","orden":"1000","portada":"0","idioma":"spa","editorial":[{"ID":148758,"post_author":"3","post_date":"2022-10-14 12:00:45","post_date_gmt":"2022-10-14 10:00:45","post_content":"","post_title":"ROMANA","post_excerpt":"","post_status":"publish","comment_status":"closed","ping_status":"closed","post_password":"","post_name":"romana","to_ping":"","pinged":"","post_modified":"2022-10-14 12:00:45","post_modified_gmt":"2022-10-14 10:00:45","post_content_filtered":"","post_parent":0,"guid":"http:\/\/dev.claret.cat\/editorial\/romana\/","menu_order":0,"post_type":"editorial","post_mime_type":"","comment_count":"0","filter":"raw"}],"autores-libros":[{"ID":5919,"post_author":"3","post_date":"2022-07-28 17:34:18","post_date_gmt":"2022-07-28 15:34:18","post_content":"","post_title":"PAPA FRANCISCO","post_excerpt":"","post_status":"publish","comment_status":"closed","ping_status":"closed","post_password":"","post_name":"papa-francisco","to_ping":"","pinged":"","post_modified":"2022-07-28 17:34:18","post_modified_gmt":"2022-07-28 15:34:18","post_content_filtered":"","post_parent":0,"guid":"http:\/\/dev.claret.cat\/autor\/papa-francisco\/","menu_order":0,"post_type":"autor","post_mime_type":"","comment_count":"0","filter":"raw"}],"traductores-libros":"","ilustradores-libros":"","formato":"","linkebook":"","precioebook":"","ebookportada":false,"ficha":"","muestra":"","presentacion":"","booktrailer":"","resenas":"","recomendamos":"","mas_vendido":""},"aioseo_notices":[],"_links":{"self":[{"href":"https:\/\/www.claret.cat\/es\/wp-json\/wp\/v2\/product\/429691","targetHints":{"allow":["GET"]}}],"collection":[{"href":"https:\/\/www.claret.cat\/es\/wp-json\/wp\/v2\/product"}],"about":[{"href":"https:\/\/www.claret.cat\/es\/wp-json\/wp\/v2\/types\/product"}],"wp:featuredmedia":[{"embeddable":true,"href":"https:\/\/www.claret.cat\/es\/wp-json\/wp\/v2\/media\/429692"}],"wp:attachment":[{"href":"https:\/\/www.claret.cat\/es\/wp-json\/wp\/v2\/media?parent=429691"}],"wp:term":[{"taxonomy":"product_brand","embeddable":true,"href":"https:\/\/www.claret.cat\/es\/wp-json\/wp\/v2\/product_brand?post=429691"},{"taxonomy":"product_cat","embeddable":true,"href":"https:\/\/www.claret.cat\/es\/wp-json\/wp\/v2\/product_cat?post=429691"},{"taxonomy":"product_tag","embeddable":true,"href":"https:\/\/www.claret.cat\/es\/wp-json\/wp\/v2\/product_tag?post=429691"}],"curies":[{"name":"wp","href":"https:\/\/api.w.org\/{rel}","templated":true}]}}