{"id":429810,"date":"2023-05-16T13:55:33","date_gmt":"2023-05-16T11:55:33","guid":{"rendered":"https:\/\/www.claret.cat\/llibre\/la-biblioteca-darkham-9788419676153\/"},"modified":"2026-02-11T14:30:11","modified_gmt":"2026-02-11T13:30:11","slug":"la-biblioteca-darkham-vol-i-9788419676153","status":"publish","type":"product","link":"https:\/\/www.claret.cat\/es\/libro\/la-biblioteca-darkham-vol-i-9788419676153\/","title":{"rendered":"LA BIBLIOTECA D&#8217;ARKHAM VOL. I"},"content":{"rendered":"<p>Qui no ha sentit a parlar de Cthulhu, Nyarlathotep o l&#8217;infame Necronomicon? Lord Dunsany, Ambrose Bierce, R. W. Chambers, Arthur Machen o Algernon Blackwood van recollir l&#8221;ess\u00e8ncia de tots aquells terrors d&#8217;espant i van<br \/> contribuir a la seva popularitzaci\u00f3, per\u00f2 correspon a H. P. Lovecraft l&#8217;honor d&#8217;haver-ne estat l&#8217;inventor. Gr\u00e0cies a \u00abEls mites de Cthulhu\u00bb, la influ\u00e8ncia de Lovecraft en la literatura de terror dels \u00faltims cinquanta anys ha estat  ncommensurable, fins al punt que s&#8217;ha acabat convertint en un aut\u00e8ntic autor de culte.<br \/> Aquest primer volum, prologat i tradu\u00eft per Jordi Daus\u00e0, \u00e9s una selecci\u00f3 personal d&#8217;alguns dels millors relats dels Mites i una bona porta d&#8217;entrada als seus horrors c\u00f2smics.<\/p>\n","protected":false},"excerpt":{"rendered":"<p>LOVECRAFT, HOWARD PHILLIPS<\/p>\n","protected":false},"featured_media":1019244,"template":"","meta":{"_acf_changed":false,"om_disable_all_campaigns":false,"rs_blank_template":"","rs_page_bg_color":"","slide_template_v7":"","inline_featured_image":false,"_monsterinsights_skip_tracking":false,"_monsterinsights_sitenote_active":false,"_monsterinsights_sitenote_note":"","_monsterinsights_sitenote_category":0},"product_brand":[],"product_cat":[127,357],"product_tag":[],"class_list":{"0":"post-429810","1":"product","2":"type-product","3":"status-publish","4":"has-post-thumbnail","6":"product_cat-novella-contemporania","7":"product_cat-novela-contemporanea","9":"first","10":"instock","11":"taxable","12":"shipping-taxable","13":"purchasable","14":"product-type-simple"},"acf":{"autor":"LOVECRAFT, HOWARD PHILLIPS","codart":"841967615","libros-coleccion":"FORA DE COL.LECCI\u00d3","ediciones":"1","encuadernacion":"R\u00fastica","fecha_de_publicacion":"01\/04\/2023","novedad":"1","paginas":"192","subtitulo":"MITES DE CTHULHU VOL.1","orden":"0","portada":"0","idioma":"cat","editorial":[{"ID":6282,"post_author":"3","post_date":"2022-07-28 17:48:51","post_date_gmt":"2022-07-28 15:48:51","post_content":"","post_title":"Laertes editorial","post_excerpt":"","post_status":"publish","comment_status":"closed","ping_status":"closed","post_password":"","post_name":"laertes-editorial","to_ping":"","pinged":"","post_modified":"2022-07-28 17:48:51","post_modified_gmt":"2022-07-28 15:48:51","post_content_filtered":"","post_parent":0,"guid":"http:\/\/dev.claret.cat\/editorial\/laertes-editorial\/","menu_order":0,"post_type":"editorial","post_mime_type":"","comment_count":"0","filter":"raw"}],"autores-libros":[{"ID":157657,"post_author":"3","post_date":"2022-10-14 15:30:34","post_date_gmt":"2022-10-14 13:30:34","post_content":"","post_title":"HOWARD PHILLIPS LOVECRAFT","post_excerpt":"","post_status":"publish","comment_status":"closed","ping_status":"closed","post_password":"","post_name":"howard-phillips-lovecraft","to_ping":"","pinged":"","post_modified":"2022-10-14 15:30:34","post_modified_gmt":"2022-10-14 13:30:34","post_content_filtered":"","post_parent":0,"guid":"http:\/\/dev.claret.cat\/autor\/howard-phillips-lovecraft\/","menu_order":0,"post_type":"autor","post_mime_type":"","comment_count":"0","filter":"raw"}],"booktrailer":"","resenas":""},"aioseo_notices":[],"_links":{"self":[{"href":"https:\/\/www.claret.cat\/es\/wp-json\/wp\/v2\/product\/429810","targetHints":{"allow":["GET"]}}],"collection":[{"href":"https:\/\/www.claret.cat\/es\/wp-json\/wp\/v2\/product"}],"about":[{"href":"https:\/\/www.claret.cat\/es\/wp-json\/wp\/v2\/types\/product"}],"wp:featuredmedia":[{"embeddable":true,"href":"https:\/\/www.claret.cat\/es\/wp-json\/wp\/v2\/media\/1019244"}],"wp:attachment":[{"href":"https:\/\/www.claret.cat\/es\/wp-json\/wp\/v2\/media?parent=429810"}],"wp:term":[{"taxonomy":"product_brand","embeddable":true,"href":"https:\/\/www.claret.cat\/es\/wp-json\/wp\/v2\/product_brand?post=429810"},{"taxonomy":"product_cat","embeddable":true,"href":"https:\/\/www.claret.cat\/es\/wp-json\/wp\/v2\/product_cat?post=429810"},{"taxonomy":"product_tag","embeddable":true,"href":"https:\/\/www.claret.cat\/es\/wp-json\/wp\/v2\/product_tag?post=429810"}],"curies":[{"name":"wp","href":"https:\/\/api.w.org\/{rel}","templated":true}]}}