{"id":429873,"date":"2023-05-16T16:00:34","date_gmt":"2023-05-16T14:00:34","guid":{"rendered":"https:\/\/www.claret.cat\/llibre\/vencer-la-por-vida-de-gabriel-ferrater-9788419107640\/"},"modified":"2024-01-31T18:21:00","modified_gmt":"2024-01-31T17:21:00","slug":"vencer-la-por-vida-de-gabriel-ferrater-9788419107640","status":"publish","type":"product","link":"https:\/\/www.claret.cat\/es\/libro\/vencer-la-por-vida-de-gabriel-ferrater-9788419107640\/","title":{"rendered":"V\u00c8NCER LA POR. VIDA DE GABRIEL FERRATER"},"content":{"rendered":"<p>El retrat m\u00e9s complet de Gabriel Ferrater per Jordi Amat. <br \/> En tota la postguerra civil hi ha poques figures tan brillants i decisives com Gabriel Ferrater (1922-1972), i probablement \u00e9s una de les m\u00e9s mal conegudes. Poeta revolucionari, lector excel\u00b7lent, professor at\u00edpic i baula clau per a la reincorporaci\u00f3 del sistema literari catal\u00e0 a la modernitat, Ferrater ja era un mite per als que el van con\u00e8ixer, i es va convertir en una llegenda despr\u00e9s del seu su\u00efcidi anunciat.<br \/> Amb intel\u00b7lig\u00e8ncia l\u00facida i saviesa autodidacta, sedu\u00efa parlant de literatura, de pintura, de matem\u00e0tiques, de ling\u00fc\u00edstica i de tot all\u00f2 que realment li interess\u00e9s. I bevia per brillar, ja fos en les reunions amb els m\u00e9s prestigiosos editors europeus o en qualsevol bar amb estudiants o amb companys de tert\u00falia inesperats. Un cop a casa, a Reus, Barcelona, Hamburg o Sant Cugat, seguia llegint per allunyar una por que travessa la seva intimitat i la seva poesia, i que mirava de v\u00e8ncer a prop de les dones amb qui volia compartir la vida.<br \/> Escrita com un vibrant relat de no-ficci\u00f3, des de la veracitat i el rigor, i atenent als fets contrastats amb tota mena de documents i cartes, aquesta biografia de Jordi Amat va m\u00e9s enll\u00e0 del mite i ens redefineix les angoixes i els dies d&#8221;un personatge fascinadorament complex.<\/p>\n","protected":false},"excerpt":{"rendered":"<p>AMAT, JORDI<\/p>\n","protected":false},"featured_media":429874,"template":"","meta":{"_acf_changed":false,"om_disable_all_campaigns":false,"rs_blank_template":"","rs_page_bg_color":"","slide_template_v7":"","inline_featured_image":false,"_monsterinsights_skip_tracking":false,"_monsterinsights_sitenote_active":false,"_monsterinsights_sitenote_note":"","_monsterinsights_sitenote_category":0},"product_brand":[],"product_cat":[549,99],"product_tag":[],"class_list":{"0":"post-429873","1":"product","2":"type-product","3":"status-publish","4":"has-post-thumbnail","6":"product_cat-biografias","7":"product_cat-biografies","9":"first","10":"instock","11":"taxable","12":"shipping-taxable","13":"purchasable","14":"product-type-simple"},"acf":{"autor":"AMAT, JORDI","codart":"841910764","libros-coleccion":"LABUTXACA","ediciones":"1","encuadernacion":"R\u00fastica","fecha_de_publicacion":"01\/05\/2023","novedad":"1","paginas":"383","subtitulo":"","orden":"0","portada":"0","idioma":"cat","editorial":[{"ID":6281,"post_author":"3","post_date":"2022-07-28 17:48:50","post_date_gmt":"2022-07-28 15:48:50","post_content":"","post_title":"LABUTXACA","post_excerpt":"","post_status":"publish","comment_status":"closed","ping_status":"closed","post_password":"","post_name":"labutxaca","to_ping":"","pinged":"","post_modified":"2022-07-28 17:48:50","post_modified_gmt":"2022-07-28 15:48:50","post_content_filtered":"","post_parent":0,"guid":"http:\/\/dev.claret.cat\/editorial\/labutxaca\/","menu_order":0,"post_type":"editorial","post_mime_type":"","comment_count":"0","filter":"raw"}],"autores-libros":[{"ID":159813,"post_author":"3","post_date":"2022-10-14 15:47:56","post_date_gmt":"2022-10-14 13:47:56","post_content":"","post_title":"JORDI AMAT","post_excerpt":"","post_status":"publish","comment_status":"closed","ping_status":"closed","post_password":"","post_name":"jordi-amat","to_ping":"","pinged":"","post_modified":"2022-10-14 15:47:56","post_modified_gmt":"2022-10-14 13:47:56","post_content_filtered":"","post_parent":0,"guid":"http:\/\/dev.claret.cat\/autor\/jordi-amat\/","menu_order":0,"post_type":"autor","post_mime_type":"","comment_count":"0","filter":"raw"}]},"aioseo_notices":[],"_links":{"self":[{"href":"https:\/\/www.claret.cat\/es\/wp-json\/wp\/v2\/product\/429873","targetHints":{"allow":["GET"]}}],"collection":[{"href":"https:\/\/www.claret.cat\/es\/wp-json\/wp\/v2\/product"}],"about":[{"href":"https:\/\/www.claret.cat\/es\/wp-json\/wp\/v2\/types\/product"}],"wp:featuredmedia":[{"embeddable":true,"href":"https:\/\/www.claret.cat\/es\/wp-json\/wp\/v2\/media\/429874"}],"wp:attachment":[{"href":"https:\/\/www.claret.cat\/es\/wp-json\/wp\/v2\/media?parent=429873"}],"wp:term":[{"taxonomy":"product_brand","embeddable":true,"href":"https:\/\/www.claret.cat\/es\/wp-json\/wp\/v2\/product_brand?post=429873"},{"taxonomy":"product_cat","embeddable":true,"href":"https:\/\/www.claret.cat\/es\/wp-json\/wp\/v2\/product_cat?post=429873"},{"taxonomy":"product_tag","embeddable":true,"href":"https:\/\/www.claret.cat\/es\/wp-json\/wp\/v2\/product_tag?post=429873"}],"curies":[{"name":"wp","href":"https:\/\/api.w.org\/{rel}","templated":true}]}}