{"id":429889,"date":"2023-05-16T16:15:14","date_gmt":"2023-05-16T14:15:14","guid":{"rendered":"https:\/\/www.claret.cat\/llibre\/mi-diario-de-verano-2023-9788419172976\/"},"modified":"2023-10-11T02:42:51","modified_gmt":"2023-10-11T00:42:51","slug":"mi-diario-de-verano-2023-9788419172976","status":"publish","type":"product","link":"https:\/\/www.claret.cat\/es\/libro\/mi-diario-de-verano-2023-9788419172976\/","title":{"rendered":"MI DIARIO DE VERANO 2023"},"content":{"rendered":"<p>Este diario est\u00e1 pensado para que las ni\u00f1as y los ni\u00f1os puedan escribir de una forma creativa qu\u00e9 les sucede durante cada d\u00eda de sus vacaciones.<\/p>\n<p> Se divertir\u00e1n escribiendo, ejercitar\u00e1n la memoria, har\u00e1n volar su imaginaci\u00f3n. Y tendr\u00e1n un recuerdo para toda la vida.<\/p>\n<p> ESTE LIBRO INCLUYE:<\/p>\n<p> \u00b7 Un diario para que cada d\u00eda de tu verano apuntes lo que te ha pasado.<\/p>\n<p> \u00b7 Trucos y consejos para imaginar un verano 10.<\/p>\n<p> \u00b7 D\u00edas especiales con ejercicios de escritura creativa.<\/p>\n<p> \u00b7 Pasatiempos divertid\u00edsimos.<\/p>\n<p> \u00b7 Listas de planes, ideas, libros, videojuegos, canciones&#8230;<\/p>\n<p> \u00b7 Rankings de los mejores momentos de tu verano.<\/p>\n<p> \u00b7 Test de animales.<\/p>\n","protected":false},"excerpt":{"rendered":"<p>EL HEMATOCR\u00cdTICO<\/p>\n","protected":false},"featured_media":429890,"template":"","meta":{"_acf_changed":false,"om_disable_all_campaigns":false,"rs_blank_template":"","rs_page_bg_color":"","slide_template_v7":"","inline_featured_image":false,"_monsterinsights_skip_tracking":false,"_monsterinsights_sitenote_active":false,"_monsterinsights_sitenote_note":"","_monsterinsights_sitenote_category":0},"product_brand":[],"product_cat":[90,540],"product_tag":[],"class_list":{"0":"post-429889","1":"product","2":"type-product","3":"status-publish","4":"has-post-thumbnail","6":"product_cat-altres","7":"product_cat-otros","9":"first","10":"instock","11":"taxable","12":"shipping-taxable","13":"purchasable","14":"product-type-simple"},"acf":{"autor":"EL HEMATOCR\u00cdTICO","codart":"841917297","libros-coleccion":"BLACKIE BOOKS","ediciones":"1","encuadernacion":"R\u00fastica","fecha_de_publicacion":"01\/05\/2023","novedad":"1","paginas":"176","subtitulo":"ESCRIBE TUS VACACIONES PARA HACERLAS INOLVIDABLES","orden":"0","portada":"0","idioma":"spa","editorial":[{"ID":6146,"post_author":"3","post_date":"2022-07-28 17:45:52","post_date_gmt":"2022-07-28 15:45:52","post_content":"","post_title":"Blackie Books","post_excerpt":"","post_status":"publish","comment_status":"closed","ping_status":"closed","post_password":"","post_name":"blackie-books","to_ping":"","pinged":"","post_modified":"2022-07-28 17:45:52","post_modified_gmt":"2022-07-28 15:45:52","post_content_filtered":"","post_parent":0,"guid":"http:\/\/dev.claret.cat\/editorial\/blackie-books\/","menu_order":0,"post_type":"editorial","post_mime_type":"","comment_count":"0","filter":"raw"}],"autores-libros":[{"ID":154677,"post_author":"3","post_date":"2022-10-14 15:06:44","post_date_gmt":"2022-10-14 13:06:44","post_content":"","post_title":"EL HEMATOCR\u00cdTICO","post_excerpt":"","post_status":"publish","comment_status":"closed","ping_status":"closed","post_password":"","post_name":"el-hematocritico","to_ping":"","pinged":"","post_modified":"2022-10-14 15:06:44","post_modified_gmt":"2022-10-14 13:06:44","post_content_filtered":"","post_parent":0,"guid":"http:\/\/dev.claret.cat\/autor\/el-hematocritico\/","menu_order":0,"post_type":"autor","post_mime_type":"","comment_count":"0","filter":"raw"}]},"aioseo_notices":[],"_links":{"self":[{"href":"https:\/\/www.claret.cat\/es\/wp-json\/wp\/v2\/product\/429889","targetHints":{"allow":["GET"]}}],"collection":[{"href":"https:\/\/www.claret.cat\/es\/wp-json\/wp\/v2\/product"}],"about":[{"href":"https:\/\/www.claret.cat\/es\/wp-json\/wp\/v2\/types\/product"}],"wp:featuredmedia":[{"embeddable":true,"href":"https:\/\/www.claret.cat\/es\/wp-json\/wp\/v2\/media\/429890"}],"wp:attachment":[{"href":"https:\/\/www.claret.cat\/es\/wp-json\/wp\/v2\/media?parent=429889"}],"wp:term":[{"taxonomy":"product_brand","embeddable":true,"href":"https:\/\/www.claret.cat\/es\/wp-json\/wp\/v2\/product_brand?post=429889"},{"taxonomy":"product_cat","embeddable":true,"href":"https:\/\/www.claret.cat\/es\/wp-json\/wp\/v2\/product_cat?post=429889"},{"taxonomy":"product_tag","embeddable":true,"href":"https:\/\/www.claret.cat\/es\/wp-json\/wp\/v2\/product_tag?post=429889"}],"curies":[{"name":"wp","href":"https:\/\/api.w.org\/{rel}","templated":true}]}}