{"id":429892,"date":"2023-05-16T16:15:24","date_gmt":"2023-05-16T14:15:24","guid":{"rendered":"https:\/\/www.claret.cat\/llibre\/el-meu-diari-destiu-2023-9788419172983\/"},"modified":"2025-07-03T17:14:25","modified_gmt":"2025-07-03T15:14:25","slug":"el-meu-diari-destiu-2023-9788419172983","status":"publish","type":"product","link":"https:\/\/www.claret.cat\/es\/libro\/el-meu-diari-destiu-2023-9788419172983\/","title":{"rendered":"EL MEU DIARI D&#8217;ESTIU 2023"},"content":{"rendered":"<p>Aquest diari est\u00e0 pensat perqu\u00e8 les nenes i els nens puguin escriure d&#8221;una manera creativa qu\u00e8 els passa durant cada dia de les seves vacances.<\/p>\n<p> Es divertiran escrivint, exercitaran la mem\u00f2ria, faran volar la imaginaci\u00f3 i tindran un record per a tota la vida.<\/p>\n<p> AQUEST DIARI INCLOU\u2026<\/p>\n<p> \u2022 Un diari perqu\u00e8 cada dia de l&#8221;estiu hi apuntis el que t&#8221;ha passat.<\/p>\n<p> \u2022 Trucs i consells per imaginar un estiu de 10.<\/p>\n<p> \u2022 Dies especials amb exercicis d&#8221;escriptura creativa.<\/p>\n<p> \u2022 Passatemps divertid\u00edssims.<\/p>\n<p> \u2022 Llistes de plans, idees, llibres, videojocs, can\u00e7ons\u2026<\/p>\n<p> \u2022 R\u00e0nquings dels millors moments de l&#8221;estiu.<\/p>\n<p> \u2022 Tests d&#8221;animals.<\/p>\n","protected":false},"excerpt":{"rendered":"<p>EL HEMATOCR\u00cdTICO<\/p>\n","protected":false},"featured_media":429893,"template":"","meta":{"_acf_changed":false,"om_disable_all_campaigns":false,"rs_blank_template":"","rs_page_bg_color":"","slide_template_v7":"","inline_featured_image":false,"_monsterinsights_skip_tracking":false,"_monsterinsights_sitenote_active":false,"_monsterinsights_sitenote_note":"","_monsterinsights_sitenote_category":0},"product_brand":[],"product_cat":[90,540],"product_tag":[],"class_list":{"0":"post-429892","1":"product","2":"type-product","3":"status-publish","4":"has-post-thumbnail","6":"product_cat-altres","7":"product_cat-otros","9":"first","10":"instock","11":"taxable","12":"shipping-taxable","13":"purchasable","14":"product-type-simple"},"acf":{"autor":"EL HEMATOCR\u00cdTICO","codart":"841917298","libros-coleccion":"","ediciones":"1","encuadernacion":"R\u00fastica","fecha_de_publicacion":"01\/05\/2023","novedad":"1","paginas":"176","subtitulo":"ESCRIU LES TEVES VACANCES PER FER-LES INOBLIDABLES","orden":"0","portada":"0","idioma":"cat","editorial":[{"ID":6146,"post_author":"3","post_date":"2022-07-28 17:45:52","post_date_gmt":"2022-07-28 15:45:52","post_content":"","post_title":"Blackie Books","post_excerpt":"","post_status":"publish","comment_status":"closed","ping_status":"closed","post_password":"","post_name":"blackie-books","to_ping":"","pinged":"","post_modified":"2022-07-28 17:45:52","post_modified_gmt":"2022-07-28 15:45:52","post_content_filtered":"","post_parent":0,"guid":"http:\/\/dev.claret.cat\/editorial\/blackie-books\/","menu_order":0,"post_type":"editorial","post_mime_type":"","comment_count":"0","filter":"raw"}],"autores-libros":[{"ID":154677,"post_author":"3","post_date":"2022-10-14 15:06:44","post_date_gmt":"2022-10-14 13:06:44","post_content":"","post_title":"EL HEMATOCR\u00cdTICO","post_excerpt":"","post_status":"publish","comment_status":"closed","ping_status":"closed","post_password":"","post_name":"el-hematocritico","to_ping":"","pinged":"","post_modified":"2022-10-14 15:06:44","post_modified_gmt":"2022-10-14 13:06:44","post_content_filtered":"","post_parent":0,"guid":"http:\/\/dev.claret.cat\/autor\/el-hematocritico\/","menu_order":0,"post_type":"autor","post_mime_type":"","comment_count":"0","filter":"raw"}],"booktrailer":"","resenas":""},"aioseo_notices":[],"_links":{"self":[{"href":"https:\/\/www.claret.cat\/es\/wp-json\/wp\/v2\/product\/429892","targetHints":{"allow":["GET"]}}],"collection":[{"href":"https:\/\/www.claret.cat\/es\/wp-json\/wp\/v2\/product"}],"about":[{"href":"https:\/\/www.claret.cat\/es\/wp-json\/wp\/v2\/types\/product"}],"wp:featuredmedia":[{"embeddable":true,"href":"https:\/\/www.claret.cat\/es\/wp-json\/wp\/v2\/media\/429893"}],"wp:attachment":[{"href":"https:\/\/www.claret.cat\/es\/wp-json\/wp\/v2\/media?parent=429892"}],"wp:term":[{"taxonomy":"product_brand","embeddable":true,"href":"https:\/\/www.claret.cat\/es\/wp-json\/wp\/v2\/product_brand?post=429892"},{"taxonomy":"product_cat","embeddable":true,"href":"https:\/\/www.claret.cat\/es\/wp-json\/wp\/v2\/product_cat?post=429892"},{"taxonomy":"product_tag","embeddable":true,"href":"https:\/\/www.claret.cat\/es\/wp-json\/wp\/v2\/product_tag?post=429892"}],"curies":[{"name":"wp","href":"https:\/\/api.w.org\/{rel}","templated":true}]}}