{"id":429903,"date":"2023-05-16T16:30:02","date_gmt":"2023-05-16T14:30:02","guid":{"rendered":"https:\/\/www.claret.cat\/llibre\/astrologia-lleugera-9788419523075\/"},"modified":"2023-10-11T02:42:36","modified_gmt":"2023-10-11T00:42:36","slug":"astrologia-lleugera-9788419523075","status":"publish","type":"product","link":"https:\/\/www.claret.cat\/es\/libro\/astrologia-lleugera-9788419523075\/","title":{"rendered":"ASTROLOGIA LLEUGERA"},"content":{"rendered":"<p>Sabies que Melania Trump \u00e9s Taure, el signe m\u00e9s resistent de tots? I que Boris Johnson \u00e9s Bessons, el xerraire del zod\u00edac?<\/p>\n<p> A Astrologia lleugera coneixer\u00e0s molts altres personatges m\u00e9s o menys famosos les accions i el dest\u00ed dels quals s&#8217;expliquen a partir del seu signe del zod\u00edac: el multimilionari Arthur Sackler (a l&#8217;origen de la crisi dels opiacis als EUA), la pionera de la psicoan\u00e0lisi Sabina Spielrein, el raper Flavor Flav, o Thomas Thwaites, el dissenyador birt\u00e0nic que ho va deixar tot per viure com una cabra als Alps. Podr\u00e0s analitzar l&#8221;espin\u00f3s problema de la compatibilitat amorosa entre els signes i tamb\u00e9 entendr\u00e0s per qu\u00e8 les mares aconsellen a les filles no dedicar-se a l&#8217;astrologia.<\/p>\n<p> Sempre divertida i ir\u00f2nica, Liv Str\u00f6mquist torna a fixar la seva mirada penetrant sobre els tics i les obsessions de la nostra societat a l&#8217;era del capitalisme avan\u00e7at, sense oblidar mai de posar el dit a la nafra. Una lectura que far\u00e0 les del\u00edcies dels amants de l&#8221;astrologia i tamb\u00e9 dels que l&#8217;odien.<\/p>\n","protected":false},"excerpt":{"rendered":"<p>STR\u00d6MQUIST, LIV<\/p>\n","protected":false},"featured_media":429904,"template":"","meta":{"_acf_changed":false,"om_disable_all_campaigns":false,"rs_blank_template":"","rs_page_bg_color":"","slide_template_v7":"","inline_featured_image":false,"_monsterinsights_skip_tracking":false,"_monsterinsights_sitenote_active":false,"_monsterinsights_sitenote_note":"","_monsterinsights_sitenote_category":0},"product_brand":[],"product_cat":[558,108],"product_tag":[],"class_list":{"0":"post-429903","1":"product","2":"type-product","3":"status-publish","4":"has-post-thumbnail","6":"product_cat-comic-3_infantil-juvenil-spa-spa","7":"product_cat-comic","9":"first","10":"instock","11":"taxable","12":"shipping-taxable","13":"purchasable","14":"product-type-simple"},"acf":{"autor":"STR\u00d6MQUIST, LIV","codart":"841952307","libros-coleccion":"","ediciones":"1","encuadernacion":"R\u00fastica","fecha_de_publicacion":"01\/05\/2023","novedad":"1","paginas":"144","subtitulo":"","orden":"0","portada":"0","idioma":"spa","editorial":[{"ID":147976,"post_author":"3","post_date":"2022-10-14 11:54:41","post_date_gmt":"2022-10-14 09:54:41","post_content":"","post_title":"Editorial Finestres","post_excerpt":"","post_status":"publish","comment_status":"closed","ping_status":"closed","post_password":"","post_name":"editorial-finestres","to_ping":"","pinged":"","post_modified":"2022-10-14 11:54:41","post_modified_gmt":"2022-10-14 09:54:41","post_content_filtered":"","post_parent":0,"guid":"http:\/\/dev.claret.cat\/editorial\/editorial-finestres\/","menu_order":0,"post_type":"editorial","post_mime_type":"","comment_count":"0","filter":"raw"}],"autores-libros":[{"ID":429902,"post_author":"3","post_date":"2023-05-16 16:25:20","post_date_gmt":"2023-05-16 14:25:20","post_content":"","post_title":"LIV STR\u00d6MQUIST","post_excerpt":"","post_status":"publish","comment_status":"closed","ping_status":"closed","post_password":"","post_name":"liv-stromquist","to_ping":"","pinged":"","post_modified":"2023-05-16 16:25:20","post_modified_gmt":"2023-05-16 14:25:20","post_content_filtered":"","post_parent":0,"guid":"https:\/\/www.claret.cat\/autor\/liv-stromquist\/","menu_order":0,"post_type":"autor","post_mime_type":"","comment_count":"0","filter":"raw"}]},"aioseo_notices":[],"_links":{"self":[{"href":"https:\/\/www.claret.cat\/es\/wp-json\/wp\/v2\/product\/429903","targetHints":{"allow":["GET"]}}],"collection":[{"href":"https:\/\/www.claret.cat\/es\/wp-json\/wp\/v2\/product"}],"about":[{"href":"https:\/\/www.claret.cat\/es\/wp-json\/wp\/v2\/types\/product"}],"wp:featuredmedia":[{"embeddable":true,"href":"https:\/\/www.claret.cat\/es\/wp-json\/wp\/v2\/media\/429904"}],"wp:attachment":[{"href":"https:\/\/www.claret.cat\/es\/wp-json\/wp\/v2\/media?parent=429903"}],"wp:term":[{"taxonomy":"product_brand","embeddable":true,"href":"https:\/\/www.claret.cat\/es\/wp-json\/wp\/v2\/product_brand?post=429903"},{"taxonomy":"product_cat","embeddable":true,"href":"https:\/\/www.claret.cat\/es\/wp-json\/wp\/v2\/product_cat?post=429903"},{"taxonomy":"product_tag","embeddable":true,"href":"https:\/\/www.claret.cat\/es\/wp-json\/wp\/v2\/product_tag?post=429903"}],"curies":[{"name":"wp","href":"https:\/\/api.w.org\/{rel}","templated":true}]}}