{"id":429922,"date":"2023-05-16T16:35:03","date_gmt":"2023-05-16T14:35:03","guid":{"rendered":"https:\/\/www.claret.cat\/llibre\/croniques-de-palma-9788418858468\/"},"modified":"2023-10-11T02:42:19","modified_gmt":"2023-10-11T00:42:19","slug":"croniques-de-palma-9788418858468","status":"publish","type":"product","link":"https:\/\/www.claret.cat\/es\/libro\/croniques-de-palma-9788418858468\/","title":{"rendered":"CR\u00d2NIQUES DE PALMA"},"content":{"rendered":"<p>Cr\u00f2niques de Palma \u00e9s un mosaic d&#8217;hist\u00f2ries que ens ofereixen un recorregut per un segle de vida palmesana, des de l&#8217;inici de la Guerra Civil fins a l&#8217;inc\u00f2mode futur del 2036, quan un estrany Virus i un estrany Fenomen han deixat una ciutat en ru\u00efnes on el temps sembla plegar-se sobre si mateix i passat i present esborren les seves fronteres. Hi trobarem personatges m\u00e9s o menys coneguts, com en Lloren\u00e7, un aspirant a escriptor que veur\u00e0 com la postguerra li obre la porta a un \u00e8xit que amaga una inf\u00e0mia secreta i un amor perdut; o en Llu\u00eds Petrus, el primer campi\u00f3 de judo mallorqu\u00ed, ara en plena decad\u00e8ncia, que es veu embolicat en una t\u00e8rbola trama on no \u00e9s ell el m\u00e9s fracassat, o en Biel, mestre represaliat, que molts anys despr\u00e9s descobreix la vida paral\u00b7lela que hauria pogut tenir.<br \/> Entre l&#8217;autoficci\u00f3 i la cr\u00f2nica, barrejant personatges reals i circumst\u00e0ncies inventades, l&#8217;autor ens presenta una Palma sorgida de velles fotografies en blanc i negre, una ciutat ja desapareguda sota la uniformitat de les franqu\u00edcies que nom\u00e9s podem evocar en records imperfectes i ficcions nost\u00e0lgiques.<\/p>\n<p> Dami\u00e0 Alou (Palma, 1959) \u00e9s autor d&#8217;in extremis (10.000 Humans, amb il\u00b7lustracions de Llu\u00eds Juncosa, 1989); de les novel\u00b7les Una modesta aportaci\u00f3n a la historia del crimen (Anagrama, 1991) i \u00c0liens (Ed. 62, 2014); dels llibres de poemes De l&#8217;aiguamoll (Emboscall, 2004) i fantasmes (LaBreu, 2018), i de l&#8217;assaig El reverso de la cultura (Anaya, 2017). Ha tradu\u00eft Dickens, Hardy, Capote, Larkin i Joyce (entre molts altres) i \u00e9s professor a la Facultat de Traducci\u00f3 de la Universitat Pompeu Fabra. Tamb\u00e9 ha col\u00b7laborat als suplements de llibres de La Vanguardia, el Diari de Barcelona, El D\u00eda de Baleares i l&#8217;Ara.<\/p>\n","protected":false},"excerpt":{"rendered":"<p>ALOU, DAMI\u00c0<\/p>\n","protected":false},"featured_media":429923,"template":"","meta":{"_acf_changed":false,"om_disable_all_campaigns":false,"rs_blank_template":"","rs_page_bg_color":"","slide_template_v7":"","inline_featured_image":false,"_monsterinsights_skip_tracking":false,"_monsterinsights_sitenote_active":false,"_monsterinsights_sitenote_note":"","_monsterinsights_sitenote_category":0},"product_brand":[],"product_cat":[127,357],"product_tag":[],"class_list":{"0":"post-429922","1":"product","2":"type-product","3":"status-publish","4":"has-post-thumbnail","6":"product_cat-novella-contemporania","7":"product_cat-novela-contemporanea","9":"first","10":"instock","11":"taxable","12":"shipping-taxable","13":"purchasable","14":"product-type-simple"},"acf":{"autor":"ALOU, DAMI\u00c0","codart":"841885846","libros-coleccion":"Mirmanda","ediciones":"1","encuadernacion":"R\u00fastica","fecha_de_publicacion":"01\/04\/2023","novedad":"1","paginas":"219","subtitulo":"","orden":"0","portada":"0","idioma":"cat","editorial":[{"ID":6211,"post_author":"3","post_date":"2022-07-28 17:47:15","post_date_gmt":"2022-07-28 15:47:15","post_content":"","post_title":"EDICIONS DE 1984","post_excerpt":"","post_status":"publish","comment_status":"closed","ping_status":"closed","post_password":"","post_name":"edicions-de-1984","to_ping":"","pinged":"","post_modified":"2022-07-28 17:47:15","post_modified_gmt":"2022-07-28 15:47:15","post_content_filtered":"","post_parent":0,"guid":"http:\/\/dev.claret.cat\/editorial\/edicions-de-1984\/","menu_order":0,"post_type":"editorial","post_mime_type":"","comment_count":"0","filter":"raw"}],"autores-libros":[{"ID":429921,"post_author":"3","post_date":"2023-05-16 16:33:20","post_date_gmt":"2023-05-16 14:33:20","post_content":"","post_title":"DAMI\u00c0 ALOU","post_excerpt":"","post_status":"publish","comment_status":"closed","ping_status":"closed","post_password":"","post_name":"damia-alou","to_ping":"","pinged":"","post_modified":"2023-05-16 16:33:20","post_modified_gmt":"2023-05-16 14:33:20","post_content_filtered":"","post_parent":0,"guid":"https:\/\/www.claret.cat\/autor\/damia-alou\/","menu_order":0,"post_type":"autor","post_mime_type":"","comment_count":"0","filter":"raw"}]},"aioseo_notices":[],"_links":{"self":[{"href":"https:\/\/www.claret.cat\/es\/wp-json\/wp\/v2\/product\/429922","targetHints":{"allow":["GET"]}}],"collection":[{"href":"https:\/\/www.claret.cat\/es\/wp-json\/wp\/v2\/product"}],"about":[{"href":"https:\/\/www.claret.cat\/es\/wp-json\/wp\/v2\/types\/product"}],"wp:featuredmedia":[{"embeddable":true,"href":"https:\/\/www.claret.cat\/es\/wp-json\/wp\/v2\/media\/429923"}],"wp:attachment":[{"href":"https:\/\/www.claret.cat\/es\/wp-json\/wp\/v2\/media?parent=429922"}],"wp:term":[{"taxonomy":"product_brand","embeddable":true,"href":"https:\/\/www.claret.cat\/es\/wp-json\/wp\/v2\/product_brand?post=429922"},{"taxonomy":"product_cat","embeddable":true,"href":"https:\/\/www.claret.cat\/es\/wp-json\/wp\/v2\/product_cat?post=429922"},{"taxonomy":"product_tag","embeddable":true,"href":"https:\/\/www.claret.cat\/es\/wp-json\/wp\/v2\/product_tag?post=429922"}],"curies":[{"name":"wp","href":"https:\/\/api.w.org\/{rel}","templated":true}]}}