{"id":429940,"date":"2023-05-16T16:50:24","date_gmt":"2023-05-16T14:50:24","guid":{"rendered":"https:\/\/www.claret.cat\/llibre\/del-sentimiento-tragico-de-la-vida-9788418933905\/"},"modified":"2023-10-11T02:42:07","modified_gmt":"2023-10-11T00:42:07","slug":"del-sentimiento-tragico-de-la-vida-9788418933905","status":"publish","type":"product","link":"https:\/\/www.claret.cat\/es\/libro\/del-sentimiento-tragico-de-la-vida-9788418933905\/","title":{"rendered":"DEL SENTIMIENTO TR\u00c1GICO DE LA VIDA"},"content":{"rendered":"<p>Del sentimiento tr\u00e1gico de la vida es una de las obras cumbre de Miguel de Unamuno, quiz\u00e1 la de m\u00e1s calado filos\u00f3fico de cuantas escribi\u00f3. Publicada en 1913, desarrolla y analiza las opciones y respuestas existentes ante la tragedia mayor del ser humano: el miedo a la muerte. De aqu\u00ed surge, en su intento por aunar raz\u00f3n y fe, el concepto de querer creer y la idea final de vivir y escribir conforme a ella\u2026 aunque sea a costa de lanzarse al ruedo de la opini\u00f3n p\u00fablica cual Don Quijote moderno.<br \/> M\u00e1s de cien a\u00f1os despu\u00e9s de su publicaci\u00f3n, y a pesar de los avances cient\u00edficos y los sucesos hist\u00f3ricos, el mensaje de Unamuno contin\u00faa alimentando nuestra alma y respondiendo a nuestros mayores dilemas.<\/p>\n","protected":false},"excerpt":{"rendered":"<p>UNAMUNO, MIGUEL DE<\/p>\n","protected":false},"featured_media":429941,"template":"","meta":{"_acf_changed":false,"om_disable_all_campaigns":false,"rs_blank_template":"","rs_page_bg_color":"","slide_template_v7":"","inline_featured_image":false,"_monsterinsights_skip_tracking":false,"_monsterinsights_sitenote_active":false,"_monsterinsights_sitenote_note":"","_monsterinsights_sitenote_category":0},"product_brand":[],"product_cat":[90,540],"product_tag":[],"class_list":{"0":"post-429940","1":"product","2":"type-product","3":"status-publish","4":"has-post-thumbnail","6":"product_cat-altres","7":"product_cat-otros","9":"first","10":"instock","11":"taxable","12":"shipping-taxable","13":"purchasable","14":"product-type-simple"},"acf":{"autor":"UNAMUNO, MIGUEL DE","codart":"841893390","libros-coleccion":"FORA DE COL.LECCI\u00d3","ediciones":"1","encuadernacion":"Carton\u00e9","fecha_de_publicacion":"01\/05\/2023","novedad":"1","paginas":"347","subtitulo":"","orden":"0","portada":"1","idioma":"spa","editorial":[{"ID":147917,"post_author":"3","post_date":"2022-10-14 11:54:14","post_date_gmt":"2022-10-14 09:54:14","post_content":"","post_title":"EDITORIAL ALMA","post_excerpt":"","post_status":"publish","comment_status":"closed","ping_status":"closed","post_password":"","post_name":"editorial-alma","to_ping":"","pinged":"","post_modified":"2022-10-14 11:54:14","post_modified_gmt":"2022-10-14 09:54:14","post_content_filtered":"","post_parent":0,"guid":"http:\/\/dev.claret.cat\/editorial\/editorial-alma\/","menu_order":0,"post_type":"editorial","post_mime_type":"","comment_count":"0","filter":"raw"}],"autores-libros":[{"ID":164982,"post_author":"3","post_date":"2022-10-14 17:51:26","post_date_gmt":"2022-10-14 15:51:26","post_content":"","post_title":"MIGUEL DE UNAMUNO","post_excerpt":"","post_status":"publish","comment_status":"closed","ping_status":"closed","post_password":"","post_name":"miguel-de-unamuno","to_ping":"","pinged":"","post_modified":"2022-10-14 17:51:26","post_modified_gmt":"2022-10-14 15:51:26","post_content_filtered":"","post_parent":0,"guid":"http:\/\/dev.claret.cat\/autor\/miguel-de-unamuno\/","menu_order":0,"post_type":"autor","post_mime_type":"","comment_count":"0","filter":"raw"}]},"aioseo_notices":[],"_links":{"self":[{"href":"https:\/\/www.claret.cat\/es\/wp-json\/wp\/v2\/product\/429940","targetHints":{"allow":["GET"]}}],"collection":[{"href":"https:\/\/www.claret.cat\/es\/wp-json\/wp\/v2\/product"}],"about":[{"href":"https:\/\/www.claret.cat\/es\/wp-json\/wp\/v2\/types\/product"}],"wp:featuredmedia":[{"embeddable":true,"href":"https:\/\/www.claret.cat\/es\/wp-json\/wp\/v2\/media\/429941"}],"wp:attachment":[{"href":"https:\/\/www.claret.cat\/es\/wp-json\/wp\/v2\/media?parent=429940"}],"wp:term":[{"taxonomy":"product_brand","embeddable":true,"href":"https:\/\/www.claret.cat\/es\/wp-json\/wp\/v2\/product_brand?post=429940"},{"taxonomy":"product_cat","embeddable":true,"href":"https:\/\/www.claret.cat\/es\/wp-json\/wp\/v2\/product_cat?post=429940"},{"taxonomy":"product_tag","embeddable":true,"href":"https:\/\/www.claret.cat\/es\/wp-json\/wp\/v2\/product_tag?post=429940"}],"curies":[{"name":"wp","href":"https:\/\/api.w.org\/{rel}","templated":true}]}}