{"id":430028,"date":"2023-05-17T12:25:20","date_gmt":"2023-05-17T10:25:20","guid":{"rendered":"https:\/\/www.claret.cat\/llibre\/una-aventura-no-totalment-imprevisible-9788491912699\/"},"modified":"2025-03-07T16:06:46","modified_gmt":"2025-03-07T15:06:46","slug":"una-aventura-no-totalment-imprevisible-9788491912699","status":"publish","type":"product","link":"https:\/\/www.claret.cat\/es\/libro\/una-aventura-no-totalment-imprevisible-9788491912699\/","title":{"rendered":"UNA AVENTURA NO TOTALMENT IMPREVISIBLE"},"content":{"rendered":"<p>Aquest llibre \u00e9s un reflex de com l&#8217;autor ent\u00e9n la ci\u00e8ncia i la cultura; beu de la seva experi\u00e8ncia de mig segle com a professor universitari, investigador, gestor de revistes cient\u00edfiques i com a president de la primera instituci\u00f3 acad\u00e8mica del pa\u00eds, l&#8217;Institut d&#8217;Estudis Catalans. Hi tracta de l&#8217;ensenyament en general i el de la ci\u00e8ncia, la recerca cient\u00edfica, la divulgaci\u00f3 de la ci\u00e8ncia, la ci\u00e8ncia i la pol\u00edtica i la relaci\u00f3 entre la ci\u00e8ncia i la cultura. A trav\u00e9s d&#8217;aquestes p\u00e0gines, Joandom\u00e8nec Ros ens vol transmetre que la ci\u00e8ncia forma part de la cultura, i no considerar-ho aix\u00ed ens fa m\u00e9s pobres intel\u00b7lectualment. &#8221;La recerca [&#8230;] \u00e9s exploraci\u00f3, joc i reflexi\u00f3 alhora, aplicats a cada punt de l&#8217;ordit i de la trama. [&#8230;]  \u00c9s una aventura no totalment imprevisible, rara-ment gratu\u00efta i amb una positiva qualitat d&#8217;addicci\u00f3&#8221; (Ramon Margalef).<\/p>\n","protected":false},"excerpt":{"rendered":"<p>DOM\u00c8NEC ROS, JOAN<\/p>\n","protected":false},"featured_media":447005,"template":"","meta":{"_acf_changed":false,"om_disable_all_campaigns":false,"rs_blank_template":"","rs_page_bg_color":"","slide_template_v7":"","inline_featured_image":false,"_monsterinsights_skip_tracking":false,"_monsterinsights_sitenote_active":false,"_monsterinsights_sitenote_note":"","_monsterinsights_sitenote_category":0},"product_brand":[],"product_cat":[375,174,170,441,168,439],"product_tag":[],"class_list":{"0":"post-430028","1":"product","2":"type-product","3":"status-publish","4":"has-post-thumbnail","6":"product_cat-antropologia-filosofia-2_humanidades","7":"product_cat-antropologia","8":"product_cat-politica-i-social","9":"product_cat-politica-y-social","10":"product_cat-teoria-del-coneixement","11":"product_cat-teoria-del-conocimiento","13":"first","14":"instock","15":"taxable","16":"shipping-taxable","17":"purchasable","18":"product-type-simple"},"acf":{"autor":"DOM\u00c8NEC ROS, JOAN","codart":"849191269","libros-coleccion":"Biblioteca Serra d'Or","ediciones":"1","encuadernacion":"R\u00fastica","fecha_de_publicacion":"17\/05\/2023","novedad":"1","paginas":"337","subtitulo":"LA MEVA VISI\u00d3 DE LA CI\u00c8NCIA I LA CULTURA","orden":"0","portada":"0","idioma":"cat","editorial":[{"ID":8266,"post_author":"3","post_date":"2022-09-30 09:21:36","post_date_gmt":"2022-09-30 07:21:36","post_content":"","post_title":"PUBLICACIONS DE L'ABADIA DE MONTSERRAT","post_excerpt":"","post_status":"publish","comment_status":"closed","ping_status":"closed","post_password":"","post_name":"publicacions-de-labadia-de-montserrat-5","to_ping":"","pinged":"","post_modified":"2022-09-30 09:21:36","post_modified_gmt":"2022-09-30 07:21:36","post_content_filtered":"","post_parent":0,"guid":"http:\/\/dev.claret.cat\/editorial\/publicacions-de-labadia-de-montserrat-5\/","menu_order":0,"post_type":"editorial","post_mime_type":"","comment_count":"0","filter":"raw"}],"autores-libros":[{"ID":430035,"post_author":"3","post_date":"2023-05-17 12:40:02","post_date_gmt":"2023-05-17 10:40:02","post_content":"","post_title":"JOAN DOM\u00c8NEC ROS","post_excerpt":"","post_status":"publish","comment_status":"closed","ping_status":"closed","post_password":"","post_name":"joan-domenec-ros","to_ping":"","pinged":"","post_modified":"2023-05-17 12:40:02","post_modified_gmt":"2023-05-17 10:40:02","post_content_filtered":"","post_parent":0,"guid":"https:\/\/www.claret.cat\/autor\/joan-domenec-ros\/","menu_order":0,"post_type":"autor","post_mime_type":"","comment_count":"0","filter":"raw"}]},"aioseo_notices":[],"_links":{"self":[{"href":"https:\/\/www.claret.cat\/es\/wp-json\/wp\/v2\/product\/430028","targetHints":{"allow":["GET"]}}],"collection":[{"href":"https:\/\/www.claret.cat\/es\/wp-json\/wp\/v2\/product"}],"about":[{"href":"https:\/\/www.claret.cat\/es\/wp-json\/wp\/v2\/types\/product"}],"wp:featuredmedia":[{"embeddable":true,"href":"https:\/\/www.claret.cat\/es\/wp-json\/wp\/v2\/media\/447005"}],"wp:attachment":[{"href":"https:\/\/www.claret.cat\/es\/wp-json\/wp\/v2\/media?parent=430028"}],"wp:term":[{"taxonomy":"product_brand","embeddable":true,"href":"https:\/\/www.claret.cat\/es\/wp-json\/wp\/v2\/product_brand?post=430028"},{"taxonomy":"product_cat","embeddable":true,"href":"https:\/\/www.claret.cat\/es\/wp-json\/wp\/v2\/product_cat?post=430028"},{"taxonomy":"product_tag","embeddable":true,"href":"https:\/\/www.claret.cat\/es\/wp-json\/wp\/v2\/product_tag?post=430028"}],"curies":[{"name":"wp","href":"https:\/\/api.w.org\/{rel}","templated":true}]}}