{"id":430029,"date":"2023-05-17T12:25:35","date_gmt":"2023-05-17T10:25:35","guid":{"rendered":"https:\/\/www.claret.cat\/llibre\/les-cultures-de-les-abelles-9788491912651\/"},"modified":"2024-05-23T01:59:30","modified_gmt":"2024-05-22T23:59:30","slug":"les-cultures-de-les-abelles-9788491912651","status":"publish","type":"product","link":"https:\/\/www.claret.cat\/es\/libro\/les-cultures-de-les-abelles-9788491912651\/","title":{"rendered":"LES CULTURES DE LES ABELLES"},"content":{"rendered":"<p>L&#8221;apicultura tradicional ha comptat al nostre pa\u00eds amb un passat mil\u00b7lenari. Fins a l&#8221;arribada del segle XX, la producci\u00f3 de mel i cera va respondre a necessitats f\u00edsiques i culturals que varen ajudar a donar personalitat a aquesta pr\u00e0ctica.  El conreu de les abelles sempre ha estat un tipus de ramaderia especial, perqu\u00e8 la seva propietat \u00e9s molt dif\u00edcil d&#8221;individualitzar. D&#8221;aqu\u00ed que la seva explotaci\u00f3 -en forma de mel, de cera o d&#8221;altres productes menors- s&#8221;acompany\u00e9s d&#8221;altres mostres culturals diferents.  Les cultures de les abelles pret\u00e9n ser un compendi de tots aquests elements culturals, primer de tot des d&#8221;un punt de vista de l&#8221;explotaci\u00f3, per\u00f2 tamb\u00e9 des d&#8221;un punt de vista exclusivament cultural.<\/p>\n","protected":false},"excerpt":{"rendered":"<p>ROMA I CASANOVAS, FRANCESC<\/p>\n","protected":false},"featured_media":0,"template":"","meta":{"_acf_changed":false,"om_disable_all_campaigns":false,"rs_blank_template":"","rs_page_bg_color":"","slide_template_v7":"","inline_featured_image":false,"_monsterinsights_skip_tracking":false,"_monsterinsights_sitenote_active":false,"_monsterinsights_sitenote_note":"","_monsterinsights_sitenote_category":0},"product_brand":[],"product_cat":[90,554,104,540],"product_tag":[],"class_list":{"0":"post-430029","1":"product","2":"type-product","3":"status-publish","5":"product_cat-altres","6":"product_cat-ciencia-5_otras-spa","7":"product_cat-ciencia","8":"product_cat-otros","10":"first","11":"instock","12":"taxable","13":"shipping-taxable","14":"purchasable","15":"product-type-simple"},"acf":{"autor":"ROMA I CASANOVAS, FRANCESC","codart":"849191265","libros-coleccion":"Biblioteca de Cultura Popular Valeri Ser","ediciones":"1","encuadernacion":"R\u00fastica","fecha_de_publicacion":"17\/05\/2023","novedad":"1","paginas":"188","subtitulo":"L'APICULTURA TRADICIONAL A CATALUNYA","orden":"0","portada":"0","idioma":"cat","editorial":[{"ID":8266,"post_author":"3","post_date":"2022-09-30 09:21:36","post_date_gmt":"2022-09-30 07:21:36","post_content":"","post_title":"PUBLICACIONS DE L'ABADIA DE MONTSERRAT","post_excerpt":"","post_status":"publish","comment_status":"closed","ping_status":"closed","post_password":"","post_name":"publicacions-de-labadia-de-montserrat-5","to_ping":"","pinged":"","post_modified":"2022-09-30 09:21:36","post_modified_gmt":"2022-09-30 07:21:36","post_content_filtered":"","post_parent":0,"guid":"http:\/\/dev.claret.cat\/editorial\/publicacions-de-labadia-de-montserrat-5\/","menu_order":0,"post_type":"editorial","post_mime_type":"","comment_count":"0","filter":"raw"}],"autores-libros":[{"ID":156140,"post_author":"3","post_date":"2022-10-14 15:18:26","post_date_gmt":"2022-10-14 13:18:26","post_content":"","post_title":"FRANCESC ROMA I CASANOVAS","post_excerpt":"","post_status":"publish","comment_status":"closed","ping_status":"closed","post_password":"","post_name":"francesc-roma-i-casanovas","to_ping":"","pinged":"","post_modified":"2022-10-14 15:18:26","post_modified_gmt":"2022-10-14 13:18:26","post_content_filtered":"","post_parent":0,"guid":"http:\/\/dev.claret.cat\/autor\/francesc-roma-i-casanovas\/","menu_order":0,"post_type":"autor","post_mime_type":"","comment_count":"0","filter":"raw"}]},"aioseo_notices":[],"_links":{"self":[{"href":"https:\/\/www.claret.cat\/es\/wp-json\/wp\/v2\/product\/430029","targetHints":{"allow":["GET"]}}],"collection":[{"href":"https:\/\/www.claret.cat\/es\/wp-json\/wp\/v2\/product"}],"about":[{"href":"https:\/\/www.claret.cat\/es\/wp-json\/wp\/v2\/types\/product"}],"wp:attachment":[{"href":"https:\/\/www.claret.cat\/es\/wp-json\/wp\/v2\/media?parent=430029"}],"wp:term":[{"taxonomy":"product_brand","embeddable":true,"href":"https:\/\/www.claret.cat\/es\/wp-json\/wp\/v2\/product_brand?post=430029"},{"taxonomy":"product_cat","embeddable":true,"href":"https:\/\/www.claret.cat\/es\/wp-json\/wp\/v2\/product_cat?post=430029"},{"taxonomy":"product_tag","embeddable":true,"href":"https:\/\/www.claret.cat\/es\/wp-json\/wp\/v2\/product_tag?post=430029"}],"curies":[{"name":"wp","href":"https:\/\/api.w.org\/{rel}","templated":true}]}}